{"id":55852,"date":"2024-04-08T17:25:03","date_gmt":"2024-04-08T15:25:03","guid":{"rendered":"https:\/\/www.jatu.be\/?post_type=product&#038;p=55852"},"modified":"2026-03-09T09:55:04","modified_gmt":"2026-03-09T08:55:04","slug":"acheter-ice-grey-6-10","status":"publish","type":"product","link":"https:\/\/www.jatu.be\/fr\/produit\/acheter-ice-grey-6-10\/","title":{"rendered":"Ice Grey 6\/10"},"content":{"rendered":"","protected":false},"excerpt":{"rendered":"<h2>Achetez Ice Grey 6\/10 \u2013 \u00c9l\u00e9gant et fonctionnel pour votre jardin ou all\u00e9e<\/h2>\n<p>D\u00e9couvrez Ice Grey 6\/10, le m\u00e9lange parfait de style et de fonctionnalit\u00e9 pour votre <a href=\"https:\/\/www.jatu.be\/fr\/amenagement-de-jardin-realiserez-votre-reve\/\">jardin<\/a>, all\u00e9e ou <a href=\"https:\/\/www.jatu.be\/fr\/construction-terrasse-en-gravier-jatu-belgique\/\">terrasse<\/a>. Avec ses nuances fra\u00eeches de bleu clair et de gris, ce gravier \u00e9l\u00e9gant apporte une touche moderne \u00e0 tout espace ext\u00e9rieur. Que vous souhaitiez un look minimaliste ou que vous ayez un jardin plus traditionnel, Ice Grey 6\/10 s&rsquo;y int\u00e8gre parfaitement.<\/p>\n<p>Imaginez : une all\u00e9e \u00e9l\u00e9gante ou un chemin de jardin paisible, pav\u00e9 de ce magnifique gravier qui non seulement est esth\u00e9tique mais aussi durable et fonctionnel. Ice Grey 6\/10 est le choix id\u00e9al pour transformer votre espace ext\u00e9rieur.<\/p>\n<h3>Pourquoi choisir le gravier Ice Grey 6\/10?<\/h3>\n<ul>\n<li>\n<p><strong>Apparence unique :<\/strong> Les teintes bleu clair et gris d&rsquo;Ice Grey 6\/10 apportent un aspect frais et moderne \u00e0 votre jardin. Il se marie parfaitement avec des mat\u00e9riaux comme le bois et le b\u00e9ton et s&rsquo;harmonise bien avec les plantes et les fleurs.<\/p>\n<\/li>\n<li>\n<p><strong>Fonctionnel et robuste :<\/strong> Ce gravier offre non seulement un avantage visuel, mais il est aussi assez r\u00e9sistant pour les <a href=\"https:\/\/www.jatu.be\/fr\/project\/instruction-pour-une-allee-permeable\/\">all\u00e9es<\/a>. Vous pouvez y faire rouler des v\u00e9hicules sans que le gravier ne perde de sa qualit\u00e9.<\/p>\n<\/li>\n<li>\n<p><strong>Durable et facile \u00e0 entretenir :<\/strong> Le gravier Ice Grey 6\/10 conserve sa texture m\u00eame dans des conditions m\u00e9t\u00e9orologiques difficiles. Il n\u00e9cessite peu d&rsquo;entretien, ce qui permet \u00e0 votre jardin de rester toujours bien entretenu sans trop d&rsquo;efforts.<\/p>\n<\/li>\n<li>\n<p><strong>Respectueux de l&rsquo;environnement :<\/strong> Ce gravier est perm\u00e9able \u00e0 l&rsquo;eau et favorise un bon drainage, ce qui emp\u00eache la formation de flaques d&rsquo;eau. Id\u00e9al pour les zones pluvieuses. Il contribue \u00e9galement \u00e0 maintenir l&rsquo;\u00e9quilibre de l&rsquo;\u00e9cosyst\u00e8me de votre jardin.<\/p>\n<\/li>\n<\/ul>\n<h2>Applications d&rsquo;Ice Grey 6\/10<\/h2>\n<p>Le gravier Ice Grey est parfait pour divers projets de jardin. Utilisez-le pour cr\u00e9er un chemin paisible, renforcer votre all\u00e9e ou ajouter des bordures d\u00e9coratives \u00e0 votre jardin. Ce gravier donne \u00e0 tout espace ext\u00e9rieur une allure raffin\u00e9e et \u00e9l\u00e9gante.<\/p>\n<ul>\n<li><strong>All\u00e9es :<\/strong> Ce gravier est assez robuste pour supporter le passage des voitures, tout en restant \u00e9l\u00e9gant.<\/li>\n<li><strong>Chemins de jardin :<\/strong> Offrez \u00e0 votre jardin une atmosph\u00e8re sereine et apaisante en cr\u00e9ant des chemins avec Ice Grey.<\/li>\n<li><strong>Terrasses et bordures :<\/strong> Ice Grey est un bel ajout \u00e0 toute terrasse ou pour encadrer vos bordures de fa\u00e7on d\u00e9corative.<\/li>\n<\/ul>\n<h3>Quelle quantit\u00e9 de gravier est n\u00e9cessaire ?<\/h3>\n<p>Vous ne savez pas combien de gravier vous avez besoin ? Pas de souci, voici quelques directives :<\/p>\n<ul>\n<li>Pour <a href=\"https:\/\/www.jatu.be\/fr\/produit\/eccogravel-4-cm-blanc\/\">des stabilisateurs de 4 cm<\/a>, il vous faudra environ <strong>80 kg par m\u00b2<\/strong> pour une couche de gravier de 5 cm.<\/li>\n<li>Pour <a href=\"https:\/\/www.jatu.be\/fr\/produit\/eccogravel-3-cm-blanc\/\">des stabilisateurs de 3 cm<\/a>, utilisez environ <strong>65 kg par m\u00b2<\/strong> pour une couche de gravier de 4 cm.<\/li>\n<li>Pour <a href=\"https:\/\/www.jatu.be\/fr\/produit\/eccogravel-2-cm-blanc\/\">des stabilisateurs de 2 cm<\/a> : Environ <strong>50 kg par m\u00b2<\/strong> suffisent pour une couche de 3 cm.<\/li>\n<\/ul>\n<p>Utilisez notre <a href=\"https:\/\/www.jatu.be\/fr\/calculateur-de-gravier-calculer-quantite\/\">calculateur de gravier<\/a> pratique pour d\u00e9terminer pr\u00e9cis\u00e9ment combien de gravier vous aurez besoin pour votre projet. Ainsi, vous commanderez toujours la quantit\u00e9 exacte, sans gaspillage !<\/p>\n<h3>Conditionnements et fractions disponibles<\/h3>\n<p>Que vous ayez un petit ou un grand projet, Ice Grey est disponible en diff\u00e9rentes quantit\u00e9s :<\/p>\n<ul>\n<li><strong>Sac de 25 kg<\/strong> \u2013 id\u00e9al pour de petits projets comme des bordures.<\/li>\n<li><strong>Big bags de 500, 1000 ou 1500 kg<\/strong> \u2013 parfaits pour des surfaces moyennes \u00e0 grandes.<\/li>\n<li><strong>En vrac \u00e0 partir de 5 tonnes<\/strong> \u2013 pour des projets tr\u00e8s importants tels que les all\u00e9es ou de grands jardins.<\/li>\n<\/ul>\n<p><strong>Astuce :<\/strong> Commandez avantageusement \u00e0 partir de 0,5 tonne en vrac lors d\u2019un enl\u00e8vement !<\/p>\n<h2>Options de livraison<\/h2>\n<p>Chez Jatu, nous simplifions vos <a href=\"https:\/\/www.jatu.be\/fr\/specifications-de-livraison-jatu-rapide-efficace\/\">sp\u00e9cifications de livraison<\/a>. Commandez d\u00e8s maintenant votre Ice Grey et recevez-le dans les quatre jours ouvrables partout en Belgique. Vous avez une petite commande ou pr\u00e9f\u00e9rez retirer vous-m\u00eame ? C&rsquo;est possible \u00e0 partir de 25 kg dans nos <a href=\"https:\/\/www.jatu.be\/fr\/points-de-collecte\/\">points de retrait<\/a>.<\/p>\n<h3>Commandez maintenant et transformez votre jardin !<\/h3>\n<p>Pr\u00eat \u00e0 donner \u00e0 votre espace ext\u00e9rieur une allure fra\u00eeche et moderne ? Commandez d\u00e8s aujourd&rsquo;hui votre Ice Grey via Jatu.be et commencez imm\u00e9diatement \u00e0 transformer votre jardin. <a href=\"https:\/\/www.jatu.be\/fr\/contact\/\">Vous avez des questions<\/a> ou vous souhaitez des conseils sur la meilleure fa\u00e7on d&rsquo;utiliser ce gravier dans votre projet ? Notre \u00e9quipe d&rsquo;experts est pr\u00eate \u00e0 vous aider.<\/p>\n","protected":false},"featured_media":63175,"template":"","meta":{"_acf_changed":false,"inline_featured_image":false,"footnotes":""},"product_cat":[5415],"product_tag":[6992],"class_list":{"0":"post-55852","1":"product","2":"type-product","3":"status-publish","4":"has-post-thumbnail","6":"product_cat-gravier-decoratif-gravier-et-galets","7":"product_tag-reduction-cat-2","9":"first","10":"instock","11":"taxable","12":"shipping-taxable","13":"purchasable","14":"product-type-variable"},"acf":{"woocommerce_erp_id":"19489","woocommerce_cnk_id":"203488","product_density":1.6,"custom_prices":[{"variation_id":"55956","customer_group":"CON","customer_id":"","min_qty":1,"max_qty":9999999,"steps":1,"price":128.93,"price_incl":156,"delivery_group":"COLLECT"},{"variation_id":"55956","customer_group":"CON","customer_id":"","min_qty":1,"max_qty":9999999,"steps":1,"price":128.93,"price_incl":156,"delivery_group":"DELIVERY"},{"variation_id":"55958","customer_group":"CON","customer_id":"","min_qty":1,"max_qty":9999999,"steps":1,"price":87.6,"price_incl":106,"delivery_group":"COLLECT"},{"variation_id":"55958","customer_group":"CON","customer_id":"","min_qty":1,"max_qty":9999999,"steps":1,"price":87.6,"price_incl":106,"delivery_group":"DELIVERY"},{"variation_id":"55957","customer_group":"CON","customer_id":"","min_qty":1,"max_qty":9999999,"steps":1,"price":185.12,"price_incl":224,"delivery_group":"COLLECT"},{"variation_id":"55957","customer_group":"CON","customer_id":"","min_qty":1,"max_qty":9999999,"steps":1,"price":185.12,"price_incl":224,"delivery_group":"DELIVERY"},{"variation_id":"55854","customer_group":"CON","customer_id":"","min_qty":1,"max_qty":9999999,"steps":1,"price":4.96,"price_incl":6,"delivery_group":"COLLECT"},{"variation_id":"55854","customer_group":"CON","customer_id":"","min_qty":1,"max_qty":9999999,"steps":1,"price":4.96,"price_incl":6,"delivery_group":"DELIVERY"},{"variation_id":"55853","customer_group":"CON","customer_id":"","min_qty":0.5,"max_qty":9999999,"steps":0.1,"price":111.57,"price_incl":135,"delivery_group":"COLLECT"},{"variation_id":"55853","customer_group":"CON","customer_id":"","min_qty":5,"max_qty":9999999,"steps":0.1,"price":111.57,"price_incl":135,"delivery_group":"DELIVERY"}],"packaging_ids":[{"packaging_name":"En vrac (\u00e0 partir de tonnes)","packaging_id":"10","erp_id":"19489"},{"packaging_name":"Big bag 500 kg","packaging_id":"3","erp_id":"19490"},{"packaging_name":"Big bag 1000 kg","packaging_id":"2","erp_id":"19491"},{"packaging_name":"Big bag 1500 kg","packaging_id":"4","erp_id":"19492"},{"packaging_name":"Pi\u00e8ce","packaging_id":"7","erp_id":"19512"}],"c_lengte":"","c_breedte":"","c_hoogte":""},"_links":{"self":[{"href":"https:\/\/www.jatu.be\/fr\/wp-json\/wp\/v2\/product\/55852","targetHints":{"allow":["GET"]}}],"collection":[{"href":"https:\/\/www.jatu.be\/fr\/wp-json\/wp\/v2\/product"}],"about":[{"href":"https:\/\/www.jatu.be\/fr\/wp-json\/wp\/v2\/types\/product"}],"version-history":[{"count":8,"href":"https:\/\/www.jatu.be\/fr\/wp-json\/wp\/v2\/product\/55852\/revisions"}],"predecessor-version":[{"id":63294,"href":"https:\/\/www.jatu.be\/fr\/wp-json\/wp\/v2\/product\/55852\/revisions\/63294"}],"wp:featuredmedia":[{"embeddable":true,"href":"https:\/\/www.jatu.be\/fr\/wp-json\/wp\/v2\/media\/63175"}],"wp:attachment":[{"href":"https:\/\/www.jatu.be\/fr\/wp-json\/wp\/v2\/media?parent=55852"}],"wp:term":[{"taxonomy":"product_cat","embeddable":true,"href":"https:\/\/www.jatu.be\/fr\/wp-json\/wp\/v2\/product_cat?post=55852"},{"taxonomy":"product_tag","embeddable":true,"href":"https:\/\/www.jatu.be\/fr\/wp-json\/wp\/v2\/product_tag?post=55852"}],"curies":[{"name":"wp","href":"https:\/\/api.w.org\/{rel}","templated":true}]}}