{"id":55925,"date":"2024-04-11T11:36:26","date_gmt":"2024-04-11T09:36:26","guid":{"rendered":"https:\/\/www.jatu.be\/?post_type=product&#038;p=55925"},"modified":"2026-04-24T16:31:27","modified_gmt":"2026-04-24T14:31:27","slug":"bordure-de-jardin-corten-terralis-100-x-10-cm","status":"publish","type":"product","link":"https:\/\/www.jatu.be\/fr\/produit\/bordure-de-jardin-corten-terralis-100-x-10-cm\/","title":{"rendered":"Bordure de jardin Corten \u2013 Terralis 100 x 10 cm"},"content":{"rendered":"","protected":false},"excerpt":{"rendered":"<h2>Acheter une bordure de jardin en acier corten, hauteur 100mm<\/h2>\n<p>Le Terralis Corten est une bordure subtile en acier Corten. Cela donne \u00e0 cette bordure de jardin une finition rouille \u00e9l\u00e9gante, sans endommager la bordure. Achetez cette bordure de jardin en corten par pi\u00e8ce de 1m pour enl\u00e8vement ou livraison partout en Belgique.<\/p>\n<p>Terralis est disponible en trois hauteurs diff\u00e9rentes:<\/p>\n<ul>\n<li><a href=\"https:\/\/www.jatu.be\/fr\/produit\/bordure-de-jardin-corten-terralis\/\">100 x 6,5 cm<\/a><\/li>\n<li>100 x 10 cm<\/li>\n<li>100 x 15 cm<\/li>\n<\/ul>\n<p>Vous pouvez \u00e9galement acheter cette bordure de jardin \u00e9conomique en acier galvanis\u00e9. Cette finition de 10 cm de haut (hauteur de la bordure elle-m\u00eame sans piquet) convient \u00e0 tout projet de jardin. Elle permet de d\u00e9limiter proprement les bordures de jardin en les ancrant suffisamment profond\u00e9ment tout en restant visible. La bordure de jardin en acier corten id\u00e9ale pour un jardin n\u00e9cessitant peu d&rsquo;entretien avec une finition haute.<\/p>\n<p>Vous \u00eates \u00e0 la recherche d&rsquo;une bordure de jardin en acier Corten bon march\u00e9 ? Dans ce cas, le Terralis, d&rsquo;une hauteur de 6,5 cm, est tout indiqu\u00e9. Vous avez une plus grande surface \u00e0 couvrir ? Dans ce cas, les bordures Terralis de 15 cm sont ce qu&rsquo;il vous faut.<\/p>\n<h2>Bordures de jardin multifonctionnelles: droites, courbes et angles \u00e0 90<\/h2>\n<p>Le Terralis a \u00e9t\u00e9 con\u00e7u pour ajouter simplement et \u00e9l\u00e9gamment des bordures \u00e0 votre jardin. La longueur standard est de 1 m, mais elle peut \u00eatre transform\u00e9e en formes inclin\u00e9es ou en angles de 90\u00b0 (et plus encore).<\/p>\n<p>Gr\u00e2ce aux connecteurs situ\u00e9s aux extr\u00e9mit\u00e9s, ils peuvent facilement \u00eatre assembl\u00e9s pour former une bordure de jardin encore plus longue. Gr\u00e2ce aux piquets fix\u00e9s, vous pouvez les ancrer directement dans le sol.<\/p>\n<p>Vous \u00eates \u00e0 la recherche d&rsquo;une cl\u00f4ture de jardin \u00e9conomique, facile \u00e0 installer et polyvalente ? Le Terralis Galva ou l&rsquo;acier Corten sont faits pour vous ! Commandez-les en ligne d\u00e8s maintenant et faites-les livrer chez vous dans un d\u00e9lai maximum de quatre jours ouvrables.<\/p>\n","protected":false},"featured_media":55951,"template":"","meta":{"_acf_changed":false,"inline_featured_image":false,"footnotes":""},"product_cat":[5394,5383],"product_tag":[6990],"class_list":{"0":"post-55925","1":"product","2":"type-product","3":"status-publish","4":"has-post-thumbnail","6":"product_cat-acier-corten-bordures-de-jardin","7":"product_cat-bordures-de-jardin","8":"product_tag-reduction-cat-1","10":"first","11":"instock","12":"taxable","13":"shipping-taxable","14":"purchasable","15":"product-type-variable"},"acf":{"woocommerce_erp_id":"19365","woocommerce_cnk_id":"203364","product_density":0,"custom_prices":[{"variation_id":"55926","customer_group":"CON","customer_id":"","min_qty":1,"max_qty":9999999,"steps":1,"price":14.05,"price_incl":17,"delivery_group":"COLLECT"},{"variation_id":"55926","customer_group":"CON","customer_id":"","min_qty":1,"max_qty":9999999,"steps":1,"price":14.05,"price_incl":17,"delivery_group":"DELIVERY"}],"packaging_ids":[{"packaging_name":"Pi\u00e8ce","packaging_id":"7","erp_id":"19365"}],"c_lengte":"","c_breedte":"","c_hoogte":""},"_links":{"self":[{"href":"https:\/\/www.jatu.be\/fr\/wp-json\/wp\/v2\/product\/55925","targetHints":{"allow":["GET"]}}],"collection":[{"href":"https:\/\/www.jatu.be\/fr\/wp-json\/wp\/v2\/product"}],"about":[{"href":"https:\/\/www.jatu.be\/fr\/wp-json\/wp\/v2\/types\/product"}],"version-history":[{"count":8,"href":"https:\/\/www.jatu.be\/fr\/wp-json\/wp\/v2\/product\/55925\/revisions"}],"predecessor-version":[{"id":71846,"href":"https:\/\/www.jatu.be\/fr\/wp-json\/wp\/v2\/product\/55925\/revisions\/71846"}],"wp:featuredmedia":[{"embeddable":true,"href":"https:\/\/www.jatu.be\/fr\/wp-json\/wp\/v2\/media\/55951"}],"wp:attachment":[{"href":"https:\/\/www.jatu.be\/fr\/wp-json\/wp\/v2\/media?parent=55925"}],"wp:term":[{"taxonomy":"product_cat","embeddable":true,"href":"https:\/\/www.jatu.be\/fr\/wp-json\/wp\/v2\/product_cat?post=55925"},{"taxonomy":"product_tag","embeddable":true,"href":"https:\/\/www.jatu.be\/fr\/wp-json\/wp\/v2\/product_tag?post=55925"}],"curies":[{"name":"wp","href":"https:\/\/api.w.org\/{rel}","templated":true}]}}