{"id":55987,"date":"2024-04-11T15:12:55","date_gmt":"2024-04-11T13:12:55","guid":{"rendered":"https:\/\/www.jatu.be\/?post_type=product&#038;p=55987"},"modified":"2026-03-09T09:51:16","modified_gmt":"2026-03-09T08:51:16","slug":"bordure-de-jarding-galva-terralis-100-x-10-cm","status":"publish","type":"product","link":"https:\/\/www.jatu.be\/fr\/produit\/bordure-de-jarding-galva-terralis-100-x-10-cm\/","title":{"rendered":"Bordure de jarding Galva &#8211; Terralis 100 x 10 cm"},"content":{"rendered":"","protected":false},"excerpt":{"rendered":"<h2>Acheter des bordures de jardin en acier inoxydable, Terralis Galva 100mm<\/h2>\n<p>La Terralis Galva est une bordure subtile en acier galvanis\u00e9. Elle est donc r\u00e9sistante \u00e0 la rouille. Achetez cette cl\u00f4ture de jardin en galva par pi\u00e8ce de 1m pour enl\u00e8vement ou livraison partout en Belgique.<\/p>\n<p>Terralis est disponible en trois hauteurs diff\u00e9rentes:<\/p>\n<ul>\n<li><a href=\"https:\/\/www.jatu.be\/fr\/produit\/bordure-de-jardin-galva-terralis\/\">100 x 6,5 cm<\/a><\/li>\n<li>100 x 10 cm<\/li>\n<li><a href=\"https:\/\/www.jatu.be\/fr\/produit\/bordure-de-jardin-galva-terralis-100-x-15-cm\/\">100 x 15 cm<\/a><\/li>\n<\/ul>\n<p>Vous pouvez \u00e9galement acheter cette <a href=\"https:\/\/www.jatu.be\/fr\/produit\/bordure-de-jardin-corten-terralis-100-x-10-cm\/\">bordure de jardin \u00e9conomique en acier Corten<\/a>. Si vous pr\u00e9f\u00e9rez toujours un style de jardin moderne, le Terralis Galva est id\u00e9al pour votre projet de jardin. Cette bordure de jardin de 10 cm de haut (hauteur de la bordure elle-m\u00eame, sans piquet) est parfaite pour tout projet de jardin. Vous pouvez ancrer cette bordure suffisamment profond\u00e9ment pour s\u00e9parer les zones tout en veillant \u00e0 ce que la bordure Galva \u00e9l\u00e9gante soit visible et attire l&rsquo;attention dans votre jardin.<\/p>\n<p>Vous avez besoin de plus de hauteur pour votre bordure de jardin ? Dans ce cas, vous pouvez \u00e9galement opter pour le Terralis Galva d&rsquo;une hauteur de 15 cm. Vous \u00eates \u00e0 la recherche d&rsquo;une bordure de jardin bon march\u00e9 \u00e0 Galva ? Dans ce cas, vous pouvez \u00e9galement opter pour la finition soign\u00e9e du Terralis Galva de 6,5 cm.<\/p>\n<h2>Bordures de jardin multifonctionnelles : droites, courbes et angles \u00e0 90<\/h2>\n<p>Le Terralis a \u00e9t\u00e9 con\u00e7u pour ajouter simplement et \u00e9l\u00e9gamment des bordures \u00e0 votre jardin. La longueur standard est de 1 m, mais elle peut \u00eatre transform\u00e9e en formes inclin\u00e9es ou en angles de 90\u00b0 (et plus encore).<\/p>\n<p>Gr\u00e2ce aux connecteurs situ\u00e9s aux extr\u00e9mit\u00e9s, ils peuvent facilement \u00eatre assembl\u00e9s pour former une bordure de jardin encore plus longue. Gr\u00e2ce aux piquets fix\u00e9s, vous pouvez les ancrer directement dans le sol.<\/p>\n<p>Vous \u00eates \u00e0 la recherche d&rsquo;une cl\u00f4ture de jardin \u00e9conomique, facile \u00e0 installer et polyvalente ? Le Terralis Galva ou l&rsquo;acier Corten sont faits pour vous ! Commandez-les en ligne d\u00e8s maintenant et faites-les livrer chez vous dans un d\u00e9lai maximum de quatre jours ouvrables.<\/p>\n","protected":false},"featured_media":56006,"template":"","meta":{"_acf_changed":false,"inline_featured_image":false,"footnotes":""},"product_cat":[5398,5383],"product_tag":[6990],"class_list":{"0":"post-55987","1":"product","2":"type-product","3":"status-publish","4":"has-post-thumbnail","6":"product_cat-galvanisee-bordures-de-jardin","7":"product_cat-bordures-de-jardin","8":"product_tag-reduction-cat-1","10":"first","11":"instock","12":"taxable","13":"shipping-taxable","14":"purchasable","15":"product-type-variable"},"acf":{"woocommerce_erp_id":"19370","woocommerce_cnk_id":"203369","product_density":0,"custom_prices":[{"variation_id":"55988","customer_group":"CON","customer_id":"","min_qty":1,"max_qty":9999999,"steps":1,"price":14.05,"price_incl":17,"delivery_group":"COLLECT"},{"variation_id":"55988","customer_group":"CON","customer_id":"","min_qty":1,"max_qty":9999999,"steps":1,"price":14.05,"price_incl":17,"delivery_group":"DELIVERY"}],"packaging_ids":[{"packaging_name":"Pi\u00e8ce","packaging_id":"7","erp_id":"19370"}],"c_lengte":"","c_breedte":"","c_hoogte":""},"_links":{"self":[{"href":"https:\/\/www.jatu.be\/fr\/wp-json\/wp\/v2\/product\/55987","targetHints":{"allow":["GET"]}}],"collection":[{"href":"https:\/\/www.jatu.be\/fr\/wp-json\/wp\/v2\/product"}],"about":[{"href":"https:\/\/www.jatu.be\/fr\/wp-json\/wp\/v2\/types\/product"}],"version-history":[{"count":6,"href":"https:\/\/www.jatu.be\/fr\/wp-json\/wp\/v2\/product\/55987\/revisions"}],"predecessor-version":[{"id":57159,"href":"https:\/\/www.jatu.be\/fr\/wp-json\/wp\/v2\/product\/55987\/revisions\/57159"}],"wp:featuredmedia":[{"embeddable":true,"href":"https:\/\/www.jatu.be\/fr\/wp-json\/wp\/v2\/media\/56006"}],"wp:attachment":[{"href":"https:\/\/www.jatu.be\/fr\/wp-json\/wp\/v2\/media?parent=55987"}],"wp:term":[{"taxonomy":"product_cat","embeddable":true,"href":"https:\/\/www.jatu.be\/fr\/wp-json\/wp\/v2\/product_cat?post=55987"},{"taxonomy":"product_tag","embeddable":true,"href":"https:\/\/www.jatu.be\/fr\/wp-json\/wp\/v2\/product_tag?post=55987"}],"curies":[{"name":"wp","href":"https:\/\/api.w.org\/{rel}","templated":true}]}}