{"id":55993,"date":"2024-04-11T15:15:17","date_gmt":"2024-04-11T13:15:17","guid":{"rendered":"https:\/\/www.jatu.be\/?post_type=product&#038;p=55993"},"modified":"2026-03-09T09:51:20","modified_gmt":"2026-03-09T08:51:20","slug":"bordure-de-jardin-galva-terralis-100-x-15-cm","status":"publish","type":"product","link":"https:\/\/www.jatu.be\/fr\/produit\/bordure-de-jardin-galva-terralis-100-x-15-cm\/","title":{"rendered":"Bordure de jardin Galva &#8211; Terralis 100 x 15 cm"},"content":{"rendered":"","protected":false},"excerpt":{"rendered":"<h2>Acheter des bordures de jardin en acier inoxydable, Terralis Galva 150mm<\/h2>\n<p>La Terralis Galva est une bordure subtile en acier galvanis\u00e9. Elle est donc r\u00e9sistante \u00e0 la rouille. Achetez cette cl\u00f4ture de jardin en galva par pi\u00e8ce de 1m pour enl\u00e8vement ou livraison partout en Belgique.<\/p>\n<p>Terralis est disponible en trois hauteurs diff\u00e9rentes:<\/p>\n<ul>\n<li><a href=\"https:\/\/www.jatu.be\/fr\/produit\/bordure-de-jardin-galva-terralis\/\">100 x 6,5 cm<\/a><\/li>\n<li><a href=\"https:\/\/www.jatu.be\/fr\/produit\/bordure-de-jarding-galva-terralis-100-x-10-cm\/\">100 x 10 cm<\/a><\/li>\n<li>100 x 15 cm<\/li>\n<\/ul>\n<p>Vous pouvez \u00e9galement acheter cette bordure de jardin \u00e9conomique en acier Corten. Si vous pr\u00e9f\u00e9rez toujours un style de jardin moderne, le Terralis Galva est id\u00e9al pour votre projet de jardin. Cette bordure de jardin de 15 cm de haut (hauteur de la bordure elle-m\u00eame, sans piquet) a \u00e9t\u00e9 sp\u00e9cialement con\u00e7ue pour former efficacement des bordures de jardin. Gr\u00e2ce \u00e0 la hauteur, vous pouvez les ancrer suffisamment profond\u00e9ment pour que tout soit bien en place, mais que vous puissiez encore les voir suffisamment au-dessus du sol.<\/p>\n<p>Vous cherchez une hauteur classique pour votre bordure de jardin? Dans ce cas, jetez un coup d&rsquo;\u0153il aux Terralis de 6,5 et 10 cm de haut. Elles sont id\u00e9ales pour les applications classiques. Vous souhaitez une bordure de jardin avec un bord sup\u00e9rieur arrondi? Dans ce cas, vous pouvez \u00e9galement opter pour l&rsquo;ECCOborder Easyfx comme <a href=\"https:\/\/www.jatu.be\/fr\/produit\/bordure-de-jardin-inoxydable-eccoborders-easyfix-li-galva-1440-x-15-cm\/\">bordure de jardin pour un jardin adapt\u00e9 aux enfants et\/ou aux animaux<\/a>.<\/p>\n<h2>Bordures de jardin multifonctionnelles : droites, courbes et angles \u00e0 90<\/h2>\n<p>Le Terralis a \u00e9t\u00e9 con\u00e7u pour ajouter simplement et \u00e9l\u00e9gamment des bordures \u00e0 votre jardin. La longueur standard est de 1 m, mais elle peut \u00eatre transform\u00e9e en formes inclin\u00e9es ou en angles de 90\u00b0 (et plus encore).<\/p>\n<p>Gr\u00e2ce aux connecteurs situ\u00e9s aux extr\u00e9mit\u00e9s, ils peuvent facilement \u00eatre assembl\u00e9s pour former une bordure de jardin encore plus longue. Gr\u00e2ce aux piquets fix\u00e9s, vous pouvez les ancrer directement dans le sol.<\/p>\n<p>Vous \u00eates \u00e0 la recherche d&rsquo;une cl\u00f4ture de jardin \u00e9conomique, facile \u00e0 installer et polyvalente ? Le Terralis Galva ou l&rsquo;acier Corten sont faits pour vous ! Commandez-les en ligne d\u00e8s maintenant et faites-les livrer chez vous dans un d\u00e9lai maximum de quatre jours ouvrables.<\/p>\n","protected":false},"featured_media":55998,"template":"","meta":{"_acf_changed":false,"inline_featured_image":false,"footnotes":""},"product_cat":[5398,5383],"product_tag":[6990],"class_list":{"0":"post-55993","1":"product","2":"type-product","3":"status-publish","4":"has-post-thumbnail","6":"product_cat-galvanisee-bordures-de-jardin","7":"product_cat-bordures-de-jardin","8":"product_tag-reduction-cat-1","10":"first","11":"instock","12":"taxable","13":"shipping-taxable","14":"purchasable","15":"product-type-variable"},"acf":{"woocommerce_erp_id":"19371","woocommerce_cnk_id":"203370","product_density":0,"custom_prices":[{"variation_id":"55994","customer_group":"CON","customer_id":"","min_qty":1,"max_qty":9999999,"steps":1,"price":16.53,"price_incl":20,"delivery_group":"COLLECT"},{"variation_id":"55994","customer_group":"CON","customer_id":"","min_qty":1,"max_qty":9999999,"steps":1,"price":16.53,"price_incl":20,"delivery_group":"DELIVERY"}],"packaging_ids":[{"packaging_name":"Pi\u00e8ce","packaging_id":"7","erp_id":"19371"}],"c_lengte":"","c_breedte":"","c_hoogte":""},"_links":{"self":[{"href":"https:\/\/www.jatu.be\/fr\/wp-json\/wp\/v2\/product\/55993","targetHints":{"allow":["GET"]}}],"collection":[{"href":"https:\/\/www.jatu.be\/fr\/wp-json\/wp\/v2\/product"}],"about":[{"href":"https:\/\/www.jatu.be\/fr\/wp-json\/wp\/v2\/types\/product"}],"version-history":[{"count":5,"href":"https:\/\/www.jatu.be\/fr\/wp-json\/wp\/v2\/product\/55993\/revisions"}],"predecessor-version":[{"id":57160,"href":"https:\/\/www.jatu.be\/fr\/wp-json\/wp\/v2\/product\/55993\/revisions\/57160"}],"wp:featuredmedia":[{"embeddable":true,"href":"https:\/\/www.jatu.be\/fr\/wp-json\/wp\/v2\/media\/55998"}],"wp:attachment":[{"href":"https:\/\/www.jatu.be\/fr\/wp-json\/wp\/v2\/media?parent=55993"}],"wp:term":[{"taxonomy":"product_cat","embeddable":true,"href":"https:\/\/www.jatu.be\/fr\/wp-json\/wp\/v2\/product_cat?post=55993"},{"taxonomy":"product_tag","embeddable":true,"href":"https:\/\/www.jatu.be\/fr\/wp-json\/wp\/v2\/product_tag?post=55993"}],"curies":[{"name":"wp","href":"https:\/\/api.w.org\/{rel}","templated":true}]}}