{"id":56120,"date":"2024-04-17T15:36:33","date_gmt":"2024-04-17T13:36:33","guid":{"rendered":"https:\/\/www.jatu.be\/?post_type=product&#038;p=56120"},"modified":"2026-03-09T09:55:16","modified_gmt":"2026-03-09T08:55:16","slug":"acheter-gravier-ombra-6-10-mm","status":"publish","type":"product","link":"https:\/\/www.jatu.be\/fr\/produit\/acheter-gravier-ombra-6-10-mm\/","title":{"rendered":"Ombra 6\/10"},"content":{"rendered":"","protected":false},"excerpt":{"rendered":"<h2>Acheter du gravier color\u00e9 \u2013 Ombra 6\/10 mm<\/h2>\n<h3>Apportez chaleur et \u00e9l\u00e9gance \u00e0 votre jardin avec Ombra 6\/10<\/h3>\n<p>Ombra 6-10 mm offre une palette de couleurs chaudes qui rend chaque projet de jardin unique. Ce <a href=\"https:\/\/www.jatu.be\/fr\/categorie-produit\/gravier-et-galets\/\">gravier<\/a> d\u00e9coratif est non seulement esth\u00e9tique, mais aussi pratique et durable. Que vous am\u00e9nagiez une all\u00e9e carrossable, un chemin de jardin ou ajoutiez des accents d\u00e9coratifs, ce gravier s\u2019int\u00e8gre parfaitement \u00e0 tous vos am\u00e9nagements ext\u00e9rieurs. Gr\u00e2ce \u00e0 sa granulom\u00e9trie fine, il est facile \u00e0 manipuler et convient aussi bien aux petits qu\u2019aux grands projets. De plus, le gravier Ombra conserve sa couleur et sa structure m\u00eame en cas d\u2019utilisation intensive ou de conditions m\u00e9t\u00e9orologiques changeantes. Avec le gravier Ombra 6\/10, transformez votre espace ext\u00e9rieur en un clin d&rsquo;\u0153il et profitez d&rsquo;une solution \u00e9l\u00e9gante et facile \u00e0 entretenir.<\/p>\n<div class=\"flex-1 overflow-hidden @container\/thread\">\n<div class=\"h-full\">\n<div class=\"react-scroll-to-bottom--css-tccis-79elbk h-full\">\n<div class=\"react-scroll-to-bottom--css-tccis-1n7m0yu\">\n<div class=\"flex flex-col text-sm\">\n<article class=\"w-full scroll-mb-[var(--thread-trailing-height,150px)] text-token-text-primary focus-visible:outline-2 focus-visible:outline-offset-[-4px]\" dir=\"auto\" data-testid=\"conversation-turn-59\" data-scroll-anchor=\"true\">\n<div class=\"m-auto text-base py-[18px] px-3 md:px-4 w-full md:px-5 lg:px-4 xl:px-5\">\n<div class=\"mx-auto flex flex-1 gap-4 text-base md:gap-5 lg:gap-6 md:max-w-3xl lg:max-w-[40rem] xl:max-w-[48rem]\">\n<div class=\"group\/conversation-turn relative flex w-full min-w-0 flex-col agent-turn\">\n<div class=\"flex-col gap-1 md:gap-3\">\n<div class=\"mb-2 flex gap-3 empty:hidden -ml-2\">\n<div class=\"items-center justify-start rounded-xl p-1 flex\">\n<h3 class=\"flex items-center\">Pourquoi choisir le gravier Ombra 6\/10 ?<\/h3>\n<\/div>\n<\/div>\n<\/div>\n<\/div>\n<\/div>\n<\/div>\n<\/article>\n<\/div>\n<\/div>\n<\/div>\n<\/div>\n<\/div>\n<ul>\n<li>\n<p><strong>Palette de couleurs unique :<\/strong> Les magnifiques teintes rouge-rouille de l\u2019Ombra 6\/10 ajoutent une touche moderne et \u00e9l\u00e9gante \u00e0 chaque jardin. Ce <a href=\"https:\/\/www.jatu.be\/fr\/categorie-produit\/gravier-et-galets\/?pa_korrelgrootte=0-100&amp;pa_kleur%5B%5D=6464&amp;pa_kleur%5B%5D=6455\">gravier rouge<\/a> se marie parfaitement avec des plantes vertes et des fleurs color\u00e9es, pour des designs de jardin classiques ou contemporains.<\/p>\n<\/li>\n<li>\n<p><strong>Durable et facile \u00e0 entretenir :<\/strong> Ce gravier conserve sa couleur et sa qualit\u00e9 m\u00eame dans les conditions m\u00e9t\u00e9orologiques les plus difficiles. Pas besoin de le compl\u00e9ter fr\u00e9quemment, Ombra 6\/10 dure des ann\u00e9es. Des salissures ? Pas de souci ! Avec le nettoyant biologique <a href=\"https:\/\/www.jatu.be\/fr\/produit\/decapant-biologique-biomix-pro-atm-5l\/\">Biomix ATM<\/a>, vous pouvez facilement nettoyer le gravier sans nuire \u00e0 l&rsquo;environnement.<\/p>\n<\/li>\n<li>\n<p><strong>Respectueux de l\u2019environnement :<\/strong> Ombra 6\/10 est perm\u00e9able \u00e0 l&rsquo;eau et favorise un bon drainage, \u00e9vitant ainsi la formation de flaques. Id\u00e9al pour les zones pluvieuses et une solution parfaite pour un jardin respectueux de l&rsquo;environnement.<\/p>\n<\/li>\n<li>\n<p><strong>Usage polyvalent :<\/strong> Que ce soit pour une all\u00e9e \u00e9l\u00e9gante, un chemin ou un \u00e9l\u00e9ment d\u00e9coratif, Ombra 6\/10 s&rsquo;harmonise parfaitement avec divers mat\u00e9riaux comme le bois, le b\u00e9ton ou le m\u00e9tal. Il vous permet ainsi de cr\u00e9er facilement un design unique et personnalis\u00e9 dans votre jardin.<\/p>\n<\/li>\n<\/ul>\n<h2>Utilisation du gravier Ombra<\/h2>\n<p>Ombra 6\/10 est le choix id\u00e9al pour divers projets de jardin. Utilisez-le pour cr\u00e9er des chemins, des <a href=\"https:\/\/www.jatu.be\/fr\/installation-allee-de-gravier-jatu-belgique\/\">all\u00e9es<\/a> ou des bordures. Ses couleurs uniques se marient harmonieusement avec les plantes et les fleurs. Laissez-vous inspirer et cr\u00e9ez le jardin de vos r\u00eaves !<\/p>\n<h3>Quelle quantit\u00e9 de gravier vous faut-il ?<\/h3>\n<p>La quantit\u00e9 de gravier n\u00e9cessaire d\u00e9pend des dalles de stabilisation et de l&rsquo;\u00e9paisseur souhait\u00e9e de la couche de gravier. Voici quelques indications :<\/p>\n<ul>\n<li><a href=\"https:\/\/www.jatu.be\/fr\/produit\/eccogravel-4-cm-blanc\/\">Stabilisateurs de 4 cm :<\/a> Pour une couche de 5 cm de gravier, pr\u00e9voyez environ <strong>80 kg par m\u00b2<\/strong>.<\/li>\n<li><a href=\"https:\/\/www.jatu.be\/fr\/produit\/eccogravel-3-cm-blanc\/\">Stabilisateurs de 3 cm :<\/a> Ici, vous placerez une couche de 4 cm de gravier, soit environ <strong>65 kg par m\u00b2<\/strong>.<\/li>\n<li><a href=\"https:\/\/www.jatu.be\/fr\/produit\/eccogravel-2-cm-blanc\/\">Stabilisateurs de 2 cm<\/a> : Pour une couche de 3 cm de gravier, pr\u00e9voyez environ <strong>50 kg par m\u00b2<\/strong> .<\/li>\n<\/ul>\n<p>Vous n&rsquo;\u00eates pas s\u00fbr de la quantit\u00e9 exacte de gravier dont vous avez besoin ? Utilisez notre <a href=\"https:\/\/www.jatu.be\/fr\/calculateur-de-gravier-calculer-quantite\/\">calculateur de gravier<\/a> pratique pour estimer facilement la quantit\u00e9 n\u00e9cessaire pour votre projet. Ainsi, vous commandez toujours la quantit\u00e9 juste, sans gaspillage !<\/p>\n<h3>Emballages et fractions disponibles<\/h3>\n<p>Ombra 6\/10 est disponible en diff\u00e9rentes quantit\u00e9s, pour que vous puissiez choisir celle qui correspond \u00e0 vos besoins :<\/p>\n<ul>\n<li><strong>Sacs de 25 kg<\/strong> \u2013 parfaits pour les petits projets.<\/li>\n<li><strong>Big bags de 500, 1000 ou 1500 kg<\/strong> \u2013 id\u00e9aux pour les grandes surfaces.<\/li>\n<li><strong>En vrac \u00e0 partir de 5 tonnes<\/strong> \u2013 pour les tr\u00e8s grands projets et les all\u00e9es.<\/li>\n<\/ul>\n<p><strong>Conseil<\/strong> : Commandez en vrac \u00e0 partir de 0,5 tonne pour une option plus \u00e9conomique lors de l&rsquo;enl\u00e8vement !<\/p>\n<h2>Options de livraison<\/h2>\n<p>Chez Jatu, nous vous facilitons la vie en mati\u00e8re de <a href=\"https:\/\/www.jatu.be\/fr\/specifications-de-livraison-jatu-rapide-efficace\/\">sp\u00e9cifications de livraison<\/a>. Commandez d\u00e8s maintenant et recevez votre Ombra 6\/10 dans les quatre jours ouvrables partout en Belgique. Pr\u00e9f\u00e9rez-vous venir le chercher ? C&rsquo;est \u00e9galement possible \u00e0 partir de 25 kg dans l&rsquo;un de nos <a href=\"https:\/\/www.jatu.be\/fr\/points-de-collecte\/\">points de retrait<\/a>.<\/p>\n<p><strong>Transformez votre jardin avec Ombra 6\/10 !<\/strong> N&rsquo;attendez plus pour renouveler votre espace ext\u00e9rieur. Commandez d\u00e8s aujourd&rsquo;hui votre Ombra 6\/10 sur Jatu.be et profitez en quelques jours de l&rsquo;\u00e9l\u00e9gance qu&rsquo;il apportera \u00e0 votre jardin. <a href=\"https:\/\/www.jatu.be\/fr\/contact\/\">Vous avez des questions ou besoin de conseils ?<\/a> Notre \u00e9quipe d&rsquo;experts est \u00e0 votre disposition pour vous accompagner \u00e0 chaque \u00e9tape de votre projet.<\/p>\n","protected":false},"featured_media":56130,"template":"","meta":{"_acf_changed":false,"inline_featured_image":false,"footnotes":""},"product_cat":[5415],"product_tag":[6992],"class_list":{"0":"post-56120","1":"product","2":"type-product","3":"status-publish","4":"has-post-thumbnail","6":"product_cat-gravier-decoratif-gravier-et-galets","7":"product_tag-reduction-cat-2","9":"first","10":"instock","11":"taxable","12":"shipping-taxable","13":"purchasable","14":"product-type-variable"},"acf":{"woocommerce_erp_id":"19493","woocommerce_cnk_id":"203492","product_density":1.6,"custom_prices":[{"variation_id":"56123","customer_group":"CON","customer_id":"","min_qty":1,"max_qty":9999999,"steps":1,"price":191.74,"price_incl":232,"delivery_group":"COLLECT"},{"variation_id":"56123","customer_group":"CON","customer_id":"","min_qty":1,"max_qty":9999999,"steps":1,"price":191.74,"price_incl":232,"delivery_group":"DELIVERY"},{"variation_id":"56122","customer_group":"CON","customer_id":"","min_qty":1,"max_qty":9999999,"steps":1,"price":125.62,"price_incl":152,"delivery_group":"COLLECT"},{"variation_id":"56122","customer_group":"CON","customer_id":"","min_qty":1,"max_qty":9999999,"steps":1,"price":125.62,"price_incl":152,"delivery_group":"DELIVERY"},{"variation_id":"56124","customer_group":"CON","customer_id":"","min_qty":1,"max_qty":9999999,"steps":1,"price":279.34,"price_incl":338,"delivery_group":"COLLECT"},{"variation_id":"56124","customer_group":"CON","customer_id":"","min_qty":1,"max_qty":9999999,"steps":1,"price":279.34,"price_incl":338,"delivery_group":"DELIVERY"},{"variation_id":"56125","customer_group":"CON","customer_id":"","min_qty":1,"max_qty":9999999,"steps":1,"price":6.61,"price_incl":8,"delivery_group":"COLLECT"},{"variation_id":"56125","customer_group":"CON","customer_id":"","min_qty":1,"max_qty":9999999,"steps":1,"price":6.61,"price_incl":8,"delivery_group":"DELIVERY"},{"variation_id":"56121","customer_group":"CON","customer_id":"","min_qty":0.5,"max_qty":9999999,"steps":0.1,"price":174.38,"price_incl":211,"delivery_group":"COLLECT"},{"variation_id":"56121","customer_group":"CON","customer_id":"","min_qty":5,"max_qty":9999999,"steps":0.1,"price":174.38,"price_incl":211,"delivery_group":"DELIVERY"}],"packaging_ids":[{"packaging_name":"En vrac (\u00e0 partir de tonnes)","packaging_id":"10","erp_id":"19493"},{"packaging_name":"Big bag 500 kg","packaging_id":"3","erp_id":"19494"},{"packaging_name":"Big bag 1000 kg","packaging_id":"2","erp_id":"19495"},{"packaging_name":"Big bag 1500 kg","packaging_id":"4","erp_id":"19496"},{"packaging_name":"Pi\u00e8ce","packaging_id":"7","erp_id":"19511"}],"c_lengte":"","c_breedte":"","c_hoogte":""},"_links":{"self":[{"href":"https:\/\/www.jatu.be\/fr\/wp-json\/wp\/v2\/product\/56120","targetHints":{"allow":["GET"]}}],"collection":[{"href":"https:\/\/www.jatu.be\/fr\/wp-json\/wp\/v2\/product"}],"about":[{"href":"https:\/\/www.jatu.be\/fr\/wp-json\/wp\/v2\/types\/product"}],"version-history":[{"count":8,"href":"https:\/\/www.jatu.be\/fr\/wp-json\/wp\/v2\/product\/56120\/revisions"}],"predecessor-version":[{"id":63296,"href":"https:\/\/www.jatu.be\/fr\/wp-json\/wp\/v2\/product\/56120\/revisions\/63296"}],"wp:featuredmedia":[{"embeddable":true,"href":"https:\/\/www.jatu.be\/fr\/wp-json\/wp\/v2\/media\/56130"}],"wp:attachment":[{"href":"https:\/\/www.jatu.be\/fr\/wp-json\/wp\/v2\/media?parent=56120"}],"wp:term":[{"taxonomy":"product_cat","embeddable":true,"href":"https:\/\/www.jatu.be\/fr\/wp-json\/wp\/v2\/product_cat?post=56120"},{"taxonomy":"product_tag","embeddable":true,"href":"https:\/\/www.jatu.be\/fr\/wp-json\/wp\/v2\/product_tag?post=56120"}],"curies":[{"name":"wp","href":"https:\/\/api.w.org\/{rel}","templated":true}]}}