{"id":56398,"date":"2024-04-22T16:32:21","date_gmt":"2024-04-22T14:32:21","guid":{"rendered":"https:\/\/www.jatu.be\/?post_type=product&#038;p=56398"},"modified":"2026-03-09T09:54:05","modified_gmt":"2026-03-09T08:54:05","slug":"fleurs-des-champs-aurora","status":"publish","type":"product","link":"https:\/\/www.jatu.be\/fr\/produit\/fleurs-des-champs-aurora\/","title":{"rendered":"Fleurs des champs Aurora"},"content":{"rendered":"","protected":false},"excerpt":{"rendered":"<p>Faites ressortir votre jardin avec notre <strong>m\u00e9lange de fleurs annuelles<\/strong>, qui promet une explosion brillante de couleurs et r\u00e9pand instantan\u00e9ment la joie parmi les passants et les habitants du quartier. Ce m\u00e9lange produit des fleurs qui atteignent <strong>une hauteur de 50 \u00e0 75 cm<\/strong> et offre une excellente r\u00e9sistance au vent gr\u00e2ce \u00e0 leur forme compacte.<\/p>\n<h2>Quand dois-je semer le m\u00e9lange de fleurs ?<\/h2>\n<p>Vous pouvez semer ce m\u00e9lange de mars \u00e0 juin, ce qui le rend id\u00e9al pour un large \u00e9ventail de plans et de styles de jardins. Il convient \u00e0 tous les types de sol, mais pour de meilleurs r\u00e9sultats, nous recommandons de le semer dans un sol riche en mati\u00e8res organiques. Les fleurs s&rsquo;\u00e9panouiront ainsi de mani\u00e8re plus riche et plus \u00e9clatante.<\/p>\n<p>Ce m\u00e9lange est \u00e9galement particuli\u00e8rement <strong>tol\u00e9rant \u00e0 la s\u00e9cheresse<\/strong>, ce qui en fait un excellent choix pour les jardins situ\u00e9s dans des zones plus s\u00e8ches ou pour les jardiniers qui ont moins de temps \u00e0 consacrer \u00e0 des arrosages fr\u00e9quents. Malgr\u00e9 cela, le m\u00e9lange de fleurs continuera \u00e0 pousser jusqu&rsquo;\u00e0 <strong>la fin de l&rsquo;automne<\/strong>, faisant de votre jardin une source durable de beaut\u00e9 et de couleur.<\/p>\n<h2>Acheter Fleurs des champs Aurora<\/h2>\n<p>Avec 100 g de ce m\u00e9lange, vous pouvez couvrir une surface de 50 m\u00b2, tandis que 500 g suffisent pour planter jusqu&rsquo;\u00e0 250 m\u00b2. Que vous soyez un jardinier d\u00e9butant ou que vous ayez la main verte, notre m\u00e9lange de fleurs annuelles est un moyen simple et efficace de transformer votre espace ext\u00e9rieur en un paradis floral vibrant.<\/p>\n","protected":false},"featured_media":56410,"template":"","meta":{"_acf_changed":false,"inline_featured_image":false,"footnotes":""},"product_cat":[6889],"product_tag":[],"class_list":{"0":"post-56398","1":"product","2":"type-product","3":"status-publish","4":"has-post-thumbnail","6":"product_cat-melange-de-fleurs","8":"first","9":"instock","10":"taxable","11":"shipping-taxable","12":"purchasable","13":"product-type-variable"},"acf":{"woocommerce_erp_id":"19456","woocommerce_cnk_id":"203455","product_density":0,"custom_prices":[{"variation_id":"59029","customer_group":"CON","customer_id":"","min_qty":1,"max_qty":9999999,"steps":1,"price":34.91,"price_incl":37,"delivery_group":"COLLECT"},{"variation_id":"59029","customer_group":"CON","customer_id":"","min_qty":1,"max_qty":9999999,"steps":1,"price":34.91,"price_incl":37,"delivery_group":"DELIVERY"},{"variation_id":"59030","customer_group":"CON","customer_id":"","min_qty":1,"max_qty":9999999,"steps":1,"price":101.89,"price_incl":108,"delivery_group":"COLLECT"},{"variation_id":"59030","customer_group":"CON","customer_id":"","min_qty":1,"max_qty":9999999,"steps":1,"price":101.89,"price_incl":108,"delivery_group":"DELIVERY"}],"packaging_ids":[{"packaging_name":"Pi\u00e8ce 100g","packaging_id":"54","erp_id":"19456"},{"packaging_name":"Pi\u00e8ce 500g","packaging_id":"55","erp_id":"19458"}],"c_lengte":"","c_breedte":"","c_hoogte":""},"_links":{"self":[{"href":"https:\/\/www.jatu.be\/fr\/wp-json\/wp\/v2\/product\/56398","targetHints":{"allow":["GET"]}}],"collection":[{"href":"https:\/\/www.jatu.be\/fr\/wp-json\/wp\/v2\/product"}],"about":[{"href":"https:\/\/www.jatu.be\/fr\/wp-json\/wp\/v2\/types\/product"}],"version-history":[{"count":4,"href":"https:\/\/www.jatu.be\/fr\/wp-json\/wp\/v2\/product\/56398\/revisions"}],"predecessor-version":[{"id":56431,"href":"https:\/\/www.jatu.be\/fr\/wp-json\/wp\/v2\/product\/56398\/revisions\/56431"}],"wp:featuredmedia":[{"embeddable":true,"href":"https:\/\/www.jatu.be\/fr\/wp-json\/wp\/v2\/media\/56410"}],"wp:attachment":[{"href":"https:\/\/www.jatu.be\/fr\/wp-json\/wp\/v2\/media?parent=56398"}],"wp:term":[{"taxonomy":"product_cat","embeddable":true,"href":"https:\/\/www.jatu.be\/fr\/wp-json\/wp\/v2\/product_cat?post=56398"},{"taxonomy":"product_tag","embeddable":true,"href":"https:\/\/www.jatu.be\/fr\/wp-json\/wp\/v2\/product_tag?post=56398"}],"curies":[{"name":"wp","href":"https:\/\/api.w.org\/{rel}","templated":true}]}}