{"id":56827,"date":"2024-05-22T14:43:25","date_gmt":"2024-05-22T12:43:25","guid":{"rendered":"https:\/\/www.jatu.be\/?post_type=product&#038;p=56827"},"modified":"2026-03-09T09:53:35","modified_gmt":"2026-03-09T08:53:35","slug":"cloture-en-chataignier-100h-x-500l-espacement-8-10-cm","status":"publish","type":"product","link":"https:\/\/www.jatu.be\/fr\/produit\/cloture-en-chataignier-100h-x-500l-espacement-8-10-cm\/","title":{"rendered":"Cl\u00f4ture en ch\u00e2taignier 100H x 500L &#8211; espacement 8\/10 cm"},"content":{"rendered":"","protected":false},"excerpt":{"rendered":"<h2>Acheter une cl\u00f4ture en ch\u00e2taignier, 100cm de hauteur et 5m de longueur<\/h2>\n<p>Transformez votre jardin en une oasis de tranquillit\u00e9 et de beaut\u00e9 avec notre cl\u00f4ture en ch\u00e2taignier. Commandez d\u00e8s aujourd&rsquo;hui et profitez d&rsquo;une livraison rapide et d&rsquo;une installation facile. Vous pouvez acheter cette cl\u00f4ture en ch\u00e2taignier par unit\u00e9 de 5 m\u00e8tres pour une livraison partout en Belgique dans un d\u00e9lai de quatre jours ouvrables, ou venez la retirer imm\u00e9diatement.<\/p>\n<p>Avec une cl\u00f4ture en ch\u00e2taignier, vous ajoutez non seulement un \u00e9l\u00e9ment pratique \u00e0 votre jardin, mais aussi une touche de beaut\u00e9 naturelle et de durabilit\u00e9. Disponible en 2 hauteurs: 100cm ou 120cm. Les poteaux de fixation et les portails en ch\u00e2taignier sont disponibles s\u00e9par\u00e9ment. Vous souhaitez une cl\u00f4ture en ch\u00e2taignier avec un espacement plus petit ? Consultez alors la <a href=\"https:\/\/www.jatu.be\/fr\/produit\/cloture-en-chataignier-100h-x-500l-espacement-4-5-cm\/\">cl\u00f4ture en ch\u00e2taignier avec un espacement de 4 \u00e0 5 cm<\/a>.<\/p>\n<h3>Installation de la cl\u00f4ture en ch\u00e2taignier<\/h3>\n<p>D\u00e9couvrez la charmante et robuste cl\u00f4ture en ch\u00e2taignier avec un espacement de 8-10 cm entre les lattes, id\u00e9ale pour cr\u00e9er une apparence naturelle dans votre jardin. Cette cl\u00f4ture en ch\u00e2taignier de haute qualit\u00e9 mesure 100 cm de hauteur et 5 m\u00e8tres de longueur, parfaite pour cl\u00f4turer votre jardin de mani\u00e8re \u00e9l\u00e9gante et durable.<\/p>\n<h3>Pourquoi choisir une cl\u00f4ture en ch\u00e2taignier ?<\/h3>\n<ul>\n<li><strong>Durabilit\u00e9<\/strong>: Le bois de ch\u00e2taignier est r\u00e9put\u00e9 pour sa longue dur\u00e9e de vie et sa r\u00e9sistance aux diverses conditions m\u00e9t\u00e9orologiques, ce qui en fait un excellent choix pour une cl\u00f4ture de jardin durable.<\/li>\n<li><strong>Apparence naturelle<\/strong>: Avec son charme rustique, une cl\u00f4ture en ch\u00e2taignier ajoute une ambiance naturelle et authentique \u00e0 tout espace ext\u00e9rieur.<\/li>\n<li><strong>Respect de l&rsquo;environnement<\/strong>: Le bois de ch\u00e2taignier est un choix \u00e9cologique, provenant de for\u00eats durables et sans traitements chimiques.<\/li>\n<li><strong>Facilit\u00e9 d&rsquo;installation<\/strong>: L&rsquo;espacement de 8-10 cm permet une installation simple et rapide, vous permettant de profiter rapidement d&rsquo;une belle cl\u00f4ture.<\/li>\n<\/ul>\n<h3>Une cl\u00f4ture en ch\u00e2taignier pour chaque jardin<\/h3>\n<p>Que vous ayez un grand jardin ou un petit espace ext\u00e9rieur, notre cl\u00f4ture en ch\u00e2taignier est flexible et facile \u00e0 installer, adapt\u00e9e \u00e0 toutes les configurations de jardin. Cr\u00e9ez un espace de jeu s\u00fbr pour les enfants, prot\u00e9gez vos fleurs et plantes, ou donnez simplement \u00e0 votre jardin une belle finition avec cette cl\u00f4ture naturelle.<\/p>\n","protected":false},"featured_media":56900,"template":"","meta":{"_acf_changed":false,"inline_featured_image":false,"footnotes":""},"product_cat":[6920,6918],"product_tag":[],"class_list":{"0":"post-56827","1":"product","2":"type-product","3":"status-publish","4":"has-post-thumbnail","6":"product_cat-clotures-en-chataignier","7":"product_cat-clotures-de-jardin","9":"first","10":"instock","11":"taxable","12":"shipping-taxable","13":"purchasable","14":"product-type-variable"},"acf":{"woocommerce_erp_id":"19445","woocommerce_cnk_id":"203444","product_density":0,"custom_prices":[{"variation_id":"56828","customer_group":"CON","customer_id":"","min_qty":1,"max_qty":9999999,"steps":1,"price":57.85,"price_incl":70,"delivery_group":"COLLECT"},{"variation_id":"56828","customer_group":"CON","customer_id":"","min_qty":1,"max_qty":9999999,"steps":1,"price":57.85,"price_incl":70,"delivery_group":"DELIVERY"}],"packaging_ids":[{"packaging_name":"Pi\u00e8ce","packaging_id":"7","erp_id":"19445"}],"c_lengte":"","c_breedte":"","c_hoogte":""},"_links":{"self":[{"href":"https:\/\/www.jatu.be\/fr\/wp-json\/wp\/v2\/product\/56827","targetHints":{"allow":["GET"]}}],"collection":[{"href":"https:\/\/www.jatu.be\/fr\/wp-json\/wp\/v2\/product"}],"about":[{"href":"https:\/\/www.jatu.be\/fr\/wp-json\/wp\/v2\/types\/product"}],"version-history":[{"count":3,"href":"https:\/\/www.jatu.be\/fr\/wp-json\/wp\/v2\/product\/56827\/revisions"}],"predecessor-version":[{"id":56886,"href":"https:\/\/www.jatu.be\/fr\/wp-json\/wp\/v2\/product\/56827\/revisions\/56886"}],"wp:featuredmedia":[{"embeddable":true,"href":"https:\/\/www.jatu.be\/fr\/wp-json\/wp\/v2\/media\/56900"}],"wp:attachment":[{"href":"https:\/\/www.jatu.be\/fr\/wp-json\/wp\/v2\/media?parent=56827"}],"wp:term":[{"taxonomy":"product_cat","embeddable":true,"href":"https:\/\/www.jatu.be\/fr\/wp-json\/wp\/v2\/product_cat?post=56827"},{"taxonomy":"product_tag","embeddable":true,"href":"https:\/\/www.jatu.be\/fr\/wp-json\/wp\/v2\/product_tag?post=56827"}],"curies":[{"name":"wp","href":"https:\/\/api.w.org\/{rel}","templated":true}]}}