{"id":56978,"date":"2024-05-22T16:53:46","date_gmt":"2024-05-22T14:53:46","guid":{"rendered":"https:\/\/www.jatu.be\/?post_type=product&#038;p=56978"},"modified":"2026-03-09T09:56:53","modified_gmt":"2026-03-09T08:56:53","slug":"acheter-les-tapis-de-bruyere-200-x-300-cm","status":"publish","type":"product","link":"https:\/\/www.jatu.be\/fr\/produit\/acheter-les-tapis-de-bruyere-200-x-300-cm\/","title":{"rendered":"Les tapis de bruy\u00e8re 200 x 300 cm"},"content":{"rendered":"","protected":false},"excerpt":{"rendered":"<h2>Acheter tapis de bruy\u00e8re, 200 x 300 cm<\/h2>\n<p>Vous cherchez une fa\u00e7on \u00e9l\u00e9gante et naturelle de cl\u00f4turer votre jardin ? Les tapis de bruy\u00e8re de Jatu offrent la solution id\u00e9ale. Ces tapis, fabriqu\u00e9s principalement \u00e0 partir de mat\u00e9riaux organiques, apportent une apparence naturelle et s&rsquo;int\u00e8grent parfaitement dans notre gamme de produits. Dans ce guide complet, nous vous pr\u00e9sentons les tapis de bruy\u00e8re, leurs avantages et comment les utiliser pour transformer votre jardin en un paradis priv\u00e9.<\/p>\n<h3>Qu&rsquo;est-ce que les Tapis de Bruy\u00e8re ?<\/h3>\n<p>Les tapis de bruy\u00e8re sont des \u00e9crans naturels compos\u00e9s principalement de tiges de bruy\u00e8re, li\u00e9es par du fil m\u00e9tallique. Bien que la liaison ne soit pas organique, le produit est majoritairement constitu\u00e9 de mat\u00e9riaux naturels. Cela rend les tapis de bruy\u00e8re un choix \u00e9cologique pour votre jardin. Le produit est disponible en deux hauteurs : <a href=\"https:\/\/www.jatu.be\/fr\/produit\/acheter-les-tapis-de-bruyere-180-x-300-cm\/\">180 cm<\/a> et 200 cm, et mesure 3 m\u00e8tres de long. Vous pouvez ainsi choisir facilement la taille parfaite pour vos besoins sp\u00e9cifiques.<\/p>\n<h3>Pourquoi choisir les Tapis de Bruy\u00e8re ?<\/h3>\n<ol>\n<li>\n<p><strong>Apparence Naturelle :<\/strong> Les tiges de bruy\u00e8re offrent une apparence rustique et naturelle qui s&rsquo;int\u00e8gre parfaitement dans n&rsquo;importe quel environnement de jardin. Que votre jardin soit moderne ou traditionnel, les tapis de bruy\u00e8re s&rsquo;adaptent toujours.<\/p>\n<\/li>\n<li>\n<p><strong>Durable et \u00c9cologique :<\/strong> \u00c9tant principalement compos\u00e9s de mat\u00e9riaux organiques, les tapis de bruy\u00e8re sont un choix durable. Vous contribuez \u00e0 la protection de l&rsquo;environnement en choisissant un produit qui a un moindre impact sur la nature.<\/p>\n<\/li>\n<li>\n<p><strong>Intimit\u00e9 et Protection :<\/strong> Les tapis de bruy\u00e8re offrent une excellente intimit\u00e9. Ils emp\u00eachent les regards indiscrets et cr\u00e9ent un environnement s\u00fbr et abrit\u00e9 dans votre jardin. C&rsquo;est id\u00e9al pour les jardins priv\u00e9s et les terrains n\u00e9cessitant de la discr\u00e9tion.<\/p>\n<\/li>\n<li>\n<p><strong>Applications Polyvalentes :<\/strong> En plus de servir d&rsquo;\u00e9cran de confidentialit\u00e9, les tapis de bruy\u00e8re peuvent \u00e9galement \u00eatre utilis\u00e9s comme coupe-vent ou \u00e9l\u00e9ment d\u00e9coratif dans votre jardin. Ils offrent de nombreuses possibilit\u00e9s pour un am\u00e9nagement cr\u00e9atif.<\/p>\n<\/li>\n<\/ol>\n<h3>Les Tapis de Bruy\u00e8re : Parfaits pour Chaque Jardin<\/h3>\n<p>Les tapis de bruy\u00e8re sont le choix id\u00e9al pour chaque jardin gr\u00e2ce \u00e0 leur apparence naturelle, leur durabilit\u00e9 et leur polyvalence. Ils offrent non seulement une excellente intimit\u00e9 et protection, mais s&rsquo;int\u00e8grent \u00e9galement parfaitement dans les jardins modernes et traditionnels. Leur caract\u00e8re \u00e9cologique en fait un choix responsable, et leur installation et entretien faciles apportent un confort suppl\u00e9mentaire.<\/p>\n","protected":false},"featured_media":56933,"template":"","meta":{"_acf_changed":false,"inline_featured_image":false,"footnotes":""},"product_cat":[6937],"product_tag":[],"class_list":{"0":"post-56978","1":"product","2":"type-product","3":"status-publish","4":"has-post-thumbnail","6":"product_cat-tapis-de-bruyere","8":"first","9":"instock","10":"taxable","11":"shipping-taxable","12":"purchasable","13":"product-type-variable"},"acf":{"woocommerce_erp_id":"19535","woocommerce_cnk_id":"203535","product_density":0,"custom_prices":[{"variation_id":"56980","customer_group":"CON","customer_id":"","min_qty":1,"max_qty":9999999,"steps":1,"price":104.13,"price_incl":126,"delivery_group":"COLLECT"},{"variation_id":"56980","customer_group":"CON","customer_id":"","min_qty":1,"max_qty":9999999,"steps":1,"price":104.13,"price_incl":126,"delivery_group":"DELIVERY"}],"packaging_ids":[{"packaging_name":"Pi\u00e8ce","packaging_id":"7","erp_id":"19535"}],"c_lengte":"","c_breedte":"","c_hoogte":""},"_links":{"self":[{"href":"https:\/\/www.jatu.be\/fr\/wp-json\/wp\/v2\/product\/56978","targetHints":{"allow":["GET"]}}],"collection":[{"href":"https:\/\/www.jatu.be\/fr\/wp-json\/wp\/v2\/product"}],"about":[{"href":"https:\/\/www.jatu.be\/fr\/wp-json\/wp\/v2\/types\/product"}],"version-history":[{"count":2,"href":"https:\/\/www.jatu.be\/fr\/wp-json\/wp\/v2\/product\/56978\/revisions"}],"predecessor-version":[{"id":56981,"href":"https:\/\/www.jatu.be\/fr\/wp-json\/wp\/v2\/product\/56978\/revisions\/56981"}],"wp:featuredmedia":[{"embeddable":true,"href":"https:\/\/www.jatu.be\/fr\/wp-json\/wp\/v2\/media\/56933"}],"wp:attachment":[{"href":"https:\/\/www.jatu.be\/fr\/wp-json\/wp\/v2\/media?parent=56978"}],"wp:term":[{"taxonomy":"product_cat","embeddable":true,"href":"https:\/\/www.jatu.be\/fr\/wp-json\/wp\/v2\/product_cat?post=56978"},{"taxonomy":"product_tag","embeddable":true,"href":"https:\/\/www.jatu.be\/fr\/wp-json\/wp\/v2\/product_tag?post=56978"}],"curies":[{"name":"wp","href":"https:\/\/api.w.org\/{rel}","templated":true}]}}