{"id":57179,"date":"2024-06-06T14:55:09","date_gmt":"2024-06-06T12:55:09","guid":{"rendered":"https:\/\/www.jatu.be\/?post_type=product&#038;p=57179"},"modified":"2026-03-09T09:53:48","modified_gmt":"2026-03-09T08:53:48","slug":"acacia-paal-1-80m-o6-8","status":"publish","type":"product","link":"https:\/\/www.jatu.be\/fr\/produit\/acacia-paal-1-80m-o6-8\/","title":{"rendered":"Poteau d&rsquo;arbre Acacia 1.80M \u00d86-8"},"content":{"rendered":"","protected":false},"excerpt":{"rendered":"<h2><strong>Acheter un poteau d&rsquo;arbre 1,80m \u00d86-8 &#8211; Acacia rabot\u00e9<\/strong><\/h2>\n<p>Nos poteaux en acacia rabot\u00e9s de 1,80m avec un diam\u00e8tre de 6-8 cm sont le choix id\u00e9al pour divers projets de jardin. Ces poteaux durables et robustes sont parfaits pour installer des cl\u00f4tures, des pergolas et d&rsquo;autres structures de jardin.<\/p>\n<h3>Caract\u00e9ristiques du produit :<\/h3>\n<ul>\n<li>Hauteur : 1,80 m\u00e8tre<\/li>\n<li>Diam\u00e8tre : 6-8 cm<\/li>\n<li>Mat\u00e9riau : Bois d&rsquo;acacia rabot\u00e9 de haute qualit\u00e9<\/li>\n<li>Disponibilit\u00e9 : \u00c0 partir de 1 pi\u00e8ce<\/li>\n<li>Livraison : Partout en Belgique ou \u00e0 retirer directement<\/li>\n<li>Durable et robuste<\/li>\n<\/ul>\n<p>Le bois d&rsquo;acacia est r\u00e9put\u00e9 pour sa durabilit\u00e9 et sa r\u00e9sistance aux intemp\u00e9ries, ce qui conf\u00e8re \u00e0 ces poteaux rabot\u00e9s une longue dur\u00e9e de vie sans n\u00e9cessiter beaucoup d&rsquo;entretien.<\/p>\n<h4><strong>Polyvalent en utilisation<\/strong><\/h4>\n<p>Que vous souhaitiez installer une cl\u00f4ture solide ou construire une structure de jardin d\u00e9corative, ces poteaux en acacia rabot\u00e9 offrent la solution parfaite. Ils sont \u00e9galement particuli\u00e8rement adapt\u00e9s pour soutenir des arbres et ancrer nos cl\u00f4tures en ch\u00e2taignier.<\/p>\n<h4><strong>Disponibilit\u00e9 imm\u00e9diate<\/strong><\/h4>\n<p>Nos poteaux en acacia rabot\u00e9 sont disponibles \u00e0 partir de 1 pi\u00e8ce et peuvent \u00eatre livr\u00e9s partout en Belgique. Vous \u00eates press\u00e9 ? Pas de probl\u00e8me ! Vous pouvez \u00e9galement les retirer imm\u00e9diatement dans notre entrep\u00f4t.<\/p>\n<h4><strong>Combinez avec des cl\u00f4tures en ch\u00e2taignier<\/strong><\/h4>\n<p>Pour un aspect complet et naturel, combinez ces poteaux en acacia rabot\u00e9 avec nos <a href=\"https:\/\/www.jatu.be\/fr\/categorie-produit\/clotures-de-jardin\/clotures-en-chataignier\/\">cl\u00f4tures en ch\u00e2taignier<\/a>. Ces poteaux offrent un ancrage parfait pour une cl\u00f4ture stable et durable. D\u00e9couvrez notre gamme de cl\u00f4tures en ch\u00e2taignier sur Jatu.be.<\/p>\n<p>Compl\u00e9tez votre projet de jardin avec le charme naturel et la robustesse du bois d&rsquo;acacia rabot\u00e9. Commandez d\u00e8s aujourd&rsquo;hui vos poteaux en acacia et profitez d&rsquo;une livraison rapide ou d&rsquo;un retrait imm\u00e9diat!<\/p>\n","protected":false},"featured_media":58188,"template":"","meta":{"_acf_changed":false,"inline_featured_image":false,"footnotes":""},"product_cat":[6920],"product_tag":[],"class_list":{"0":"post-57179","1":"product","2":"type-product","3":"status-publish","4":"has-post-thumbnail","6":"product_cat-clotures-en-chataignier","8":"first","9":"instock","10":"taxable","11":"shipping-taxable","12":"purchasable","13":"product-type-variable"},"acf":{"woocommerce_erp_id":"19448","woocommerce_cnk_id":"203447","product_density":0,"custom_prices":[{"variation_id":"57181","customer_group":"CON","customer_id":"","min_qty":1,"max_qty":9999999,"steps":1,"price":5.79,"price_incl":7,"delivery_group":"COLLECT"},{"variation_id":"57181","customer_group":"CON","customer_id":"","min_qty":1,"max_qty":9999999,"steps":1,"price":5.79,"price_incl":7,"delivery_group":"DELIVERY"}],"packaging_ids":[{"packaging_name":"Pi\u00e8ce","packaging_id":"7","erp_id":"19448"}],"c_lengte":"","c_breedte":"","c_hoogte":""},"_links":{"self":[{"href":"https:\/\/www.jatu.be\/fr\/wp-json\/wp\/v2\/product\/57179","targetHints":{"allow":["GET"]}}],"collection":[{"href":"https:\/\/www.jatu.be\/fr\/wp-json\/wp\/v2\/product"}],"about":[{"href":"https:\/\/www.jatu.be\/fr\/wp-json\/wp\/v2\/types\/product"}],"version-history":[{"count":4,"href":"https:\/\/www.jatu.be\/fr\/wp-json\/wp\/v2\/product\/57179\/revisions"}],"predecessor-version":[{"id":60103,"href":"https:\/\/www.jatu.be\/fr\/wp-json\/wp\/v2\/product\/57179\/revisions\/60103"}],"wp:featuredmedia":[{"embeddable":true,"href":"https:\/\/www.jatu.be\/fr\/wp-json\/wp\/v2\/media\/58188"}],"wp:attachment":[{"href":"https:\/\/www.jatu.be\/fr\/wp-json\/wp\/v2\/media?parent=57179"}],"wp:term":[{"taxonomy":"product_cat","embeddable":true,"href":"https:\/\/www.jatu.be\/fr\/wp-json\/wp\/v2\/product_cat?post=57179"},{"taxonomy":"product_tag","embeddable":true,"href":"https:\/\/www.jatu.be\/fr\/wp-json\/wp\/v2\/product_tag?post=57179"}],"curies":[{"name":"wp","href":"https:\/\/api.w.org\/{rel}","templated":true}]}}