{"id":57197,"date":"2024-06-06T14:59:45","date_gmt":"2024-06-06T12:59:45","guid":{"rendered":"https:\/\/www.jatu.be\/?post_type=product&#038;p=57197"},"modified":"2026-03-09T09:57:10","modified_gmt":"2026-03-09T08:57:10","slug":"bache-de-protection-noire-200x50","status":"publish","type":"product","link":"https:\/\/www.jatu.be\/fr\/produit\/bache-de-protection-noire-200x50\/","title":{"rendered":"B\u00e2che de cl\u00f4ture 100% 2.00M X 50M noire avec anneaux"},"content":{"rendered":"","protected":false},"excerpt":{"rendered":"<h2>B\u00e2ches de cl\u00f4ture avec anneaux : une intimit\u00e9 maximale, un effort minimal<\/h2>\n<p>Cr\u00e9ez une atmosph\u00e8re discr\u00e8te et prot\u00e9g\u00e9e dans votre projet de jardin avec nos b\u00e2ches de cl\u00f4ture avec anneaux. Ces filets de protection visuelle de haute qualit\u00e9 offrent non seulement une barri\u00e8re visuelle efficace, mais ils sont \u00e9galement faciles \u00e0 installer gr\u00e2ce \u00e0 leur bordure en polypropyl\u00e8ne durable de 35mm de large et des anneaux pratiques de \u00d8 10mm tous les 30cm.<\/p>\n<h3>Pourquoi choisir une b\u00e2che de cl\u00f4ture ?<\/h3>\n<ul>\n<li>\n<p><strong>Mat\u00e9riaux durables :<\/strong> Notre b\u00e2che de cl\u00f4ture est fabriqu\u00e9e avec une bordure solide en polypropyl\u00e8ne et des anneaux inoxydables pour une utilisation prolong\u00e9e. Ceci garantit une solution durable r\u00e9sistante aux diverses conditions m\u00e9t\u00e9orologiques.<\/p>\n<\/li>\n<li>\n<p><strong>Installation facile :<\/strong> Gr\u00e2ce aux anneaux strat\u00e9giquement plac\u00e9s, cette b\u00e2che de cl\u00f4ture se fixe rapidement et facilement \u00e0 votre cl\u00f4ture existante. Cela vous permet d&rsquo;\u00e9conomiser du temps et des efforts lors de l&rsquo;installation.<\/p>\n<\/li>\n<li>\n<p><strong>Intimit\u00e9 et protection :<\/strong> Cette b\u00e2che offre jusqu&rsquo;\u00e0 90% de r\u00e9duction de visibilit\u00e9, ce qui la rend id\u00e9ale pour prot\u00e9ger des jardins priv\u00e9s et des terrains. Profitez d&rsquo;une intimit\u00e9 maximale avec un effort minimal.<\/p>\n<\/li>\n<li>\n<p><strong>Choix de couleurs :<\/strong> La b\u00e2che de cl\u00f4ture est disponible de base en noir, mais peut \u00e9galement \u00eatre command\u00e9e en vert. Vous pouvez ainsi choisir la couleur qui convient le mieux \u00e0 votre projet de jardin.<\/p>\n<\/li>\n<\/ul>\n<p>Cr\u00e9ez un environnement s\u00fbr et discret avec notre b\u00e2che de cl\u00f4ture durable. Commandez aujourd&rsquo;hui pour b\u00e9n\u00e9ficier d&rsquo;une installation facile et d&rsquo;une protection durable.<\/p>\n<h3>Acheter une b\u00e2che de cl\u00f4ture<\/h3>\n<p>La b\u00e2che de cl\u00f4ture est disponible de base en noir et sur commande en vert, vous permettant de choisir la couleur qui convient le mieux \u00e0 votre projet de jardin. Cr\u00e9ez un environnement s\u00fbr et discret avec notre b\u00e2che de cl\u00f4ture durable, facile \u00e0 installer et con\u00e7ue pour une utilisation \u00e0 long terme. La b\u00e2che est disponible \u00e0 l&rsquo;enl\u00e8vement ou \u00e0 la livraison<\/p>\n","protected":false},"featured_media":57223,"template":"","meta":{"_acf_changed":false,"inline_featured_image":false,"footnotes":""},"product_cat":[6945],"product_tag":[],"class_list":{"0":"post-57197","1":"product","2":"type-product","3":"status-publish","4":"has-post-thumbnail","6":"product_cat-filet-de-masquage","8":"first","9":"instock","10":"taxable","11":"shipping-taxable","12":"purchasable","13":"product-type-variable"},"acf":{"woocommerce_erp_id":"19539","woocommerce_cnk_id":"203539","product_density":1,"custom_prices":[{"variation_id":"57198","customer_group":"CON","customer_id":"","min_qty":1,"max_qty":9999999,"steps":1,"price":594.21,"price_incl":719,"delivery_group":"COLLECT"},{"variation_id":"57198","customer_group":"CON","customer_id":"","min_qty":1,"max_qty":9999999,"steps":1,"price":594.21,"price_incl":719,"delivery_group":"DELIVERY"}],"packaging_ids":[{"packaging_name":"Pi\u00e8ce","packaging_id":"7","erp_id":"19539"}],"c_lengte":"","c_breedte":"","c_hoogte":""},"_links":{"self":[{"href":"https:\/\/www.jatu.be\/fr\/wp-json\/wp\/v2\/product\/57197","targetHints":{"allow":["GET"]}}],"collection":[{"href":"https:\/\/www.jatu.be\/fr\/wp-json\/wp\/v2\/product"}],"about":[{"href":"https:\/\/www.jatu.be\/fr\/wp-json\/wp\/v2\/types\/product"}],"version-history":[{"count":3,"href":"https:\/\/www.jatu.be\/fr\/wp-json\/wp\/v2\/product\/57197\/revisions"}],"predecessor-version":[{"id":57309,"href":"https:\/\/www.jatu.be\/fr\/wp-json\/wp\/v2\/product\/57197\/revisions\/57309"}],"wp:featuredmedia":[{"embeddable":true,"href":"https:\/\/www.jatu.be\/fr\/wp-json\/wp\/v2\/media\/57223"}],"wp:attachment":[{"href":"https:\/\/www.jatu.be\/fr\/wp-json\/wp\/v2\/media?parent=57197"}],"wp:term":[{"taxonomy":"product_cat","embeddable":true,"href":"https:\/\/www.jatu.be\/fr\/wp-json\/wp\/v2\/product_cat?post=57197"},{"taxonomy":"product_tag","embeddable":true,"href":"https:\/\/www.jatu.be\/fr\/wp-json\/wp\/v2\/product_tag?post=57197"}],"curies":[{"name":"wp","href":"https:\/\/api.w.org\/{rel}","templated":true}]}}