{"id":57323,"date":"2024-06-11T14:20:14","date_gmt":"2024-06-11T12:20:14","guid":{"rendered":"https:\/\/www.jatu.be\/?post_type=product&#038;p=57323"},"modified":"2026-03-09T09:56:30","modified_gmt":"2026-03-09T08:56:30","slug":"bactogen-6m%c2%b3","status":"publish","type":"product","link":"https:\/\/www.jatu.be\/fr\/produit\/bactogen-6m%c2%b3\/","title":{"rendered":"Bactogen 6m\u00b3"},"content":{"rendered":"","protected":false},"excerpt":{"rendered":"<h2>Qu&rsquo;est-ce que Bactogen?<\/h2>\n<p>Bactogen est un m\u00e9lange concentr\u00e9 de bact\u00e9ries, d&rsquo;enzymes, de min\u00e9raux et d&rsquo;oligo-\u00e9l\u00e9ments. Il est sp\u00e9cialement con\u00e7u pour l&rsquo;entretien des filtres pendant la saison. Ce produit am\u00e9liore la qualit\u00e9 biologique de l&rsquo;eau et optimise le cycle de purification des polluants organiques. \u00c0 long terme, l&rsquo;utilisation de Bactogen, en combinaison avec Biobooster+ et notre alimentation de haute qualit\u00e9 Ichi Food, contribue consid\u00e9rablement \u00e0 r\u00e9duire les d\u00e9chets organiques dans votre \u00e9tang, la pollution du filtre et les pics toxiques d&rsquo;ammoniac pour les poissons. Bactogen est adapt\u00e9 aux piscines et aux \u00e9tangs.<\/p>\n<h2>Instructions d&rsquo;utilisation:<\/h2>\n<ul>\n<li>\n<p><strong>Pr\u00e9paration:<\/strong> Bien agiter le bidon avant utilisation.<\/p>\n<\/li>\n<li>\n<p><strong>Application:<\/strong> \u00c0 une temp\u00e9rature de l&rsquo;eau d&rsquo;au moins 10\u00b0C, appliquez Bactogen \u00e0 la surface de l&rsquo;eau o\u00f9 il y a une bonne circulation de l&rsquo;eau.<\/p>\n<\/li>\n<li>\n<p><strong>Augmenter l&rsquo;efficacit\u00e9:<\/strong> V\u00e9rifiez et corrigez si n\u00e9cessaire la valeur du pH et la duret\u00e9 de l&rsquo;eau avec KH+ ou GH+. Un traitement avec Biobooster+ favorise et acc\u00e9l\u00e8re l&rsquo;action purificatrice des bact\u00e9ries.<\/p>\n<\/li>\n<li>\n<p><strong>Ajout d&rsquo;eau neuve:<\/strong> \u00c9liminez le chlore et les m\u00e9taux lourds avec Neutralizer 24 heures avant le premier traitement.<\/p>\n<\/li>\n<\/ul>\n<h3>Dosage:<\/h3>\n<ul>\n<li>\n<p><strong>Dosage de d\u00e9marrage:<\/strong> Utilisez 2 cuill\u00e8res doseuses de 15 grammes par 5m\u00b3 d&rsquo;eau, chaque jour pendant 5 jours.<\/p>\n<\/li>\n<li>\n<p><strong>Dosage d&rsquo;entretien:<\/strong> Utilisez 2 tasses doseuses par 5m\u00b3 d&rsquo;eau, 3 \u00e0 4 fois par mois.<\/p>\n<\/li>\n<\/ul>\n<h3>Stockage:<\/h3>\n<p>Conservez Bactogen au sec et \u00e0 une temp\u00e9rature comprise entre 10\u00b0C et 25\u00b0C. Dans des conditions de stockage normales, le produit est valable pendant 12 mois.<\/p>\n","protected":false},"featured_media":57379,"template":"","meta":{"_acf_changed":false,"inline_featured_image":false,"footnotes":""},"product_cat":[5421],"product_tag":[],"class_list":{"0":"post-57323","1":"product","2":"type-product","3":"status-publish","4":"has-post-thumbnail","6":"product_cat-produits-detang","8":"first","9":"instock","10":"taxable","11":"shipping-taxable","12":"purchasable","13":"product-type-variable"},"acf":{"woocommerce_erp_id":"19528","woocommerce_cnk_id":"203528","product_density":0,"custom_prices":[{"variation_id":"57441","customer_group":"CON","customer_id":"","min_qty":1,"max_qty":9999999,"steps":1,"price":16.53,"price_incl":20,"delivery_group":"COLLECT"},{"variation_id":"57441","customer_group":"CON","customer_id":"","min_qty":1,"max_qty":9999999,"steps":1,"price":16.53,"price_incl":20,"delivery_group":"DELIVERY"},{"variation_id":"57442","customer_group":"CON","customer_id":"","min_qty":1,"max_qty":9999999,"steps":1,"price":25.62,"price_incl":31,"delivery_group":"DELIVERY"},{"variation_id":"57442","customer_group":"CON","customer_id":"","min_qty":1,"max_qty":9999999,"steps":1,"price":25.62,"price_incl":31,"delivery_group":"COLLECT"},{"variation_id":"57443","customer_group":"CON","customer_id":"","min_qty":1,"max_qty":9999999,"steps":1,"price":41.32,"price_incl":50,"delivery_group":"COLLECT"},{"variation_id":"57443","customer_group":"CON","customer_id":"","min_qty":1,"max_qty":9999999,"steps":1,"price":41.32,"price_incl":50,"delivery_group":"DELIVERY"},{"variation_id":"57444","customer_group":"CON","customer_id":"","min_qty":1,"max_qty":9999999,"steps":1,"price":57.02,"price_incl":69,"delivery_group":"COLLECT"},{"variation_id":"57444","customer_group":"CON","customer_id":"","min_qty":1,"max_qty":9999999,"steps":1,"price":57.02,"price_incl":69,"delivery_group":"DELIVERY"}],"packaging_ids":[{"packaging_name":"Pi\u00e8ce 150g ( 6m\u00b3)","packaging_id":"56","erp_id":"19528"},{"packaging_name":"Pi\u00e8ce 300g ( 12m\u00b3)","packaging_id":"57","erp_id":"19544"},{"packaging_name":"Pi\u00e8ce 650g ( 24m\u00b3)","packaging_id":"58","erp_id":"19545"},{"packaging_name":"Pi\u00e8ce 1kg ( 40m\u00b3)","packaging_id":"59","erp_id":"19546"}],"c_lengte":"","c_breedte":"","c_hoogte":""},"_links":{"self":[{"href":"https:\/\/www.jatu.be\/fr\/wp-json\/wp\/v2\/product\/57323","targetHints":{"allow":["GET"]}}],"collection":[{"href":"https:\/\/www.jatu.be\/fr\/wp-json\/wp\/v2\/product"}],"about":[{"href":"https:\/\/www.jatu.be\/fr\/wp-json\/wp\/v2\/types\/product"}],"version-history":[{"count":3,"href":"https:\/\/www.jatu.be\/fr\/wp-json\/wp\/v2\/product\/57323\/revisions"}],"predecessor-version":[{"id":57385,"href":"https:\/\/www.jatu.be\/fr\/wp-json\/wp\/v2\/product\/57323\/revisions\/57385"}],"wp:featuredmedia":[{"embeddable":true,"href":"https:\/\/www.jatu.be\/fr\/wp-json\/wp\/v2\/media\/57379"}],"wp:attachment":[{"href":"https:\/\/www.jatu.be\/fr\/wp-json\/wp\/v2\/media?parent=57323"}],"wp:term":[{"taxonomy":"product_cat","embeddable":true,"href":"https:\/\/www.jatu.be\/fr\/wp-json\/wp\/v2\/product_cat?post=57323"},{"taxonomy":"product_tag","embeddable":true,"href":"https:\/\/www.jatu.be\/fr\/wp-json\/wp\/v2\/product_tag?post=57323"}],"curies":[{"name":"wp","href":"https:\/\/api.w.org\/{rel}","templated":true}]}}