{"id":57464,"date":"2024-06-12T14:39:41","date_gmt":"2024-06-12T12:39:41","guid":{"rendered":"https:\/\/www.jatu.be\/?post_type=product&#038;p=57464"},"modified":"2026-03-09T09:43:44","modified_gmt":"2026-03-09T08:43:44","slug":"eccoborder-easyfix-corten-li-15-cm","status":"publish","type":"product","link":"https:\/\/www.jatu.be\/fr\/produit\/eccoborder-easyfix-corten-li-15-cm\/","title":{"rendered":"ECCOborder Easyfix Corten LI 15cm"},"content":{"rendered":"","protected":false},"excerpt":{"rendered":"<p>Les ECCOborders Easyfix sont extr\u00eamement rapides et faciles \u00e0 installer. Elles sont fournies en paquets de 6 bordures (14,4 lm) de 2,4 m de long, 15 cm de haut avec 18 poches et 18 broches d&rsquo;ancrage.<\/p>\n<h2>A quoi peut me servir ces bordures?<\/h2>\n<p>Easyfix convient \u00e0 toutes les zones non utilis\u00e9es par les voitures. Ces bordures en acier Corten peuvent donc \u00eatre utilis\u00e9es pour :<\/p>\n<ul>\n<li>Terrasses<\/li>\n<li>Parterres de fleurs<\/li>\n<li>Pelouses<\/li>\n<li>Jardins potagers<\/li>\n<li>&#8230;<\/li>\n<\/ul>\n<p>Les Easyfix LI sont des coupes droites standard, mais conviennent \u00e9galement aux formes l\u00e9g\u00e8rement inclin\u00e9es. Il est possible de cr\u00e9er des angles \u00e0 90\u00b0. Les bordures <a href=\"https:\/\/www.jatu.be\/fr\/produit\/bordure-flexible-en-acier-corten-easyfix-cs-1440-x-15-cm\/\">Easyfix sont \u00e9galement disponibles en CS (pliable)<\/a> et en <a href=\"https:\/\/www.jatu.be\/fr\/produit\/bordure-de-jardin-inoxydable-eccoborders-easyfix-li-galva-1440-x-15-cm\/\" target=\"_blank\" rel=\"noopener noreferrer\">Galvanis\u00e9<\/a>.<\/p>\n<h2>Commande de bordures en acier corten<\/h2>\n<p>En raison de leurs longues dimensions, ces chemin\u00e9es ne sont disponibles que pour le ramassage. Chez Jatu, nous les avons en stock et vous pouvez les retirer imm\u00e9diatement apr\u00e8s votre commande. Ceci est possible dans notre d\u00e9p\u00f4t \u00e0 Wevelgem ou Zedelgem.<\/p>\n","protected":false},"featured_media":57484,"template":"","meta":{"_acf_changed":false,"inline_featured_image":false,"footnotes":""},"product_cat":[5394,5383],"product_tag":[6990],"class_list":{"0":"post-57464","1":"product","2":"type-product","3":"status-publish","4":"has-post-thumbnail","6":"product_cat-acier-corten-bordures-de-jardin","7":"product_cat-bordures-de-jardin","8":"product_tag-reduction-cat-1","10":"first","11":"instock","12":"taxable","13":"shipping-taxable","14":"purchasable","15":"product-type-variable"},"acf":{"woocommerce_erp_id":"19145","woocommerce_cnk_id":"203142","product_density":0,"custom_prices":[{"variation_id":"57465","customer_group":"CON","customer_id":"","min_qty":1,"max_qty":9999999,"steps":1,"price":262.81,"price_incl":318,"delivery_group":"COLLECT"},{"variation_id":"57465","customer_group":"CON","customer_id":"","min_qty":1,"max_qty":9999999,"steps":1,"price":262.81,"price_incl":318,"delivery_group":"DELIVERY"}],"packaging_ids":[{"packaging_name":"Pi\u00e8ce","packaging_id":"7","erp_id":"19145"}],"c_lengte":"","c_breedte":"","c_hoogte":""},"_links":{"self":[{"href":"https:\/\/www.jatu.be\/fr\/wp-json\/wp\/v2\/product\/57464","targetHints":{"allow":["GET"]}}],"collection":[{"href":"https:\/\/www.jatu.be\/fr\/wp-json\/wp\/v2\/product"}],"about":[{"href":"https:\/\/www.jatu.be\/fr\/wp-json\/wp\/v2\/types\/product"}],"version-history":[{"count":5,"href":"https:\/\/www.jatu.be\/fr\/wp-json\/wp\/v2\/product\/57464\/revisions"}],"predecessor-version":[{"id":58632,"href":"https:\/\/www.jatu.be\/fr\/wp-json\/wp\/v2\/product\/57464\/revisions\/58632"}],"wp:featuredmedia":[{"embeddable":true,"href":"https:\/\/www.jatu.be\/fr\/wp-json\/wp\/v2\/media\/57484"}],"wp:attachment":[{"href":"https:\/\/www.jatu.be\/fr\/wp-json\/wp\/v2\/media?parent=57464"}],"wp:term":[{"taxonomy":"product_cat","embeddable":true,"href":"https:\/\/www.jatu.be\/fr\/wp-json\/wp\/v2\/product_cat?post=57464"},{"taxonomy":"product_tag","embeddable":true,"href":"https:\/\/www.jatu.be\/fr\/wp-json\/wp\/v2\/product_tag?post=57464"}],"curies":[{"name":"wp","href":"https:\/\/api.w.org\/{rel}","templated":true}]}}