{"id":57564,"date":"2024-06-13T13:22:24","date_gmt":"2024-06-13T11:22:24","guid":{"rendered":"https:\/\/www.jatu.be\/?post_type=product&#038;p=57564"},"modified":"2026-03-09T09:56:41","modified_gmt":"2026-03-09T08:56:41","slug":"clean-lac-25m%c2%b3","status":"publish","type":"product","link":"https:\/\/www.jatu.be\/fr\/produit\/clean-lac-25m%c2%b3\/","title":{"rendered":"Clean-Lac 25m\u00b3"},"content":{"rendered":"","protected":false},"excerpt":{"rendered":"<h2>Pr\u00e9vient l&rsquo;Eutrophisation de l&rsquo;Environnement<\/h2>\n<h2>Qu&rsquo;est-ce que Clean-Lac ?<\/h2>\n<p>Clean-Lac est une pr\u00e9paration pour \u00e9tangs \u00e0 base de germes naturels, de min\u00e9raux et d&rsquo;oligo-\u00e9l\u00e9ments. Il est adapt\u00e9 aux \u00e9tangs et \u00e0 toutes les surfaces d&rsquo;eau sans filtre m\u00e9canique. Ce produit aide \u00e0 obtenir une eau propre et claire, r\u00e9duit les boues et les algues, et r\u00e9tablit l&rsquo;\u00e9quilibre dans l&rsquo;\u00e9tang. Clean-Lac am\u00e9liore le cycle de l&rsquo;azote, ce qui r\u00e9duit la pollution organique de l&rsquo;eau. Convient aussi bien aux piscines qu&rsquo;aux \u00e9tangs.<\/p>\n<h3>Instructions d&rsquo;utilisation:<\/h3>\n<ul>\n<li><strong>Efficacit\u00e9 :<\/strong> Clean-Lac est efficace d\u00e8s que la temp\u00e9rature de l&rsquo;eau d\u00e9passe les 10\u00b0C.<\/li>\n<li><strong>Application :<\/strong> R\u00e9partissez la poudre sur la surface de l&rsquo;eau, de pr\u00e9f\u00e9rence en combinaison avec un syst\u00e8me d&rsquo;oxyg\u00e9nation.<\/li>\n<\/ul>\n<h3>Stockage:<\/h3>\n<p>Conservez Clean-Lac dans un endroit sec \u00e0 une temp\u00e9rature comprise entre 5\u00b0C et 25\u00b0C. Apr\u00e8s ouverture, le produit se conserve pendant 2 mois.<\/p>\n","protected":false},"featured_media":57763,"template":"","meta":{"_acf_changed":false,"inline_featured_image":false,"footnotes":""},"product_cat":[5421],"product_tag":[],"class_list":{"0":"post-57564","1":"product","2":"type-product","3":"status-publish","4":"has-post-thumbnail","6":"product_cat-produits-detang","8":"first","9":"instock","10":"taxable","11":"shipping-taxable","12":"purchasable","13":"product-type-variable"},"acf":{"woocommerce_erp_id":"19530","woocommerce_cnk_id":"203530","product_density":0,"custom_prices":[{"variation_id":"57798","customer_group":"CON","customer_id":"","min_qty":1,"max_qty":9999999,"steps":1,"price":23.14,"price_incl":28,"delivery_group":"COLLECT"},{"variation_id":"57798","customer_group":"CON","customer_id":"","min_qty":1,"max_qty":9999999,"steps":1,"price":23.14,"price_incl":28,"delivery_group":"DELIVERY"}],"packaging_ids":[{"packaging_name":"Pi\u00e8ce 350g ( 25m\u00b3)","packaging_id":"66","erp_id":"19530"}],"c_lengte":"","c_breedte":"","c_hoogte":""},"_links":{"self":[{"href":"https:\/\/www.jatu.be\/fr\/wp-json\/wp\/v2\/product\/57564","targetHints":{"allow":["GET"]}}],"collection":[{"href":"https:\/\/www.jatu.be\/fr\/wp-json\/wp\/v2\/product"}],"about":[{"href":"https:\/\/www.jatu.be\/fr\/wp-json\/wp\/v2\/types\/product"}],"version-history":[{"count":3,"href":"https:\/\/www.jatu.be\/fr\/wp-json\/wp\/v2\/product\/57564\/revisions"}],"predecessor-version":[{"id":57770,"href":"https:\/\/www.jatu.be\/fr\/wp-json\/wp\/v2\/product\/57564\/revisions\/57770"}],"wp:featuredmedia":[{"embeddable":true,"href":"https:\/\/www.jatu.be\/fr\/wp-json\/wp\/v2\/media\/57763"}],"wp:attachment":[{"href":"https:\/\/www.jatu.be\/fr\/wp-json\/wp\/v2\/media?parent=57564"}],"wp:term":[{"taxonomy":"product_cat","embeddable":true,"href":"https:\/\/www.jatu.be\/fr\/wp-json\/wp\/v2\/product_cat?post=57564"},{"taxonomy":"product_tag","embeddable":true,"href":"https:\/\/www.jatu.be\/fr\/wp-json\/wp\/v2\/product_tag?post=57564"}],"curies":[{"name":"wp","href":"https:\/\/api.w.org\/{rel}","templated":true}]}}