{"id":57573,"date":"2024-06-13T13:32:16","date_gmt":"2024-06-13T11:32:16","guid":{"rendered":"https:\/\/www.jatu.be\/?post_type=product&#038;p=57573"},"modified":"2026-03-09T09:56:18","modified_gmt":"2026-03-09T08:56:18","slug":"bio-clear-500ml","status":"publish","type":"product","link":"https:\/\/www.jatu.be\/fr\/produit\/bio-clear-500ml\/","title":{"rendered":"Bio-Clear 500ml"},"content":{"rendered":"","protected":false},"excerpt":{"rendered":"<h2>Floculant et biod\u00e9gradation enzymatique<\/h2>\n<h2>Qu&rsquo;est-ce que Bio-Clear?<\/h2>\n<p>Bio-Clear clarifie rapidement l&rsquo;eau trouble (brune, verte ou blanch\u00e2tre) et r\u00e9duit le biofilm sur les parois en pr\u00e9-dig\u00e9rant les nutriments gr\u00e2ce \u00e0 son action enzymatique et en liant de mani\u00e8re permanente les mati\u00e8res en suspension. Les agr\u00e9gats ainsi form\u00e9s sont efficacement retenus par le filtre, donnant \u00e0 l&rsquo;\u00e9tang une apparence cristalline. Ce produit est inoffensif pour la flore et la faune.<\/p>\n<h3>Instructions d&rsquo;utilisation:<\/h3>\n<ul>\n<li><strong>Pr\u00e9paration :<\/strong> Agitez bien avant utilisation.<\/li>\n<li><strong>Traitement de choc :<\/strong> R\u00e9partissez 0,1 litre par 10m\u00b3 \u00e0 la surface de l&rsquo;eau.<\/li>\n<li><strong>Traitement d&rsquo;entretien :<\/strong> Utilisez 0,1 litre par 20m\u00b3 tous les 15 jours.<\/li>\n<\/ul>\n<h3>Stockage:<\/h3>\n<p>Conservez Bio-Clear au sec et \u00e0 une temp\u00e9rature comprise entre 10\u00b0C et 25\u00b0C. Dans des conditions de stockage normales, le produit se conserve pendant 24 mois.<\/p>\n","protected":false},"featured_media":57765,"template":"","meta":{"_acf_changed":false,"inline_featured_image":false,"footnotes":""},"product_cat":[5421],"product_tag":[],"class_list":{"0":"post-57573","1":"product","2":"type-product","3":"status-publish","4":"has-post-thumbnail","6":"product_cat-produits-detang","8":"first","9":"instock","10":"taxable","11":"shipping-taxable","12":"purchasable","13":"product-type-variable"},"acf":{"woocommerce_erp_id":"19526","woocommerce_cnk_id":"203526","product_density":0,"custom_prices":[{"variation_id":"57801","customer_group":"CON","customer_id":"","min_qty":1,"max_qty":9999999,"steps":1,"price":13.22,"price_incl":16,"delivery_group":"COLLECT"},{"variation_id":"57801","customer_group":"CON","customer_id":"","min_qty":1,"max_qty":9999999,"steps":1,"price":13.22,"price_incl":16,"delivery_group":"DELIVERY"}],"packaging_ids":[{"packaging_name":"Pi\u00e8ce 500ml","packaging_id":"61","erp_id":"19526"}],"c_lengte":"","c_breedte":"","c_hoogte":""},"_links":{"self":[{"href":"https:\/\/www.jatu.be\/fr\/wp-json\/wp\/v2\/product\/57573","targetHints":{"allow":["GET"]}}],"collection":[{"href":"https:\/\/www.jatu.be\/fr\/wp-json\/wp\/v2\/product"}],"about":[{"href":"https:\/\/www.jatu.be\/fr\/wp-json\/wp\/v2\/types\/product"}],"version-history":[{"count":3,"href":"https:\/\/www.jatu.be\/fr\/wp-json\/wp\/v2\/product\/57573\/revisions"}],"predecessor-version":[{"id":57767,"href":"https:\/\/www.jatu.be\/fr\/wp-json\/wp\/v2\/product\/57573\/revisions\/57767"}],"wp:featuredmedia":[{"embeddable":true,"href":"https:\/\/www.jatu.be\/fr\/wp-json\/wp\/v2\/media\/57765"}],"wp:attachment":[{"href":"https:\/\/www.jatu.be\/fr\/wp-json\/wp\/v2\/media?parent=57573"}],"wp:term":[{"taxonomy":"product_cat","embeddable":true,"href":"https:\/\/www.jatu.be\/fr\/wp-json\/wp\/v2\/product_cat?post=57573"},{"taxonomy":"product_tag","embeddable":true,"href":"https:\/\/www.jatu.be\/fr\/wp-json\/wp\/v2\/product_tag?post=57573"}],"curies":[{"name":"wp","href":"https:\/\/api.w.org\/{rel}","templated":true}]}}