{"id":58179,"date":"2024-07-09T14:50:58","date_gmt":"2024-07-09T12:50:58","guid":{"rendered":"https:\/\/www.jatu.be\/?post_type=product&#038;p=58179"},"modified":"2026-03-09T09:57:55","modified_gmt":"2026-03-09T08:57:55","slug":"piquet-d-arbre-f-1-60m-o6-pointe","status":"publish","type":"product","link":"https:\/\/www.jatu.be\/fr\/produit\/piquet-d-arbre-f-1-60m-o6-pointe\/","title":{"rendered":"Piquet d&rsquo;arbre frais\u00e9 1,60M \u00d86 + pointe"},"content":{"rendered":"","protected":false},"excerpt":{"rendered":"<h2>Poteaux d&rsquo;Arbre Frais\u00e9s 1,60m et \u00d86<\/h2>\n<p>Nos poteaux d&rsquo;arbres sont fabriqu\u00e9s en bois de pin frais\u00e9 et impr\u00e9gn\u00e9. Gr\u00e2ce \u00e0 un traitement par impr\u00e9gnation sous haute pression, la dur\u00e9e de vie du bois est consid\u00e9rablement prolong\u00e9e. Ce traitement rend les poteaux r\u00e9sistants aux intemp\u00e9ries et prot\u00e9g\u00e9s contre la pourriture et les insectes.<\/p>\n<h2>Tailles Disponibles<\/h2>\n<p>Nous proposons des poteaux d&rsquo;arbres en diff\u00e9rentes tailles pour r\u00e9pondre \u00e0 divers besoins :<\/p>\n<ul>\n<li>1,60 m\u00e8tre de hauteur avec un diam\u00e8tre de 6 cm.<\/li>\n<li><a href=\"https:\/\/www.jatu.be\/fr\/produit\/piquet-d-arbre-fraise-1-80m\/\">1,80 m\u00e8tre de hauteur<\/a> avec un diam\u00e8tre de 7 cm.<\/li>\n<li><a href=\"https:\/\/www.jatu.be\/fr\/produit\/piquet-d-arbre-f-2-00m-o7-pointe\/\">2,00 m\u00e8tres de hauteur<\/a> avec un diam\u00e8tre de 7 cm.<\/li>\n<li><a href=\"https:\/\/www.jatu.be\/fr\/produit\/piquet-d-arbre-f-2-50m-o8-pointe\/\">2,50 m\u00e8tres de hauteur<\/a> avec un diam\u00e8tre de 8 cm.<\/li>\n<\/ul>\n<h3>Applications<\/h3>\n<p>Nos poteaux d&rsquo;arbres sont polyvalents. Ils sont parfaits pour soutenir les jeunes arbres, leur permettant de cro\u00eetre de mani\u00e8re stable et de r\u00e9sister au vent et aux autres conditions m\u00e9t\u00e9orologiques. De plus, ils sont id\u00e9aux pour fixer des cl\u00f4tures en ch\u00e2taignier et des portillons. Gr\u00e2ce \u00e0 leur solidit\u00e9 et leur durabilit\u00e9, ils conviennent \u00e9galement \u00e0 de nombreux autres projets de jardinage et d&rsquo;am\u00e9nagement paysager.<\/p>\n<h3>Options de Livraison et de Retrait<\/h3>\n<p>Nous offrons des options de livraison flexibles. Vous pouvez faire livrer des poteaux d&rsquo;arbres \u00e0 partir d&rsquo;une seule pi\u00e8ce. Si vous \u00eates press\u00e9, vous pouvez \u00e9galement retirer les poteaux dans l&rsquo;un de nos d\u00e9p\u00f4ts \u00e0 Wevelgem ou Zedelgem. Cela facilite le d\u00e9marrage rapide de vos projets.<\/p>\n<h3>Choisissez la Qualit\u00e9 et la Durabilit\u00e9<\/h3>\n<p>Nos poteaux d&rsquo;arbres en pin impr\u00e9gn\u00e9 offrent une excellente combinaison de durabilit\u00e9, de solidit\u00e9 et de polyvalence. Ils sont con\u00e7us pour durer longtemps et offrent un soutien fiable pour vos arbres et constructions de jardin. Que ce soit pour soutenir de jeunes arbres ou pour fixer des cl\u00f4tures, nos poteaux d&rsquo;arbres sont le choix id\u00e9al.<\/p>\n","protected":false},"featured_media":58332,"template":"","meta":{"_acf_changed":false,"inline_featured_image":false,"footnotes":""},"product_cat":[6920,5386],"product_tag":[],"class_list":{"0":"post-58179","1":"product","2":"type-product","3":"status-publish","4":"has-post-thumbnail","6":"product_cat-clotures-en-chataignier","7":"product_cat-soins-aux-arbres","9":"first","10":"instock","11":"taxable","12":"shipping-taxable","13":"purchasable","14":"product-type-variable"},"acf":{"woocommerce_erp_id":"19556","woocommerce_cnk_id":"203556","product_density":0,"custom_prices":[{"variation_id":"58180","customer_group":"CON","customer_id":"","min_qty":1,"max_qty":9999999,"steps":1,"price":3.31,"price_incl":4,"delivery_group":"COLLECT"},{"variation_id":"58180","customer_group":"CON","customer_id":"","min_qty":1,"max_qty":9999999,"steps":1,"price":3.31,"price_incl":4,"delivery_group":"DELIVERY"}],"packaging_ids":[{"packaging_name":"Pi\u00e8ce","packaging_id":"7","erp_id":"19556"}],"c_lengte":"","c_breedte":"","c_hoogte":""},"_links":{"self":[{"href":"https:\/\/www.jatu.be\/fr\/wp-json\/wp\/v2\/product\/58179","targetHints":{"allow":["GET"]}}],"collection":[{"href":"https:\/\/www.jatu.be\/fr\/wp-json\/wp\/v2\/product"}],"about":[{"href":"https:\/\/www.jatu.be\/fr\/wp-json\/wp\/v2\/types\/product"}],"version-history":[{"count":4,"href":"https:\/\/www.jatu.be\/fr\/wp-json\/wp\/v2\/product\/58179\/revisions"}],"predecessor-version":[{"id":58488,"href":"https:\/\/www.jatu.be\/fr\/wp-json\/wp\/v2\/product\/58179\/revisions\/58488"}],"wp:featuredmedia":[{"embeddable":true,"href":"https:\/\/www.jatu.be\/fr\/wp-json\/wp\/v2\/media\/58332"}],"wp:attachment":[{"href":"https:\/\/www.jatu.be\/fr\/wp-json\/wp\/v2\/media?parent=58179"}],"wp:term":[{"taxonomy":"product_cat","embeddable":true,"href":"https:\/\/www.jatu.be\/fr\/wp-json\/wp\/v2\/product_cat?post=58179"},{"taxonomy":"product_tag","embeddable":true,"href":"https:\/\/www.jatu.be\/fr\/wp-json\/wp\/v2\/product_tag?post=58179"}],"curies":[{"name":"wp","href":"https:\/\/api.w.org\/{rel}","templated":true}]}}