{"id":58897,"date":"2024-08-20T13:44:20","date_gmt":"2024-08-20T11:44:20","guid":{"rendered":"https:\/\/www.jatu.be\/?post_type=product&#038;p=58897"},"modified":"2026-03-09T09:58:18","modified_gmt":"2026-03-09T08:58:18","slug":"dcm-calcaire-vert-20-kg-pelouse-saine","status":"publish","type":"product","link":"https:\/\/www.jatu.be\/fr\/produit\/dcm-calcaire-vert-20-kg-pelouse-saine\/","title":{"rendered":"DCM Calcaire vert"},"content":{"rendered":"","protected":false},"excerpt":{"rendered":"<h2>DCM Calcaire-Vert 20kg : Pour un Gazon Sain et \u00c9clatant<\/h2>\n<p>Vous souhaitez un gazon bien vert et des plantes robustes et saines ? Tout commence par un sol en bonne sant\u00e9 ! Avec DCM Calcaire-Vert 20kg, vous am\u00e9liorez facilement la qualit\u00e9 du sol de votre jardin. Ce granul\u00e9 soluble est riche en magn\u00e9sium, ce qui garantit une couleur vert intense pour votre gazon et vos feuilles.<\/p>\n<h3>Pourquoi Choisir DCM Calcaire-Vert ?<\/h3>\n<ul>\n<li>\n<p>\ud83d\udfe2 <strong>Am\u00e9lioration de la Structure du Sol :<\/strong> Un sol plus a\u00e9r\u00e9 pour des racines plus fortes et des plantes en meilleure sant\u00e9.<\/p>\n<\/li>\n<li>\n<p>\ud83d\udca7 <strong>D\u00e9acidification du Sol :<\/strong> Aide \u00e0 \u00e9quilibrer le pH du sol, permettant ainsi aux plantes d&rsquo;absorber plus facilement les nutriments.<\/p>\n<\/li>\n<li>\n<p>\ud83c\udf3f <strong>Couleur Vert Intense :<\/strong> Enrichi avec 15% d&rsquo;oxyde de magn\u00e9sium, pour une couleur verte intense du gazon et des plantes.<\/p>\n<\/li>\n<li>\n<p>\ud83c\udf31 <strong>Convient aux Jardins Biologiques :<\/strong> Peut \u00eatre utilis\u00e9 en toute s\u00e9curit\u00e9 dans un jardin biologique, vous permettant de prendre soin de votre sol et de vos plantes de mani\u00e8re naturelle.<\/p>\n<\/li>\n<\/ul>\n<h3>Quand Utiliser DCM Calcaire-Vert ?<\/h3>\n<p>Utilisez DCM Calcaire-Vert de pr\u00e9f\u00e9rence de septembre \u00e0 mai. \u00c9vitez son utilisation pendant les mois d&rsquo;\u00e9t\u00e9 (juin, juillet, ao\u00fbt) afin de permettre \u00e0 vos plantes de profiter pleinement des bienfaits de la chaux. Pour des r\u00e9sultats optimaux, appliquez la chaux par temps humide, car la d\u00e9acidification est alors plus rapide.<\/p>\n<table style=\"border-collapse: collapse; width: 100%;\" border=\"1\">\n<tbody>\n<tr>\n<td style=\"width: 50%;\"><strong>Mois<\/strong><\/td>\n<td style=\"width: 50%;\"><strong>Utilisation de DCM Calcaire-Vert ?<\/strong><\/td>\n<\/tr>\n<tr>\n<td style=\"width: 50%;\">Janvier<\/td>\n<td style=\"width: 50%; text-align: center;\"><strong>\u2714\ufe0f<\/strong><\/td>\n<\/tr>\n<tr>\n<td style=\"width: 50%;\">F\u00e9vrier<\/td>\n<td style=\"width: 50%; text-align: center;\"><strong>\u2714\ufe0f<\/strong><\/td>\n<\/tr>\n<tr>\n<td style=\"width: 50%;\">Mars<\/td>\n<td style=\"width: 50%; text-align: center;\"><strong>\u2714\ufe0f<\/strong><\/td>\n<\/tr>\n<tr>\n<td style=\"width: 50%;\">Avril<\/td>\n<td style=\"width: 50%; text-align: center;\"><strong>\u2714\ufe0f<\/strong><\/td>\n<\/tr>\n<tr>\n<td style=\"width: 50%;\">Mai<\/td>\n<td style=\"width: 50%; text-align: center;\"><strong>\u2714\ufe0f<\/strong><\/td>\n<\/tr>\n<tr>\n<td style=\"width: 50%;\">Juin<\/td>\n<td style=\"width: 50%; text-align: center;\"><strong>\u274c<\/strong><\/td>\n<\/tr>\n<tr>\n<td style=\"width: 50%;\">Juillet<\/td>\n<td style=\"width: 50%; text-align: center;\"><strong>\u274c<\/strong><\/td>\n<\/tr>\n<tr>\n<td style=\"width: 50%;\">Ao\u00fbt<\/td>\n<td style=\"width: 50%; text-align: center;\"><strong>\u274c<\/strong><\/td>\n<\/tr>\n<tr>\n<td style=\"width: 50%;\">Septembre<\/td>\n<td style=\"width: 50%; text-align: center;\"><strong>\u2714\ufe0f<\/strong><\/td>\n<\/tr>\n<tr>\n<td style=\"width: 50%;\">Octobre<\/td>\n<td style=\"width: 50%; text-align: center;\"><strong>\u2714\ufe0f<\/strong><\/td>\n<\/tr>\n<tr>\n<td style=\"width: 50%;\">Novembre<\/td>\n<td style=\"width: 50%; text-align: center;\"><strong>\u2714\ufe0f<\/strong><\/td>\n<\/tr>\n<tr>\n<td style=\"width: 50%;\">D\u00e9cembre<\/td>\n<td style=\"width: 50%; text-align: center;\"><strong>\u2714\ufe0f<\/strong><\/td>\n<\/tr>\n<\/tbody>\n<\/table>\n<h3>O\u00f9 Appliquer DCM Calcaire-Vert ?<\/h3>\n<ul>\n<li>\n<p><strong>Gazon :<\/strong><\/p>\n<ul>\n<li>\n<p>Vous avez de la mousse dans votre gazon ? Cela signifie que votre sol est probablement trop acide. DCM Calcaire-Vert aide \u00e0 r\u00e9duire l&rsquo;acidit\u00e9, limitant ainsi la prolif\u00e9ration de la mousse et renfor\u00e7ant votre gazon.<\/p>\n<\/li>\n<\/ul>\n<\/li>\n<li>\n<p><strong>Jardin Ornemental :<\/strong><\/p>\n<ul>\n<li>\n<p><u>Application fr\u00e9quente ou r\u00e9guli\u00e8re<\/u> : Pour les plantes calcicoles comme le buis, l\u2019if et la lavande.<\/p>\n<\/li>\n<li>\n<p><u>Dosage normal de chaux<\/u> : Pour les plantes neutrophiles qui n&rsquo;ont pas de besoins sp\u00e9cifiques en chaux.<\/p>\n<\/li>\n<li>\n<p><u>Pas de chaux<\/u> : Pour les plantes acidophiles comme les rhododendrons, qui pr\u00e9f\u00e8rent un sol acide.<\/p>\n<\/li>\n<li>\n<p><u>Plantes calcicoles en pots<\/u> : Utilisez DCM Calcaire-Vert pour les plantes telles que le buis, qui sont en pots depuis des ann\u00e9es et ont besoin d&rsquo;un suppl\u00e9ment de chaux.<\/p>\n<\/li>\n<\/ul>\n<\/li>\n<li>\n<p><strong>L\u00e9gumes, Herbes et Fruits :<\/strong><\/p>\n<ul>\n<li>\n<p>u&gt;Application fr\u00e9quente ou r\u00e9guli\u00e8re : Pour les l\u00e9gumes-feuilles et les l\u00e9gumes-racines qui n\u00e9cessitent plus de chaux.<\/p>\n<\/li>\n<li>\n<p><u>Dosage normal<\/u><u> <\/u><u>de<\/u><u> chaux<\/u> : Pour les l\u00e9gumes-fruits, les herbes et les l\u00e9gumineuses.<\/p>\n<\/li>\n<li>\n<p><u>Pas de chaux<\/u> : Pour les pommes de terre et les baies, qui pr\u00e9f\u00e8rent un sol l\u00e9g\u00e8rement acide.<\/p>\n<\/li>\n<\/ul>\n<\/li>\n<li>\n<p><strong>Compost :<\/strong><\/p>\n<ul>\n<li>\n<p>Acc\u00e9l\u00e9rez le processus de compostage en ajoutant DCM Calcaire-Vert. Cela aide \u00e0 d\u00e9composer plus rapidement les mati\u00e8res organiques, produisant ainsi du compost pour votre jardin plus rapidement.<\/p>\n<\/li>\n<\/ul>\n<\/li>\n<li>\n<p><strong>\u00c9tangs :<\/strong><\/p>\n<ul>\n<li>\n<p>Utilisez DCM Calcaire-Vert dans les \u00e9tangs pour acc\u00e9l\u00e9rer la d\u00e9gradation des boues. Cela aide \u00e0 garder votre \u00e9tang propre et clair.<\/p>\n<\/li>\n<\/ul>\n<\/li>\n<\/ul>\n<h3>Comment Utiliser DCM Calcaire-Vert ?<\/h3>\n<p>Suivez ces \u00e9tapes simples pour obtenir les meilleurs r\u00e9sultats :<\/p>\n<ol>\n<li>\u00c9pandez 8-12 kg de DCM Calcaire-Vert par 100 m\u00b2 sur votre gazon ou jardin.<\/li>\n<li>Utilisez de pr\u00e9f\u00e9rence par temps humide pour acc\u00e9l\u00e9rer l&rsquo;effet de la chaux.<\/li>\n<li>Profitez d&rsquo;un gazon plus sain et de plantes plus vigoureuses en un rien de temps !<\/li>\n<\/ol>\n<h4>Dosage pour Diff\u00e9rentes Applications<\/h4>\n<ul>\n<li>\n<p>Entretien annuel de votre gazon : 0,8 \u2013 1,2 kg par 10 m\u00b2.<\/p>\n<\/li>\n<li>\n<p>Correction des sols acides :<\/p>\n<ul>\n<li>\n<p>Automne : 2 kg par 10 m\u00b2.<\/p>\n<\/li>\n<li>\n<p>Printemps : 1,5 kg par 10 m\u00b2.<\/p>\n<\/li>\n<\/ul>\n<\/li>\n<li>\n<p>Compost : 0,5 \u2013 1 kg par m\u00b3 de compost.<\/p>\n<\/li>\n<li>\n<p>Entretien des plantes en pots : 2,5 g par litre de terreau.<\/p>\n<\/li>\n<\/ul>\n<p>Choisissez DCM Calcaire-Vert 20kg et offrez \u00e0 votre jardin les soins qu&rsquo;il m\u00e9rite. Avec cet amendement calcaire de haute qualit\u00e9, vous assurez un sol sain et des plantes \u00e9clatantes de vie.<\/p>\n","protected":false},"featured_media":58905,"template":"","meta":{"_acf_changed":false,"inline_featured_image":false,"footnotes":""},"product_cat":[7061,5391,5404,6864],"product_tag":[],"class_list":{"0":"post-58897","1":"product","2":"type-product","3":"status-publish","4":"has-post-thumbnail","6":"product_cat-engrais-dcm","7":"product_cat-conditionneurs-de-sol","8":"product_cat-gazon-et-plus","9":"product_cat-entretien-des-jardins","11":"first","12":"instock","13":"taxable","14":"shipping-taxable","15":"purchasable","16":"product-type-variable"},"acf":{"woocommerce_erp_id":"19564","woocommerce_cnk_id":"203564","product_density":0,"custom_prices":[{"variation_id":"58898","customer_group":"CON","customer_id":"","min_qty":1,"max_qty":9999999,"steps":1,"price":11.32,"price_incl":12,"delivery_group":"COLLECT"},{"variation_id":"58898","customer_group":"CON","customer_id":"","min_qty":1,"max_qty":9999999,"steps":1,"price":11.32,"price_incl":12,"delivery_group":"DELIVERY"}],"packaging_ids":[{"packaging_name":"Pi\u00e8ce","packaging_id":"7","erp_id":"19564"}],"c_lengte":"","c_breedte":"","c_hoogte":""},"_links":{"self":[{"href":"https:\/\/www.jatu.be\/fr\/wp-json\/wp\/v2\/product\/58897","targetHints":{"allow":["GET"]}}],"collection":[{"href":"https:\/\/www.jatu.be\/fr\/wp-json\/wp\/v2\/product"}],"about":[{"href":"https:\/\/www.jatu.be\/fr\/wp-json\/wp\/v2\/types\/product"}],"version-history":[{"count":4,"href":"https:\/\/www.jatu.be\/fr\/wp-json\/wp\/v2\/product\/58897\/revisions"}],"predecessor-version":[{"id":63198,"href":"https:\/\/www.jatu.be\/fr\/wp-json\/wp\/v2\/product\/58897\/revisions\/63198"}],"wp:featuredmedia":[{"embeddable":true,"href":"https:\/\/www.jatu.be\/fr\/wp-json\/wp\/v2\/media\/58905"}],"wp:attachment":[{"href":"https:\/\/www.jatu.be\/fr\/wp-json\/wp\/v2\/media?parent=58897"}],"wp:term":[{"taxonomy":"product_cat","embeddable":true,"href":"https:\/\/www.jatu.be\/fr\/wp-json\/wp\/v2\/product_cat?post=58897"},{"taxonomy":"product_tag","embeddable":true,"href":"https:\/\/www.jatu.be\/fr\/wp-json\/wp\/v2\/product_tag?post=58897"}],"curies":[{"name":"wp","href":"https:\/\/api.w.org\/{rel}","templated":true}]}}