{"id":59079,"date":"2024-08-30T11:22:07","date_gmt":"2024-08-30T09:22:07","guid":{"rendered":"https:\/\/www.jatu.be\/?post_type=product&#038;p=59079"},"modified":"2026-03-09T09:27:49","modified_gmt":"2026-03-09T08:27:49","slug":"clinopti-plus-7-16-etang","status":"publish","type":"product","link":"https:\/\/www.jatu.be\/fr\/produit\/clinopti-plus-7-16-etang\/","title":{"rendered":"Clinopti Plus 7\/16"},"content":{"rendered":"","protected":false},"excerpt":{"rendered":"<div class=\"flex-shrink-0 flex flex-col relative items-end\">\n<div class=\"pt-0\">\n<div class=\"gizmo-bot-avatar flex h-8 w-8 items-center justify-center overflow-hidden rounded-full\">\n<h2>Achetez Clinopti Plus 7\/16. Pour un \u00c9tang Sain et Stable<\/h2>\n<p>Vous souhaitez avoir une eau d&rsquo;\u00e9tang cristalline et un \u00e9tang sain ? D\u00e9couvrez <strong>Clinopti Plus<\/strong>, la solution naturelle pour un environnement de bassin optimal. Ce mat\u00e9riau poreux avanc\u00e9 s&rsquo;est form\u00e9 il y a des millions d&rsquo;ann\u00e9es gr\u00e2ce \u00e0 la r\u00e9action de l&rsquo;eau basique avec les cendres volcaniques. Il poss\u00e8de une structure en nid d&rsquo;abeille tridimensionnelle unique avec une charpente fortement charg\u00e9e n\u00e9gativement, ce qui le rend id\u00e9al pour am\u00e9liorer la qualit\u00e9 de l&rsquo;eau de votre \u00e9tang.<\/div>\n<\/div>\n<\/div>\n<div class=\"group\/conversation-turn relative flex w-full min-w-0 flex-col agent-turn\">\n<div class=\"flex-col gap-1 md:gap-3\">\n<div class=\"flex max-w-full flex-col flex-grow\">\n<div class=\"min-h-[20px] text-message flex w-full flex-col items-end gap-2 break-words [.text-message+&amp;]:mt-5 overflow-x-auto whitespace-normal\" dir=\"auto\" data-message-author-role=\"assistant\" data-message-id=\"8254b840-f818-4838-a47c-e266fa9c76af\">\n<div class=\"flex w-full flex-col gap-1 empty:hidden first:pt-[3px]\">\n<div class=\"markdown prose w-full break-words dark:prose-invert light\">\n<h3>Avantages de Clinopti Plus :<\/h3>\n<ol>\n<li>\n<p><strong>Adh\u00e9sion Optimale pour les Bact\u00e9ries Filtrantes<br \/>\n<\/strong>Assurez un environnement de bassin propre et clair gr\u00e2ce \u00e0 l&rsquo;adh\u00e9sion optimale des bact\u00e9ries b\u00e9n\u00e9fiques qui aident \u00e0 la purification de l&rsquo;eau.<\/p>\n<\/li>\n<li>\n<p><strong>Adsorption des Substances Nocives<br \/>\n<\/strong>Clinopti Plus absorbe les substances nocives telles que les m\u00e9taux lourds et l&rsquo;ammonium pr\u00e9sents dans l&rsquo;eau, contribuant ainsi \u00e0 un \u00e9tang plus propre.<\/p>\n<\/li>\n<li>\n<p><strong>R\u00e9gulation des Compos\u00e9s Azot\u00e9s et Phosphor\u00e9s<br \/>\n<\/strong>Ce produit agit comme un tampon pour des substances importantes telles que les composants azot\u00e9s et ammoniacaux et les phosphates. Ceux-ci sont absorb\u00e9s lorsqu&rsquo;ils sont pr\u00e9sents en exc\u00e8s et lib\u00e9r\u00e9s \u00e0 nouveau lorsque n\u00e9cessaire, ce qui aide \u00e0 r\u00e9duire les fluctuations de la qualit\u00e9 de l&rsquo;eau.<\/p>\n<\/li>\n<li>\n<p><strong>Stabilisation de l&rsquo;Environnement de l&rsquo;\u00c9tang<br \/>\n<\/strong>Profitez d&rsquo;un environnement d&rsquo;\u00e9tang stable avec moins de probl\u00e8mes d&rsquo;algues et moins de fluctuations dans la qualit\u00e9 de l&rsquo;eau. Clinopti Plus fonctionne comme une r\u00e9serve, garantissant un environnement de bassin beaucoup plus stable.<\/p>\n<\/li>\n<\/ol>\n<h4>Conseils Pratiques<\/h4>\n<ul>\n<li>\n<p>Pour de meilleurs r\u00e9sultats, r\u00e9partissez Clinopti Plus uniform\u00e9ment sur le fond de votre \u00e9tang.<\/p>\n<\/li>\n<\/ul>\n<h4>Dosage Recommand\u00e9<\/h4>\n<ul>\n<li>\n<p>20 kg pour 1000 litres d&rsquo;eau de bassin<\/p>\n<\/li>\n<\/ul>\n<h3>Livraison<\/h3>\n<ul>\n<li>\n<p><strong>Veuillez noter<\/strong>: Nous nous effor\u00e7ons de livrer votre commande le plus rapidement possible. Cependant, le d\u00e9lai de livraison pour le Big Bag de 1000 kg peut varier en fonction de l&rsquo;\u00e9tat des stocks. Veuillez noter que le d\u00e9lai de livraison peut \u00eatre plus long si le produit est temporairement en rupture de stock.<\/p>\n<\/li>\n<\/ul>\n<h2>Commandez Maintenant !<\/h2>\n<p>Commandez d\u00e8s aujourd&rsquo;hui <strong>Clinopti Plus<\/strong> et profitez d&rsquo;un \u00e9tang magnifique et clair ! Avec Clinopti Plus, vous cr\u00e9ez un environnement sain et stable pour votre \u00e9tang, avec une excellente qualit\u00e9 d&rsquo;eau.<\/div>\n<\/div>\n<\/div>\n<\/div>\n<\/div>\n<\/div>\n","protected":false},"featured_media":59084,"template":"","meta":{"_acf_changed":false,"inline_featured_image":false,"footnotes":""},"product_cat":[5421],"product_tag":[],"class_list":{"0":"post-59079","1":"product","2":"type-product","3":"status-publish","4":"has-post-thumbnail","6":"product_cat-produits-detang","8":"first","9":"instock","10":"taxable","11":"shipping-taxable","12":"purchasable","13":"product-type-variable"},"acf":{"woocommerce_erp_id":"18241","woocommerce_cnk_id":"201692","product_density":0,"custom_prices":[{"variation_id":"59080","customer_group":"CON","customer_id":"","min_qty":1,"max_qty":9999999,"steps":1,"price":985.95,"price_incl":1193,"delivery_group":"COLLECT"},{"variation_id":"59080","customer_group":"CON","customer_id":"","min_qty":1,"max_qty":9999999,"steps":1,"price":985.95,"price_incl":1193,"delivery_group":"DELIVERY"},{"variation_id":"59081","customer_group":"CON","customer_id":"","min_qty":1,"max_qty":9999999,"steps":1,"price":26.45,"price_incl":32,"delivery_group":"COLLECT"},{"variation_id":"59081","customer_group":"CON","customer_id":"","min_qty":1,"max_qty":9999999,"steps":1,"price":26.45,"price_incl":32,"delivery_group":"DELIVERY"}],"packaging_ids":[{"packaging_name":"Big bag 1000 kg","packaging_id":"2","erp_id":"18241"},{"packaging_name":"Pi\u00e8ce","packaging_id":"7","erp_id":"18238"}],"c_lengte":"","c_breedte":"","c_hoogte":""},"_links":{"self":[{"href":"https:\/\/www.jatu.be\/fr\/wp-json\/wp\/v2\/product\/59079","targetHints":{"allow":["GET"]}}],"collection":[{"href":"https:\/\/www.jatu.be\/fr\/wp-json\/wp\/v2\/product"}],"about":[{"href":"https:\/\/www.jatu.be\/fr\/wp-json\/wp\/v2\/types\/product"}],"version-history":[{"count":5,"href":"https:\/\/www.jatu.be\/fr\/wp-json\/wp\/v2\/product\/59079\/revisions"}],"predecessor-version":[{"id":59105,"href":"https:\/\/www.jatu.be\/fr\/wp-json\/wp\/v2\/product\/59079\/revisions\/59105"}],"wp:featuredmedia":[{"embeddable":true,"href":"https:\/\/www.jatu.be\/fr\/wp-json\/wp\/v2\/media\/59084"}],"wp:attachment":[{"href":"https:\/\/www.jatu.be\/fr\/wp-json\/wp\/v2\/media?parent=59079"}],"wp:term":[{"taxonomy":"product_cat","embeddable":true,"href":"https:\/\/www.jatu.be\/fr\/wp-json\/wp\/v2\/product_cat?post=59079"},{"taxonomy":"product_tag","embeddable":true,"href":"https:\/\/www.jatu.be\/fr\/wp-json\/wp\/v2\/product_tag?post=59079"}],"curies":[{"name":"wp","href":"https:\/\/api.w.org\/{rel}","templated":true}]}}