{"id":59828,"date":"2024-09-06T16:24:38","date_gmt":"2024-09-06T14:24:38","guid":{"rendered":"https:\/\/www.jatu.be\/?post_type=product&#038;p=59828"},"modified":"2026-03-09T09:54:47","modified_gmt":"2026-03-09T08:54:47","slug":"dcm-spreader-2500","status":"publish","type":"product","link":"https:\/\/www.jatu.be\/fr\/produit\/dcm-spreader-2500\/","title":{"rendered":"DCM Spreader 2500"},"content":{"rendered":"","protected":false},"excerpt":{"rendered":"<h2>DCM Spreader 2500 Pro. Travail de semis simplifi\u00e9 pour un jardin \u00e9clatant \u2013 Livraison gratuite<\/h2>\n<p>Rendez le jardinage plus simple et plus efficace avec le <strong>DCM Spreader 2500 Pro<\/strong>, le choix id\u00e9al pour tous ceux qui souhaitent obtenir un r\u00e9sultat professionnel \u00e0 domicile. Avec une grande capacit\u00e9 de <strong>40 litres<\/strong>, cet \u00e9pandeur est parfait pour r\u00e9partir uniform\u00e9ment les engrais, les semences de gazon ou la chaux dans votre jardin. <strong>Profitez \u00e9galement de la livraison gratuite pour une exp\u00e9rience encore plus agr\u00e9able.<\/strong><\/p>\n<p>Gr\u00e2ce \u00e0 ses <strong>roues pneumatiques souples<\/strong>, l&rsquo;\u00e9pandeur se d\u00e9place en douceur, m\u00eame sur une pelouse irr\u00e9guli\u00e8re. Une manette pratique vous permet de r\u00e9gler pr\u00e9cis\u00e9ment la quantit\u00e9 de mat\u00e9riau \u00e0 \u00e9pandre. De plus, la fonction int\u00e9gr\u00e9e emp\u00eache toute dispersion dans vos bordures ou sur votre terrasse.<\/p>\n<p>La <strong>poign\u00e9e confortable avec une prise douce<\/strong> rend l&rsquo;utilisation de l&rsquo;\u00e9pandeur facile, m\u00eame lors de longues s\u00e9ances de travail. Le <strong>DCM Spreader 2500 Pro<\/strong> est adapt\u00e9 \u00e0 divers mat\u00e9riaux, tels que les engrais granulaires, la chaux et les semences de gazon, et aide \u00e0 maintenir votre jardin sain et bien entretenu tout au long de l&rsquo;ann\u00e9e.<\/p>\n<h3>Avantages :<\/h3>\n<ul>\n<li>\n<p>Grande capacit\u00e9 de 40 litres, donc moins de remplissage fr\u00e9quent<\/p>\n<\/li>\n<li>\n<p>R\u00e9partition uniforme, m\u00eame sur un terrain accident\u00e9<\/p>\n<\/li>\n<li>\n<p>R\u00e9glage facile de la diffusion pour un \u00e9pandage pr\u00e9cis<\/p>\n<\/li>\n<li>\n<p>Emp\u00eache la dispersion dans vos bordures ou sur vos all\u00e9es<\/p>\n<\/li>\n<li>\n<p>Poign\u00e9e confortable avec prise douce, id\u00e9ale pour une utilisation prolong\u00e9e<\/p>\n<\/li>\n<li>\n<p><strong>Livraison gratuite<\/strong>, pour un service encore plus pratique<\/p>\n<\/li>\n<\/ul>\n<p>Avec le <strong>DCM Spreader 2500 Pro<\/strong>, le jardinage devient un jeu d&rsquo;enfant et vous profitez d&rsquo;un jardin parfaitement entretenu sans tracas. Parfait pour tous les amateurs de jardinage !<\/p>\n","protected":false},"featured_media":59832,"template":"","meta":{"_acf_changed":false,"inline_featured_image":false,"footnotes":""},"product_cat":[7061,6864],"product_tag":[],"class_list":{"0":"post-59828","1":"product","2":"type-product","3":"status-publish","4":"has-post-thumbnail","6":"product_cat-engrais-dcm","7":"product_cat-entretien-des-jardins","9":"first","10":"instock","11":"taxable","12":"shipping-taxable","13":"purchasable","14":"product-type-variable"},"acf":{"woocommerce_erp_id":"19485","woocommerce_cnk_id":"203484","product_density":0,"custom_prices":[{"variation_id":"59829","customer_group":"CON","customer_id":"","min_qty":1,"max_qty":9999999,"steps":1,"price":300,"price_incl":363,"delivery_group":"COLLECT"},{"variation_id":"59829","customer_group":"CON","customer_id":"","min_qty":1,"max_qty":9999999,"steps":1,"price":300,"price_incl":363,"delivery_group":"DELIVERY"}],"packaging_ids":[{"packaging_name":"Pi\u00e8ce","packaging_id":"7","erp_id":"19485"}],"c_lengte":"","c_breedte":"","c_hoogte":""},"_links":{"self":[{"href":"https:\/\/www.jatu.be\/fr\/wp-json\/wp\/v2\/product\/59828","targetHints":{"allow":["GET"]}}],"collection":[{"href":"https:\/\/www.jatu.be\/fr\/wp-json\/wp\/v2\/product"}],"about":[{"href":"https:\/\/www.jatu.be\/fr\/wp-json\/wp\/v2\/types\/product"}],"version-history":[{"count":3,"href":"https:\/\/www.jatu.be\/fr\/wp-json\/wp\/v2\/product\/59828\/revisions"}],"predecessor-version":[{"id":59842,"href":"https:\/\/www.jatu.be\/fr\/wp-json\/wp\/v2\/product\/59828\/revisions\/59842"}],"wp:featuredmedia":[{"embeddable":true,"href":"https:\/\/www.jatu.be\/fr\/wp-json\/wp\/v2\/media\/59832"}],"wp:attachment":[{"href":"https:\/\/www.jatu.be\/fr\/wp-json\/wp\/v2\/media?parent=59828"}],"wp:term":[{"taxonomy":"product_cat","embeddable":true,"href":"https:\/\/www.jatu.be\/fr\/wp-json\/wp\/v2\/product_cat?post=59828"},{"taxonomy":"product_tag","embeddable":true,"href":"https:\/\/www.jatu.be\/fr\/wp-json\/wp\/v2\/product_tag?post=59828"}],"curies":[{"name":"wp","href":"https:\/\/api.w.org\/{rel}","templated":true}]}}