{"id":62270,"date":"2024-10-24T08:54:16","date_gmt":"2024-10-24T06:54:16","guid":{"rendered":"https:\/\/www.jatu.be\/?post_type=product&#038;p=62270"},"modified":"2026-03-09T09:55:55","modified_gmt":"2026-03-09T08:55:55","slug":"film-textile-anti-racines-sur-mesure","status":"publish","type":"product","link":"https:\/\/www.jatu.be\/fr\/produit\/film-textile-anti-racines-sur-mesure\/","title":{"rendered":"Film textile anti-racines sur mesure par 4 m\u00b2"},"content":{"rendered":"","protected":false},"excerpt":{"rendered":"<h2>Achetez du film textile anti-racines, sur mesure par tranche de 4m\u00b2 en rouleau<\/h2>\n<p>Prot\u00e9gez votre <a href=\"https:\/\/www.jatu.be\/fr\/categorie-produit\/toit-vert\/\">toit v\u00e9g\u00e9talis\u00e9<\/a> avec notre film anti-racines de haute qualit\u00e9, sp\u00e9cialement con\u00e7u pour emp\u00eacher les racines de traverser la couche d&rsquo;\u00e9tanch\u00e9it\u00e9 de votre toit. Ce film est essentiel pour la protection durable et la stabilit\u00e9 des toitures v\u00e9g\u00e9talis\u00e9es extensives.<\/p>\n<h3>Caract\u00e9ristiques et avantages :<\/h3>\n<ul>\n<li><strong>Anti-racines<\/strong> : emp\u00eache les racines d&rsquo;endommager la structure du toit et prot\u00e8ge ainsi votre couche d&rsquo;\u00e9tanch\u00e9it\u00e9.<\/li>\n<li><strong>Durable et robuste<\/strong> : fabriqu\u00e9 en mat\u00e9riau HDPE (poly\u00e9thyl\u00e8ne haute densit\u00e9) tr\u00e8s durable, offrant une excellente r\u00e9sistance \u00e0 la perforation par les racines et aux produits chimiques.<\/li>\n<li><strong>R\u00e9sistant aux UV<\/strong> : con\u00e7u pour r\u00e9sister au soleil et \u00e0 d&rsquo;autres intemp\u00e9ries, prolongeant ainsi consid\u00e9rablement la dur\u00e9e de vie du produit.<\/li>\n<li><strong>Flexible et facile \u00e0 installer<\/strong> : il peut \u00eatre facilement d\u00e9coup\u00e9 sur mesure et manipul\u00e9, m\u00eame dans les endroits difficiles d&rsquo;acc\u00e8s.<\/li>\n<li><strong>\u00c9tanche<\/strong> : le film agit comme une couche suppl\u00e9mentaire de protection contre l&rsquo;eau, pr\u00e9venant ainsi les fuites.<\/li>\n<li><strong>L\u00e9ger<\/strong> : facile \u00e0 manipuler et \u00e0 installer sans avoir besoin de machines lourdes.<\/li>\n<\/ul>\n<h3>Utilisation du film textile anti-racines:<\/h3>\n<p>Ce film anti-racines est id\u00e9al en combinaison avec les <a href=\"https:\/\/www.jatu.be\/fr\/produit\/toit-vert-en-tuiles-de-sedum\/\">dalles de sedum<\/a>, pour une <a href=\"https:\/\/www.jatu.be\/fr\/project\/guide-installation-toit-vert-sedum\/\">installation sans souci d&rsquo;une toiture v\u00e9g\u00e9talis\u00e9e<\/a> extensive. Il est recommand\u00e9 pour les constructions de toits n\u00e9cessitant une protection durable contre la croissance des racines, comme pour les toitures v\u00e9g\u00e9talis\u00e9es extensives et intensives. Commandez ce film par tranche de 4m\u00b2, offrant une solution flexible et abordable pour les petits comme pour les grands projets.<\/p>\n<h3>Caract\u00e9ristiques techniques:<\/h3>\n<ul>\n<li><strong>Mat\u00e9riau<\/strong> : HDPE (poly\u00e9thyl\u00e8ne haute densit\u00e9)<\/li>\n<li><strong>Couleur<\/strong> : noir<\/li>\n<li><strong>\u00c9paisseur<\/strong> : 1 mm<\/li>\n<li><strong>Surface<\/strong> : disponible par tranche de 4m\u00b2<\/li>\n<li><strong>R\u00e9sistant aux UV<\/strong> : oui<\/li>\n<li><strong>\u00c9tanche<\/strong> : oui<\/li>\n<\/ul>\n<h3>Film anti-racines dans votre kit toiture v\u00e9g\u00e9talis\u00e9e:<\/h3>\n<p>Notre film anti-racines est inclus en standard dans le kit toiture avec dalles de sedum, vous permettant d\u2019installer facilement et efficacement une toiture v\u00e9g\u00e9talis\u00e9e sans avoir \u00e0 chercher d\u2019autres produits. Ce kit offre la combinaison parfaite pour une installation rapide et simple, sans souci de croissance des racines.<\/p>\n","protected":false},"featured_media":62278,"template":"","meta":{"_acf_changed":false,"inline_featured_image":false,"footnotes":""},"product_cat":[5399],"product_tag":[],"class_list":{"0":"post-62270","1":"product","2":"type-product","3":"status-publish","4":"has-post-thumbnail","6":"product_cat-toit-vert","8":"first","9":"instock","10":"taxable","11":"shipping-taxable","12":"purchasable","13":"product-type-variable"},"acf":{"woocommerce_erp_id":"19507","woocommerce_cnk_id":"203506","product_density":4,"custom_prices":[{"variation_id":"62271","customer_group":"CON","customer_id":"","min_qty":4,"max_qty":9999999,"steps":4,"price":4.96,"price_incl":6,"delivery_group":"COLLECT"},{"variation_id":"62271","customer_group":"CON","customer_id":"","min_qty":4,"max_qty":9999999,"steps":4,"price":4.96,"price_incl":6,"delivery_group":"DELIVERY"}],"packaging_ids":[{"packaging_name":"m\u00b2","packaging_id":"8","erp_id":"19507"}],"c_lengte":"","c_breedte":"","c_hoogte":""},"_links":{"self":[{"href":"https:\/\/www.jatu.be\/fr\/wp-json\/wp\/v2\/product\/62270","targetHints":{"allow":["GET"]}}],"collection":[{"href":"https:\/\/www.jatu.be\/fr\/wp-json\/wp\/v2\/product"}],"about":[{"href":"https:\/\/www.jatu.be\/fr\/wp-json\/wp\/v2\/types\/product"}],"version-history":[{"count":4,"href":"https:\/\/www.jatu.be\/fr\/wp-json\/wp\/v2\/product\/62270\/revisions"}],"predecessor-version":[{"id":62654,"href":"https:\/\/www.jatu.be\/fr\/wp-json\/wp\/v2\/product\/62270\/revisions\/62654"}],"wp:featuredmedia":[{"embeddable":true,"href":"https:\/\/www.jatu.be\/fr\/wp-json\/wp\/v2\/media\/62278"}],"wp:attachment":[{"href":"https:\/\/www.jatu.be\/fr\/wp-json\/wp\/v2\/media?parent=62270"}],"wp:term":[{"taxonomy":"product_cat","embeddable":true,"href":"https:\/\/www.jatu.be\/fr\/wp-json\/wp\/v2\/product_cat?post=62270"},{"taxonomy":"product_tag","embeddable":true,"href":"https:\/\/www.jatu.be\/fr\/wp-json\/wp\/v2\/product_tag?post=62270"}],"curies":[{"name":"wp","href":"https:\/\/api.w.org\/{rel}","templated":true}]}}