{"id":62310,"date":"2024-10-24T12:58:29","date_gmt":"2024-10-24T10:58:29","guid":{"rendered":"https:\/\/www.jatu.be\/?post_type=product&#038;p=62310"},"modified":"2026-05-08T11:48:35","modified_gmt":"2026-05-08T09:48:35","slug":"boutures-de-sedum-par-kg","status":"publish","type":"product","link":"https:\/\/www.jatu.be\/fr\/produit\/boutures-de-sedum-par-kg\/","title":{"rendered":"Boutures de sedum par kg"},"content":{"rendered":"","protected":false},"excerpt":{"rendered":"<p><span style=\"color: #993300;\">Les boutures de Sedum peuvent \u00eatre <strong>enlev\u00e9es sur rendez-vous<\/strong> \u00e0 notre <a style=\"color: #993300;\" href=\"https:\/\/www.jatu.be\/fr\/points-de-collecte\/\">d\u00e9p\u00f4t de Lochristi<\/a>. Il suffit de commander en ligne par kg et de choisir la date d&rsquo;enl\u00e8vement souhait\u00e9e, et nous vous contacterons pour prendre les dispositions n\u00e9cessaires.<\/span><\/p>\n<p><span style=\"color: #993300;\">Comme il s&rsquo;agit de mat\u00e9riaux vivants, nous chercherons \u00e0 coordonner la r\u00e9colte de la bouture et la date d&rsquo;enl\u00e8vement. C&rsquo;est la seule fa\u00e7on de garantir la bonne qualit\u00e9 de la coupe<\/span>.<\/p>\n<h2>Achetez des boutures de s\u00e9dum au kilo, r\u00e9novez ou cultivez vous-m\u00eame votre toit v\u00e9g\u00e9talis\u00e9 extensif<\/h2>\n<p>Avec nos boutures de s\u00e9dum disponibles au kilo, vous pouvez facilement et rapidement <a href=\"https:\/\/www.jatu.be\/fr\/project\/guide-installation-toit-vert-sedum\/\">installer votre propre toit v\u00e9g\u00e9talis\u00e9<\/a> ou r\u00e9nover des <a href=\"https:\/\/www.jatu.be\/fr\/produit\/toit-vert-en-tuiles-de-sedum\/\">toits existants<\/a>. Le s\u00e9dum est une plante grasse rustique et facile d\u2019entretien, id\u00e9ale pour les toits v\u00e9g\u00e9talis\u00e9s extensifs. Gr\u00e2ce \u00e0 la diversit\u00e9 des couleurs et des vari\u00e9t\u00e9s, vous cr\u00e9ez un toit vert magnifique qui reste beau toute l\u2019ann\u00e9e.<\/p>\n<h3>Avantages des boutures de s\u00e9dum :<\/h3>\n<ul>\n<li><strong>Durable et facile d&rsquo;entretien<\/strong> : Le s\u00e9dum n\u00e9cessite peu d\u2019eau et peu d\u2019entretien, ce qui en fait un choix id\u00e9al pour les toitures v\u00e9g\u00e9talis\u00e9es.<\/li>\n<li><strong>Am\u00e9lioration de l&rsquo;isolation<\/strong> : Un toit v\u00e9g\u00e9talis\u00e9 avec des boutures de s\u00e9dum offre une isolation thermique et phonique suppl\u00e9mentaire, permettant ainsi des \u00e9conomies d\u2019\u00e9nergie.<\/li>\n<li><strong>Respectueux de l&rsquo;environnement<\/strong> : Les toits v\u00e9g\u00e9talis\u00e9s contribuent \u00e0 augmenter la biodiversit\u00e9 et \u00e0 r\u00e9duire les \u00e9missions de CO\u2082.<\/li>\n<li><strong>Application flexible<\/strong> : Convient aussi bien pour des petits projets que des grands toits v\u00e9g\u00e9talis\u00e9s.<\/li>\n<\/ul>\n<h3>Comment \u00e7a marche ?<\/h3>\n<p>R\u00e9nover votre toit v\u00e9g\u00e9talis\u00e9 existant en m\u00e9langeant vos propres boutures avec ces boutures de s\u00e9dum de haute qualit\u00e9, cultiv\u00e9es localement. Les boutures de s\u00e9dum peuvent \u00eatre simplement r\u00e9parties sur un substrat ou une membrane \u00e9tanche adapt\u00e9e. Elles s\u2019enracinent naturellement au fil du temps et forment un tapis vert dense. Parfait pour les nouveaux toits v\u00e9g\u00e9talis\u00e9s ou la r\u00e9novation des toits existants.<\/p>\n<h3>Disponible au kilo<\/h3>\n<p>Commandez nos boutures de s\u00e9dum par kg, vous obtiendrez ainsi exactement la quantit\u00e9 dont vous avez besoin. Vous pouvez venir chercher votre commande \u00e0 partir de 1 kg dans notre p\u00e9pini\u00e8re situ\u00e9e au Denen 67 \u00e0 9080 Lochristi. N&rsquo;h\u00e9sitez pas \u00e0 pr\u00e9ciser votre date d&rsquo;enl\u00e8vement, et nous verrons si nous pouvons pr\u00e9parer la bouture \u00e0 cette date. Comme la bouture de sedum est fra\u00eechement coup\u00e9e dans la p\u00e9pini\u00e8re, elle doit \u00e9galement \u00eatre trait\u00e9e le plus rapidement possible apr\u00e8s la r\u00e9colte afin d&rsquo;en garantir la qualit\u00e9. Vous serez contact\u00e9 pour prendre d&rsquo;autres dispositions.<\/p>\n<p>Cr\u00e9ez d\u00e8s aujourd&rsquo;hui votre propre toit v\u00e9g\u00e9talis\u00e9 avec nos boutures de s\u00e9dum de haute qualit\u00e9 ! Que vous ayez une petite surface de toit ou un grand projet, nos boutures de s\u00e9dum offrent une solution flexible et durable.<\/p>\n<h3>Disponibilit\u00e9 :<\/h3>\n<table border=\"1\">\n<tbody>\n<tr>\n<td>Janvier<\/td>\n<td><strong>\u274c<\/strong><\/td>\n<\/tr>\n<tr>\n<td>F\u00e9vrier<\/td>\n<td><strong>\u274c<\/strong><\/td>\n<\/tr>\n<tr>\n<td>Mars<\/td>\n<td><strong>\u274c<\/strong><\/td>\n<\/tr>\n<tr>\n<td>Avril<\/td>\n<td><strong>\u274c<\/strong><\/td>\n<\/tr>\n<tr>\n<td>Mai<\/td>\n<td>\u2714\ufe0f<\/td>\n<\/tr>\n<tr>\n<td>Juin<\/td>\n<td>\u2714\ufe0f<\/td>\n<\/tr>\n<tr>\n<td>Juillet<\/td>\n<td>\u2714\ufe0f<\/td>\n<\/tr>\n<tr>\n<td>Ao\u00fbt<\/td>\n<td>\u2714\ufe0f<\/td>\n<\/tr>\n<tr>\n<td>Septembre<\/td>\n<td>\u2714\ufe0f<\/td>\n<\/tr>\n<tr>\n<td>Octobre<\/td>\n<td><strong>\u274c<\/strong><\/td>\n<\/tr>\n<tr>\n<td>Novembre<\/td>\n<td><strong>\u274c<\/strong><\/td>\n<\/tr>\n<tr>\n<td>D\u00e9cembre<\/td>\n<td><strong>\u274c<\/strong><\/td>\n<\/tr>\n<\/tbody>\n<\/table>\n","protected":false},"featured_media":62317,"template":"","meta":{"_acf_changed":false,"inline_featured_image":false,"footnotes":""},"product_cat":[5399],"product_tag":[],"class_list":{"0":"post-62310","1":"product","2":"type-product","3":"status-publish","4":"has-post-thumbnail","6":"product_cat-toit-vert","8":"first","9":"instock","10":"taxable","11":"shipping-taxable","12":"purchasable","13":"product-type-variable"},"acf":{"woocommerce_erp_id":"19604","woocommerce_cnk_id":"203598","product_density":0,"custom_prices":[{"variation_id":"62311","customer_group":"CON","customer_id":"","min_qty":1,"max_qty":9999999,"steps":1,"price":33.96,"price_incl":36,"delivery_group":"COLLECT"}],"packaging_ids":[{"packaging_name":"Pi\u00e8ce","packaging_id":"7","erp_id":"19604"}],"c_lengte":"","c_breedte":"","c_hoogte":""},"_links":{"self":[{"href":"https:\/\/www.jatu.be\/fr\/wp-json\/wp\/v2\/product\/62310","targetHints":{"allow":["GET"]}}],"collection":[{"href":"https:\/\/www.jatu.be\/fr\/wp-json\/wp\/v2\/product"}],"about":[{"href":"https:\/\/www.jatu.be\/fr\/wp-json\/wp\/v2\/types\/product"}],"version-history":[{"count":5,"href":"https:\/\/www.jatu.be\/fr\/wp-json\/wp\/v2\/product\/62310\/revisions"}],"predecessor-version":[{"id":65884,"href":"https:\/\/www.jatu.be\/fr\/wp-json\/wp\/v2\/product\/62310\/revisions\/65884"}],"wp:featuredmedia":[{"embeddable":true,"href":"https:\/\/www.jatu.be\/fr\/wp-json\/wp\/v2\/media\/62317"}],"wp:attachment":[{"href":"https:\/\/www.jatu.be\/fr\/wp-json\/wp\/v2\/media?parent=62310"}],"wp:term":[{"taxonomy":"product_cat","embeddable":true,"href":"https:\/\/www.jatu.be\/fr\/wp-json\/wp\/v2\/product_cat?post=62310"},{"taxonomy":"product_tag","embeddable":true,"href":"https:\/\/www.jatu.be\/fr\/wp-json\/wp\/v2\/product_tag?post=62310"}],"curies":[{"name":"wp","href":"https:\/\/api.w.org\/{rel}","templated":true}]}}