{"id":63419,"date":"2024-12-16T13:52:05","date_gmt":"2024-12-16T12:52:05","guid":{"rendered":"https:\/\/www.jatu.be\/?post_type=product&#038;p=63419"},"modified":"2026-03-09T09:59:51","modified_gmt":"2026-03-09T08:59:51","slug":"dcm-gazon-25kg","status":"publish","type":"product","link":"https:\/\/www.jatu.be\/fr\/produit\/dcm-gazon-25kg\/","title":{"rendered":"DCM Gazon 25kg"},"content":{"rendered":"","protected":false},"excerpt":{"rendered":"<h2>DCM Gazon : profiter sans souci d&rsquo;une pelouse \u00e9clatante<\/h2>\n<p>Vous souhaitez obtenir une belle pelouse d&rsquo;un vert profond sans aucun probl\u00e8me ? <strong>DCM Gazon<\/strong>, un <a href=\"https:\/\/www.jatu.be\/fr\/categorie-produit\/conditionneurs-de-sol\/engrais-dcm\/\">engrais<\/a> doux et de haute qualit\u00e9, a \u00e9t\u00e9 sp\u00e9cialement con\u00e7u pour les personnes qui souhaitent obtenir facilement un gazon fort et sain. Avec une seule application, vous pouvez profiter d&rsquo;une pelouse d&rsquo;un vert uniforme pendant 100 jours sans avoir \u00e0 la tondre. Id\u00e9al pour les familles avec enfants ou animaux domestiques et pour tous ceux qui veulent un <a href=\"https:\/\/www.jatu.be\/fr\/amenagement-de-jardin-realiserez-votre-reve\/\">jardin<\/a> que les voisins envient.<\/p>\n<h3>Pourquoi choisir DCM Gazon ?<\/h3>\n<p>Avec DCM Gazon, vous b\u00e9n\u00e9ficiez d&rsquo;un gazon beau et sans souci, qui r\u00e9siste aux mauvais traitements. C&rsquo;est donc la solution pour tous ceux qui veulent facilement tirer le meilleur parti de leur jardin :<\/p>\n<ul>\n<li><strong>Effet longue dur\u00e9e<\/strong> : +100 jours d&rsquo;un gazon uniforme et vert.<\/li>\n<li><strong>Moins d&rsquo;entretien<\/strong> : maintien d&rsquo;une croissance uniforme sans tonte suppl\u00e9mentaire.<\/li>\n<li><strong>Haute r\u00e9sistance<\/strong> : Un gazon robuste qui r\u00e9siste mieux \u00e0 la s\u00e9cheresse et \u00e0 l&rsquo;usage intensif.<\/li>\n<li><strong>Toujours vert<\/strong> : Pour un vert profond tout au long de l&rsquo;ann\u00e9e.<\/li>\n<li><strong>Des racines saines<\/strong> : Stimule l&rsquo;enracinement pour un syst\u00e8me racinaire fort.<\/li>\n<li><strong>Respectueux de l&rsquo;environnement<\/strong> : nourrit progressivement le sol, avec un minimum de lessivage.<\/li>\n<\/ul>\n<h3>Facile \u00e0 utiliser<\/h3>\n<p>Nul besoin d&rsquo;\u00eatre un expert en jardinage pour conserver une pelouse parfaite. DCM Gazon vous permet d&rsquo;entretenir facilement votre gazon de la meilleure fa\u00e7on possible. Suivez les instructions ci-dessous pour obtenir les meilleurs r\u00e9sultats :<\/p>\n<table style=\"border-collapse: collapse; width: 100%;\" border=\"1\">\n<tbody>\n<tr>\n<td style=\"width: 25%;\">Application<\/td>\n<td style=\"width: 25%;\">Dosage<\/td>\n<td style=\"width: 25%;\">Instructions<\/td>\n<\/tr>\n<tr>\n<td style=\"width: 25%;\"><em>Gazon en plaques<\/em><\/td>\n<td style=\"width: 25%;\">6-12 kg\/100 m\u00b2<\/td>\n<td style=\"width: 25%;\">\u00c9pandre lors de la pr\u00e9paration du sol et faire p\u00e9n\u00e9trer dans les 15 cm sup\u00e9rieurs.<\/td>\n<\/tr>\n<tr>\n<td style=\"width: 25%;\"><em>Fertilisation initiale<\/em><\/td>\n<td style=\"width: 25%;\">8 kg\/100 m\u00b2<\/td>\n<td style=\"width: 25%;\">Appliquer apr\u00e8s la troisi\u00e8me tonte.<\/td>\n<\/tr>\n<tr>\n<td style=\"width: 25%;\">\n<p><em>Entretien du gazon<\/em> :<\/p>\n<ul>\n<li>Printemps<\/li>\n<li>\u00c9t\u00e9\/Automne<\/li>\n<\/ul>\n<\/td>\n<td style=\"width: 25%;\">\n<p>&nbsp;<\/p>\n<ul>\n<li>10-15 kg\/100 m\u00b2<\/li>\n<li>5-10 kg\/100 m\u00b2<\/li>\n<\/ul>\n<\/td>\n<td style=\"width: 25%;\">\n<p>&nbsp;<\/p>\n<ul>\n<li>Pour un r\u00e9sultat optimal, arroser apr\u00e8s la tonte.<\/li>\n<li>Par temps sec, arroser apr\u00e8s l&rsquo;\u00e9pandage<\/li>\n<\/ul>\n<\/td>\n<\/tr>\n<\/tbody>\n<\/table>\n<p><em>Conseil<\/em> : Utilisez DCM Gazon au printemps et \u00e0 l&rsquo;automne pour obtenir des r\u00e9sultats optimaux.<\/p>\n<p><strong>Important :<\/strong><\/p>\n<ul>\n<li>Appliquer la <strong>dose la plus \u00e9lev\u00e9e<\/strong> sur les <strong>sols sablonneux l\u00e9gers et les pelouses de jeu<\/strong> pour une nutrition et une croissance accrues.<\/li>\n<li>Utilisez la <strong>dose la plus faible<\/strong> sur les <strong>sols argileux lourds et les pelouses ornementales<\/strong>, qui ont besoin de moins de nutriments.<\/li>\n<\/ul>\n<h4>Le gazon DCM en action<\/h4>\n<p>Gr\u00e2ce \u00e0 la <strong>TECHNOLOGIE MINIGRAN\u00ae<\/strong> innovante, l&rsquo;engrais est parfaitement r\u00e9parti sur votre pelouse. Chaque brin d&rsquo;herbe re\u00e7oit exactement la nutrition dont il a besoin, ce qui permet \u00e0 votre pelouse de pousser uniform\u00e9ment et de devenir plus forte plus rapidement. Le r\u00e9sultat ? Une belle pelouse qui rel\u00e8ve sans effort les d\u00e9fis des \u00e9t\u00e9s secs et de l&rsquo;utilisation intensive.<\/p>\n<h2>Commander DCM Gazon maintenant<\/h2>\n<p>Donnez \u00e0 votre pelouse le soin qu&rsquo;elle m\u00e9rite avec DCM Gazon. Commandez d\u00e8s aujourd&rsquo;hui et choisissez le mode de r\u00e9ception de votre commande :<\/p>\n<ul>\n<li><a href=\"https:\/\/www.jatu.be\/fr\/specifications-de-livraison-jatu-rapide-efficace\/\"><strong>Livraison \u00e0 domicile<\/strong><\/a> : livraison \u00e0 votre domicile dans les <strong>4 jours ouvrables<\/strong>.<\/li>\n<li><strong>Retrait dans un point de collecte<\/strong> : Retirez votre commande dans l&rsquo;un de nos <a href=\"https:\/\/www.jatu.be\/fr\/points-de-collecte\/\">points de collecte<\/a> \u00e0 votre convenance.<\/li>\n<\/ul>\n<p>DCM Gazon rend l&rsquo;<a href=\"https:\/\/www.jatu.be\/fr\/categorie-produit\/entretien-des-jardins\/\">entretien du jardin<\/a> plus facile que jamais. Commandez maintenant et profitez bient\u00f4t d&rsquo;une pelouse belle et r\u00e9sistante dont vous pourrez \u00eatre fier !<\/p>\n","protected":false},"featured_media":63429,"template":"","meta":{"_acf_changed":false,"inline_featured_image":false,"footnotes":""},"product_cat":[7061,6864],"product_tag":[],"class_list":{"0":"post-63419","1":"product","2":"type-product","3":"status-publish","4":"has-post-thumbnail","6":"product_cat-engrais-dcm","7":"product_cat-entretien-des-jardins","9":"first","10":"instock","11":"taxable","12":"shipping-taxable","13":"purchasable","14":"product-type-variable"},"acf":{"woocommerce_erp_id":"19615","woocommerce_cnk_id":"203609","product_density":0,"custom_prices":[{"variation_id":"63420","customer_group":"CON","customer_id":"","min_qty":1,"max_qty":9999999,"steps":1,"price":44.34,"price_incl":47,"delivery_group":"COLLECT"},{"variation_id":"63420","customer_group":"CON","customer_id":"","min_qty":1,"max_qty":9999999,"steps":1,"price":44.34,"price_incl":47,"delivery_group":"DELIVERY"}],"packaging_ids":[{"packaging_name":"Pi\u00e8ce","packaging_id":"7","erp_id":"19615"}],"c_lengte":"","c_breedte":"","c_hoogte":""},"_links":{"self":[{"href":"https:\/\/www.jatu.be\/fr\/wp-json\/wp\/v2\/product\/63419","targetHints":{"allow":["GET"]}}],"collection":[{"href":"https:\/\/www.jatu.be\/fr\/wp-json\/wp\/v2\/product"}],"about":[{"href":"https:\/\/www.jatu.be\/fr\/wp-json\/wp\/v2\/types\/product"}],"version-history":[{"count":3,"href":"https:\/\/www.jatu.be\/fr\/wp-json\/wp\/v2\/product\/63419\/revisions"}],"predecessor-version":[{"id":63432,"href":"https:\/\/www.jatu.be\/fr\/wp-json\/wp\/v2\/product\/63419\/revisions\/63432"}],"wp:featuredmedia":[{"embeddable":true,"href":"https:\/\/www.jatu.be\/fr\/wp-json\/wp\/v2\/media\/63429"}],"wp:attachment":[{"href":"https:\/\/www.jatu.be\/fr\/wp-json\/wp\/v2\/media?parent=63419"}],"wp:term":[{"taxonomy":"product_cat","embeddable":true,"href":"https:\/\/www.jatu.be\/fr\/wp-json\/wp\/v2\/product_cat?post=63419"},{"taxonomy":"product_tag","embeddable":true,"href":"https:\/\/www.jatu.be\/fr\/wp-json\/wp\/v2\/product_tag?post=63419"}],"curies":[{"name":"wp","href":"https:\/\/api.w.org\/{rel}","templated":true}]}}