{"id":63787,"date":"2025-01-08T14:55:50","date_gmt":"2025-01-08T13:55:50","guid":{"rendered":"https:\/\/www.jatu.be\/?post_type=product&#038;p=63787"},"modified":"2026-05-08T11:34:06","modified_gmt":"2026-05-08T09:34:06","slug":"sel-de-deneigement","status":"publish","type":"product","link":"https:\/\/www.jatu.be\/fr\/produit\/sel-de-deneigement\/","title":{"rendered":"Sel de d\u00e9neigement"},"content":{"rendered":"","protected":false},"excerpt":{"rendered":"<h2>Achetez du sel de d\u00e9neigement \u00e0 partir de 25 kg, \u00e0 emporter ou livr\u00e9<\/h2>\n<p>Vous cherchez du sel de d\u00e9neigement pour s\u00e9curiser vos routes, all\u00e9es ou chemins ? Chez <strong>Jatu.be<\/strong>, nous proposons du sel de d\u00e9neigement en sacs pratiques de <strong>25 kg<\/strong>, disponibles pour livraison ou enl\u00e8vement imm\u00e9diat. Notre service est rapide et fiable, id\u00e9al pour affronter les conditions hivernales.<\/p>\n<h3>Les avantages de notre sel de d\u00e9neigement<\/h3>\n<ul>\n<li><strong>Pr\u00eat \u00e0 l\u2019emploi :<\/strong> Haute qualit\u00e9 pour des r\u00e9sultats de salage optimaux.<\/li>\n<li><strong>Facile \u00e0 manipuler :<\/strong> Emball\u00e9 dans des sacs robustes de 25 kg.<\/li>\n<li><strong>S\u00e9curit\u00e9 garantie :<\/strong> Parfait pour faire fondre la glace et la neige.<\/li>\n<\/ul>\n<h3>Applications<\/h3>\n<p>Notre sel de d\u00e9neigement convient pour :<\/p>\n<ul>\n<li><strong>Particuliers :<\/strong> Pour les all\u00e9es et les chemins pi\u00e9tonniers.<\/li>\n<li><strong>Entreprises :<\/strong> Id\u00e9al pour les parkings et voies d\u2019acc\u00e8s.<\/li>\n<li><strong>Communes :<\/strong> Entretien des routes et trottoirs publics.<\/li>\n<\/ul>\n<h3>Quelle quantit\u00e9 de sel de d\u00e9neigement me faut-il ?<\/h3>\n<p>Un sac de <strong>25 kg<\/strong> couvre environ <strong>50 m\u00b2<\/strong> avec une fine couche de sel. Pour des conditions plus s\u00e9v\u00e8res, cela peut varier. Utilisez notre calculateur pratique sur le site pour estimer vos besoins exacts.<\/p>\n<h3>Conditionnements disponibles<\/h3>\n<ul>\n<li><strong>Sacs de 25 kg<\/strong><\/li>\n<li>Disponibles \u00e0 partir d\u2019une unit\u00e9.<\/li>\n<\/ul>\n<h3>Livraison et enl\u00e8vement<\/h3>\n<ul>\n<li><strong>Livraison :<\/strong> En <strong>quatre jours ouvrables<\/strong> partout en Belgique.<\/li>\n<li><strong>Enl\u00e8vement :<\/strong> Disponible imm\u00e9diatement \u00e0 <strong>Wevelgem<\/strong>, <strong>Zedelgem<\/strong> ou <strong>Lochristi<\/strong>.<\/li>\n<\/ul>\n<h3>Pourquoi choisir Jatu.be ?<\/h3>\n<ul>\n<li><a href=\"https:\/\/www.jatu.be\/fr\/contact\/\">Service client\u00e8le<\/a> de qualit\u00e9.<\/li>\n<li><a href=\"https:\/\/www.jatu.be\/fr\/points-de-collecte\/\">Points de retrait<\/a> locaux pour un acc\u00e8s rapide.<\/li>\n<li>Produits de haute qualit\u00e9 \u00e0 un prix comp\u00e9titif.<\/li>\n<\/ul>\n<p><strong>Commandez d\u00e8s maintenant votre sel de d\u00e9neigement et pr\u00e9parez-vous pour l\u2019hiver !<\/strong><\/p>\n","protected":false},"featured_media":63781,"template":"","meta":{"_acf_changed":false,"inline_featured_image":false,"footnotes":""},"product_cat":[6864],"product_tag":[],"class_list":{"0":"post-63787","1":"product","2":"type-product","3":"status-publish","4":"has-post-thumbnail","6":"product_cat-entretien-des-jardins","8":"first","9":"instock","10":"taxable","11":"shipping-taxable","12":"purchasable","13":"product-type-variable"},"acf":{"woocommerce_erp_id":"19617","woocommerce_cnk_id":"203611","product_density":0,"custom_prices":[{"variation_id":"63789","customer_group":"CON","customer_id":"","min_qty":1,"max_qty":9999999,"steps":1,"price":7.44,"price_incl":9,"delivery_group":"COLLECT"},{"variation_id":"63789","customer_group":"CON","customer_id":"","min_qty":1,"max_qty":9999999,"steps":1,"price":7.44,"price_incl":9,"delivery_group":"DELIVERY"}],"packaging_ids":[{"packaging_name":"Pi\u00e8ce","packaging_id":"7","erp_id":"19617"}],"c_lengte":"","c_breedte":"","c_hoogte":""},"_links":{"self":[{"href":"https:\/\/www.jatu.be\/fr\/wp-json\/wp\/v2\/product\/63787","targetHints":{"allow":["GET"]}}],"collection":[{"href":"https:\/\/www.jatu.be\/fr\/wp-json\/wp\/v2\/product"}],"about":[{"href":"https:\/\/www.jatu.be\/fr\/wp-json\/wp\/v2\/types\/product"}],"version-history":[{"count":2,"href":"https:\/\/www.jatu.be\/fr\/wp-json\/wp\/v2\/product\/63787\/revisions"}],"predecessor-version":[{"id":63791,"href":"https:\/\/www.jatu.be\/fr\/wp-json\/wp\/v2\/product\/63787\/revisions\/63791"}],"wp:featuredmedia":[{"embeddable":true,"href":"https:\/\/www.jatu.be\/fr\/wp-json\/wp\/v2\/media\/63781"}],"wp:attachment":[{"href":"https:\/\/www.jatu.be\/fr\/wp-json\/wp\/v2\/media?parent=63787"}],"wp:term":[{"taxonomy":"product_cat","embeddable":true,"href":"https:\/\/www.jatu.be\/fr\/wp-json\/wp\/v2\/product_cat?post=63787"},{"taxonomy":"product_tag","embeddable":true,"href":"https:\/\/www.jatu.be\/fr\/wp-json\/wp\/v2\/product_tag?post=63787"}],"curies":[{"name":"wp","href":"https:\/\/api.w.org\/{rel}","templated":true}]}}