{"id":64892,"date":"2025-03-18T16:09:27","date_gmt":"2025-03-18T15:09:27","guid":{"rendered":"https:\/\/www.jatu.be\/?post_type=product&#038;p=64892"},"modified":"2026-05-06T11:59:20","modified_gmt":"2026-05-06T09:59:20","slug":"biomix-pro-atm-20l","status":"publish","type":"product","link":"https:\/\/www.jatu.be\/fr\/produit\/biomix-pro-atm-20l\/","title":{"rendered":"Biomix Pro ATM 20l"},"content":{"rendered":"","protected":false},"excerpt":{"rendered":"<h2 data-start=\"0\" data-end=\"87\">D\u00e9graissant \u00e9cologique pour un nettoyage en profondeur des surfaces ext\u00e9rieures<\/h2>\n<h3 data-start=\"89\" data-end=\"137\">Avantages de l&#8217;emballage BIOMIX 20L :<\/h3>\n<p data-start=\"138\" data-end=\"402\">\u2705 <strong data-start=\"140\" data-end=\"156\">\u00c9conomique :<\/strong> Plus avantageux par litre que le Biomix 5L.<br data-start=\"200\" data-end=\"203\" \/><br \/>\n\u2705 <strong data-start=\"205\" data-end=\"218\">Durable :<\/strong> Moins d\u2019emballage par litre, ce qui est plus respectueux de l\u2019environnement.<br data-start=\"295\" data-end=\"298\" \/><br \/>\n\u2705 <strong data-start=\"300\" data-end=\"339\">Id\u00e9al pour les gros consommateurs :<\/strong> Parfait pour les grandes surfaces ou un usage professionnel.<\/p>\n<h3>Applications :<\/h3>\n<p data-start=\"434\" data-end=\"914\">\ud83c\udfe1 <strong data-start=\"437\" data-end=\"462\">Terrasses et all\u00e9es :<\/strong> Convient au gravier, au sable stabilis\u00e9, aux pav\u00e9s, aux dalles et au bois.<br data-start=\"537\" data-end=\"540\" \/><br \/>\n\ud83c\udfe2 <strong data-start=\"543\" data-end=\"556\">Fa\u00e7ades :<\/strong> Efficace sur la brique, le b\u00e9ton, le cr\u00e9pi, le pl\u00e2tre et le bois.<br data-start=\"622\" data-end=\"625\" \/><br \/>\n\ud83e\ude91 <strong data-start=\"628\" data-end=\"652\">Mobilier de jardin :<\/strong> Nettoie le plastique, le m\u00e9tal et le teck.<br data-start=\"695\" data-end=\"698\" \/><br \/>\n\ud83c\udfad <strong data-start=\"701\" data-end=\"727\">D\u00e9coration de jardin :<\/strong> Sans danger pour la terre cuite, le b\u00e9ton, le plastique et la pierre naturelle.<br data-start=\"807\" data-end=\"810\" \/><br \/>\n\ud83c\udfe0 <strong data-start=\"813\" data-end=\"827\">Toitures :<\/strong> Applicable sur l\u2019ardoise, les tuiles, les plaques ondul\u00e9es, le chaume et le roofing.<\/p>\n<h3 data-start=\"921\" data-end=\"946\">Mode d&#8217;emploi :<\/h3>\n<p data-start=\"948\" data-end=\"999\">\ud83d\udd39 <strong data-start=\"951\" data-end=\"965\">Dilution :<\/strong> Selon le degr\u00e9 d&rsquo;encrassement :<\/p>\n<ul data-start=\"1000\" data-end=\"1287\">\n<li data-start=\"1000\" data-end=\"1073\"><strong data-start=\"1002\" data-end=\"1027\">Encrassement s\u00e9v\u00e8re :<\/strong> 1L de produit pour 1L d&rsquo;eau (50m\u00b2 trait\u00e9s).<\/li>\n<li data-start=\"1074\" data-end=\"1148\"><strong data-start=\"1076\" data-end=\"1101\">Encrassement normal :<\/strong> 1L de produit pour 2L d&rsquo;eau (100m\u00b2 trait\u00e9s).<\/li>\n<li data-start=\"1149\" data-end=\"1222\"><strong data-start=\"1151\" data-end=\"1175\">Encrassement l\u00e9ger :<\/strong> 1L de produit pour 3L d&rsquo;eau (150m\u00b2 trait\u00e9s).<\/li>\n<li data-start=\"1223\" data-end=\"1287\"><strong data-start=\"1225\" data-end=\"1240\">Pr\u00e9ventif :<\/strong> 1L de produit pour 5L d&rsquo;eau (250m\u00b2 trait\u00e9s).<\/li>\n<\/ul>\n<p data-start=\"1289\" data-end=\"1440\">\ud83d\udd39 <strong data-start=\"1292\" data-end=\"1309\">Application :<\/strong> Utiliser un pulv\u00e9risateur propre pour appliquer le produit dilu\u00e9 de mani\u00e8re uniforme sur une surface s\u00e8che ou l\u00e9g\u00e8rement humide.<\/p>\n<p data-start=\"1442\" data-end=\"1608\">\ud83d\udd39 <strong data-start=\"1445\" data-end=\"1457\">Action :<\/strong> Laisser agir le produit, sans besoin de frotter. La pluie aidera \u00e0 \u00e9liminer les r\u00e9sidus de salet\u00e9 et \u00e0 r\u00e9activer les enzymes pour un effet prolong\u00e9.<\/p>\n<h3 data-start=\"1615\" data-end=\"1646\">Conseils importants :<\/h3>\n<p data-start=\"1647\" data-end=\"1857\">\u2714\ufe0f Utilisez un pulv\u00e9risateur neuf ou soigneusement nettoy\u00e9 pour garantir l\u2019efficacit\u00e9 des enzymes.<br data-start=\"1745\" data-end=\"1748\" \/><br \/>\n\u2714\ufe0f \u00c9vitez d&rsquo;appliquer \u00e0 des temp\u00e9ratures inf\u00e9rieures \u00e0 8\u00b0C ou si de la pluie est pr\u00e9vue dans les 24 heures.<\/p>\n<h3 data-start=\"1864\" data-end=\"1905\">Livraison gratuite ou retrait :<\/h3>\n<p data-start=\"1906\" data-end=\"2121\">\ud83d\udce6 <strong data-start=\"1909\" data-end=\"1922\">Contenu :<\/strong> 20L<br data-start=\"1926\" data-end=\"1929\" \/><br \/>\n\ud83d\udcb0 <strong data-start=\"1932\" data-end=\"1942\">Prix :<\/strong> TVA et transport inclus<br data-start=\"1966\" data-end=\"1969\" \/><br \/>\n\ud83d\ude9a <strong data-start=\"1972\" data-end=\"1987\">Livraison :<\/strong> Livraison gratuite en Belgique sous quatre jours ouvrables.<br data-start=\"2047\" data-end=\"2050\" \/><br \/>\n\ud83c\udfea <strong data-start=\"2053\" data-end=\"2066\">Retrait :<\/strong> Disponible imm\u00e9diatement dans nos points de retrait.<\/p>\n","protected":false},"featured_media":64896,"template":"","meta":{"_acf_changed":false,"inline_featured_image":false,"footnotes":""},"product_cat":[6864],"product_tag":[],"class_list":{"0":"post-64892","1":"product","2":"type-product","3":"status-publish","4":"has-post-thumbnail","6":"product_cat-entretien-des-jardins","8":"first","9":"instock","10":"taxable","11":"shipping-taxable","12":"purchasable","13":"product-type-variable"},"acf":{"woocommerce_erp_id":"19636","woocommerce_cnk_id":"203626","product_density":0,"custom_prices":[{"variation_id":"64893","customer_group":"CON","customer_id":"","min_qty":1,"max_qty":9999999,"steps":1,"price":142.15,"price_incl":172,"delivery_group":"COLLECT"},{"variation_id":"64893","customer_group":"CON","customer_id":"","min_qty":1,"max_qty":9999999,"steps":1,"price":142.15,"price_incl":172,"delivery_group":"DELIVERY"}],"packaging_ids":[{"packaging_name":"Pi\u00e8ce","packaging_id":"7","erp_id":"19636"}],"c_lengte":"","c_breedte":"","c_hoogte":""},"_links":{"self":[{"href":"https:\/\/www.jatu.be\/fr\/wp-json\/wp\/v2\/product\/64892","targetHints":{"allow":["GET"]}}],"collection":[{"href":"https:\/\/www.jatu.be\/fr\/wp-json\/wp\/v2\/product"}],"about":[{"href":"https:\/\/www.jatu.be\/fr\/wp-json\/wp\/v2\/types\/product"}],"version-history":[{"count":3,"href":"https:\/\/www.jatu.be\/fr\/wp-json\/wp\/v2\/product\/64892\/revisions"}],"predecessor-version":[{"id":64928,"href":"https:\/\/www.jatu.be\/fr\/wp-json\/wp\/v2\/product\/64892\/revisions\/64928"}],"wp:featuredmedia":[{"embeddable":true,"href":"https:\/\/www.jatu.be\/fr\/wp-json\/wp\/v2\/media\/64896"}],"wp:attachment":[{"href":"https:\/\/www.jatu.be\/fr\/wp-json\/wp\/v2\/media?parent=64892"}],"wp:term":[{"taxonomy":"product_cat","embeddable":true,"href":"https:\/\/www.jatu.be\/fr\/wp-json\/wp\/v2\/product_cat?post=64892"},{"taxonomy":"product_tag","embeddable":true,"href":"https:\/\/www.jatu.be\/fr\/wp-json\/wp\/v2\/product_tag?post=64892"}],"curies":[{"name":"wp","href":"https:\/\/api.w.org\/{rel}","templated":true}]}}