{"id":65544,"date":"2025-04-24T13:38:56","date_gmt":"2025-04-24T11:38:56","guid":{"rendered":"https:\/\/www.jatu.be\/?post_type=product&#038;p=65544"},"modified":"2026-03-09T10:01:55","modified_gmt":"2026-03-09T09:01:55","slug":"couvercle-600-x-600-x-60-mm","status":"publish","type":"product","link":"https:\/\/www.jatu.be\/fr\/produit\/couvercle-600-x-600-x-60-mm\/","title":{"rendered":"Couvercle 600 x 600 x 60 mm"},"content":{"rendered":"","protected":false},"excerpt":{"rendered":"<p class=\"\" data-start=\"91\" data-end=\"151\"><strong data-start=\"91\" data-end=\"151\">Acheter un couvercle de regard, format 600 x 600 x 60 mm<\/strong><\/p>\n<p class=\"\" data-start=\"153\" data-end=\"527\">Ce couvercle de regard de 600 x 600 x 60 mm est fabriqu\u00e9 en aluminium extrud\u00e9 et \u00e9quip\u00e9 d\u2019une plaque de fond en acier galvanis\u00e9 de 3 mm d\u2019\u00e9paisseur. Le couvercle s\u2019ouvre facilement \u00e0 l\u2019aide de cl\u00e9s de levage et convient \u00e0 diverses applications ext\u00e9rieures. Gr\u00e2ce \u00e0 son couvercle ind\u00e9pendant dans le cadre, muni d\u2019un treillis \u00e0 b\u00e9ton, il offre une fermeture solide et fiable.<\/p>\n<p class=\"\" data-start=\"529\" data-end=\"817\">Vous pouvez facilement remplir le couvercle avec du <a href=\"https:\/\/www.jatu.be\/fr\/produit\/diamur-rocketfix\/\">ciment<\/a> ou du <a href=\"https:\/\/www.jatu.be\/fr\/produit\/diamur-stabilise-25kg\/\">stabilis\u00e9<\/a> jusqu\u2019\u00e0 la hauteur souhait\u00e9e. La finition sup\u00e9rieure peut se faire avec du <a href=\"https:\/\/www.jatu.be\/fr\/categorie-produit\/gravier-et-galets\/gravier-decoratif-gravier-et-galets\/\">gravier d\u00e9coratif<\/a> ou du concass\u00e9 de votre choix, pour une int\u00e9gration parfaite dans votre <a href=\"https:\/\/www.jatu.be\/fr\/installation-allee-de-gravier\/\">all\u00e9e en gravier<\/a>, <a href=\"https:\/\/www.jatu.be\/fr\/construction-terrasse-en-gravier\/\">terrasse<\/a> ou <a href=\"https:\/\/www.jatu.be\/fr\/project\/manuel-instruction-allee-de-jardin-gravier\/\">sentier de jardin<\/a>.<\/p>\n<p class=\"\" data-start=\"819\" data-end=\"849\"><strong data-start=\"819\" data-end=\"849\">Avantages en un coup d\u2019\u0153il<\/strong><\/p>\n<ul>\n<li data-start=\"852\" data-end=\"948\">Mat\u00e9riaux durables : aluminium extrud\u00e9 et plaque en acier galvanis\u00e9 pour une longue dur\u00e9e de vie<\/li>\n<li data-start=\"951\" data-end=\"1113\">Protection optimale : double \u00e9tanch\u00e9it\u00e9 avec joint inf\u00e9rieur et joint en T, \u00e9vite l\u2019accumulation de salet\u00e9s et garantit une excellente fermeture contre les odeurs<\/li>\n<li data-start=\"1116\" data-end=\"1170\">Acc\u00e8s facile : ouverture ais\u00e9e avec des cl\u00e9s de levage<\/li>\n<li data-start=\"1173\" data-end=\"1233\">Polyvalent : adapt\u00e9 \u00e0 de nombreuses applications ext\u00e9rieures<\/li>\n<\/ul>\n<p class=\"\" data-start=\"1235\" data-end=\"1291\"><strong data-start=\"1235\" data-end=\"1251\">Applications<\/strong> Ce couvercle de regard est id\u00e9al pour :<\/p>\n<ul>\n<li data-start=\"1294\" data-end=\"1317\">Citernes d\u2019eau de pluie<\/li>\n<li data-start=\"1320\" data-end=\"1336\">Fosses septiques<\/li>\n<li data-start=\"1339\" data-end=\"1359\">Regards d\u2019inspection<\/li>\n<li data-start=\"1362\" data-end=\"1381\">Regards de drainage<\/li>\n<\/ul>\n<p class=\"\" data-start=\"1383\" data-end=\"1406\"><strong data-start=\"1383\" data-end=\"1406\">Formats disponibles<\/strong><\/p>\n<ul>\n<li data-start=\"1409\" data-end=\"1439\">600 x 600 x 60 mm (cette page)<\/li>\n<li data-start=\"1442\" data-end=\"1479\"><a href=\"https:\/\/www.jatu.be\/fr\/produit\/couvercle-500-x-500-x-60-mm\/\">Couvercle de regard 500 x 500 x 60 mm<\/a><\/li>\n<li data-start=\"1482\" data-end=\"1519\"><a href=\"https:\/\/www.jatu.be\/fr\/produit\/couvercle-400-x-400-x-60-mm\/\">Couvercle de regard 400 x 400 x 60 mm<\/a><\/li>\n<li data-start=\"1522\" data-end=\"1559\"><a href=\"https:\/\/www.jatu.be\/fr\/produit\/couvercle-300-x-300-x-60-mm\/\">Couvercle de regard 300 x 300 x 60 mm<\/a><\/li>\n<\/ul>\n<p class=\"\" data-start=\"1561\" data-end=\"1588\"><strong data-start=\"1561\" data-end=\"1588\">Livraison ou enl\u00e8vement<\/strong><\/p>\n<ul>\n<li data-start=\"1591\" data-end=\"1658\">Livraison rapide dans toute la Belgique, \u00e0 domicile ou sur chantier<\/li>\n<li data-start=\"1661\" data-end=\"1704\">Commande en ligne facile, paiement s\u00e9curis\u00e9<\/li>\n<li data-start=\"1707\" data-end=\"1754\">Ou retrait dans l\u2019un de nos <a href=\"https:\/\/www.jatu.be\/fr\/points-de-collecte\/\">points d\u2019enl\u00e8vement<\/a><\/li>\n<\/ul>\n","protected":false},"featured_media":65548,"template":"","meta":{"_acf_changed":false,"inline_featured_image":false,"footnotes":""},"product_cat":[5401],"product_tag":[],"class_list":{"0":"post-65544","1":"product","2":"type-product","3":"status-publish","4":"has-post-thumbnail","6":"product_cat-stabilisateurs-de-gravier-gravier-et-galets","8":"first","9":"instock","10":"taxable","11":"shipping-taxable","12":"purchasable","13":"product-type-variable"},"acf":{"woocommerce_erp_id":"19685","woocommerce_cnk_id":"203675","product_density":0,"custom_prices":[{"variation_id":"65545","customer_group":"CON","customer_id":"","min_qty":1,"max_qty":9999999,"steps":1,"price":167.77,"price_incl":203,"delivery_group":"COLLECT"},{"variation_id":"65545","customer_group":"CON","customer_id":"","min_qty":1,"max_qty":9999999,"steps":1,"price":167.77,"price_incl":203,"delivery_group":"DELIVERY"}],"packaging_ids":[{"packaging_name":"Pi\u00e8ce","packaging_id":"7","erp_id":"19685"}],"c_lengte":"","c_breedte":"","c_hoogte":""},"_links":{"self":[{"href":"https:\/\/www.jatu.be\/fr\/wp-json\/wp\/v2\/product\/65544","targetHints":{"allow":["GET"]}}],"collection":[{"href":"https:\/\/www.jatu.be\/fr\/wp-json\/wp\/v2\/product"}],"about":[{"href":"https:\/\/www.jatu.be\/fr\/wp-json\/wp\/v2\/types\/product"}],"version-history":[{"count":5,"href":"https:\/\/www.jatu.be\/fr\/wp-json\/wp\/v2\/product\/65544\/revisions"}],"predecessor-version":[{"id":65554,"href":"https:\/\/www.jatu.be\/fr\/wp-json\/wp\/v2\/product\/65544\/revisions\/65554"}],"wp:featuredmedia":[{"embeddable":true,"href":"https:\/\/www.jatu.be\/fr\/wp-json\/wp\/v2\/media\/65548"}],"wp:attachment":[{"href":"https:\/\/www.jatu.be\/fr\/wp-json\/wp\/v2\/media?parent=65544"}],"wp:term":[{"taxonomy":"product_cat","embeddable":true,"href":"https:\/\/www.jatu.be\/fr\/wp-json\/wp\/v2\/product_cat?post=65544"},{"taxonomy":"product_tag","embeddable":true,"href":"https:\/\/www.jatu.be\/fr\/wp-json\/wp\/v2\/product_tag?post=65544"}],"curies":[{"name":"wp","href":"https:\/\/api.w.org\/{rel}","templated":true}]}}