{"id":65565,"date":"2025-04-24T15:21:43","date_gmt":"2025-04-24T13:21:43","guid":{"rendered":"https:\/\/www.jatu.be\/?post_type=product&#038;p=65565"},"modified":"2026-03-09T10:02:01","modified_gmt":"2026-03-09T09:02:01","slug":"couvercle-500-x-500-x-60-mm","status":"publish","type":"product","link":"https:\/\/www.jatu.be\/fr\/produit\/couvercle-500-x-500-x-60-mm\/","title":{"rendered":"Couvercle 500 x 500 x 60 mm"},"content":{"rendered":"","protected":false},"excerpt":{"rendered":"<h2 data-start=\"165\" data-end=\"229\">Acheter un couvercle 500 x 500 x 60 mm<\/h2>\n<p class=\"\" data-start=\"231\" data-end=\"604\">Ce couvercle de regard 500 x 500 x 60 mm est fabriqu\u00e9 en aluminium extrud\u00e9 et muni d\u2019une plaque de fond en acier galvanis\u00e9 de 3 mm d\u2019\u00e9paisseur. Le couvercle s\u2019ouvre facilement \u00e0 l\u2019aide de cl\u00e9s de levage et convient \u00e0 de nombreuses applications ext\u00e9rieures. Gr\u00e2ce au couvercle ind\u00e9pendant dans le cadre, \u00e9quip\u00e9 d\u2019un treillis \u00e0 b\u00e9ton, il offre une fermeture solide et fiable.<\/p>\n<p class=\"\" data-start=\"606\" data-end=\"827\">Ce format est id\u00e9al pour les endroits o\u00f9 vous avez besoin d\u2019un couvercle compact mais durable, par exemple pour les petites citernes d\u2019eau de pluie, les regards d\u2019inspection ou des applications dans les jardins et all\u00e9es.<\/p>\n<p class=\"\" data-start=\"829\" data-end=\"1109\">Vous pouvez facilement remplir le couvercle avec du ciment ou du stabilis\u00e9 jusqu\u2019\u00e0 la hauteur d\u00e9sir\u00e9e. La couche sup\u00e9rieure peut \u00eatre finie avec du gravier d\u00e9coratif ou du concass\u00e9 au choix, pour une int\u00e9gration parfaite dans votre all\u00e9e de gravier, terrasse ou sentier de jardin.<\/p>\n<h3 data-start=\"1116\" data-end=\"1151\">Avantages en un coup d\u2019\u0153il<\/h3>\n<ul>\n<li data-start=\"1155\" data-end=\"1255\"><strong data-start=\"1155\" data-end=\"1177\">Mat\u00e9riaux durables<\/strong> : aluminium extrud\u00e9 et plaque en acier galvanis\u00e9 pour une longue dur\u00e9e de vie<\/li>\n<li data-start=\"1258\" data-end=\"1424\"><strong data-start=\"1258\" data-end=\"1281\">Protection optimale<\/strong> : double \u00e9tanch\u00e9it\u00e9 avec joint inf\u00e9rieur et joint en T, emp\u00eache l\u2019accumulation de salet\u00e9s et offre une excellente \u00e9tanch\u00e9it\u00e9 contre les odeurs<\/li>\n<li data-start=\"1427\" data-end=\"1485\"><strong data-start=\"1427\" data-end=\"1443\">Acc\u00e8s facile<\/strong> : ouverture ais\u00e9e avec des cl\u00e9s de levage<\/li>\n<li data-start=\"1488\" data-end=\"1549\"><strong data-start=\"1488\" data-end=\"1502\">Polyvalent<\/strong> : id\u00e9al pour diverses applications ext\u00e9rieures<\/li>\n<\/ul>\n<h3 data-start=\"1556\" data-end=\"1577\">Applications<\/h3>\n<p class=\"\" data-start=\"1579\" data-end=\"1617\">Ce couvercle de regard convient pour :<\/p>\n<ul>\n<li data-start=\"1621\" data-end=\"1644\">Citernes d\u2019eau de pluie<\/li>\n<li data-start=\"1647\" data-end=\"1663\">Fosses septiques<\/li>\n<li data-start=\"1666\" data-end=\"1686\">Regards d\u2019inspection<\/li>\n<li data-start=\"1689\" data-end=\"1708\">Regards de drainage<\/li>\n<\/ul>\n<h3 data-start=\"1715\" data-end=\"1743\">Formats disponibles<\/h3>\n<ul>\n<li data-start=\"1747\" data-end=\"1857\"><a href=\"https:\/\/www.jatu.be\/fr\/produit\/couvercle-600-x-600-x-60-mm\/\">Couvercle de regard 600 x 600 x 60 mm<\/a><\/li>\n<li data-start=\"1860\" data-end=\"1914\">Couvercle de regard 500 x 500 x 60 mm (cette page)<\/li>\n<li data-start=\"1917\" data-end=\"1959\"><a href=\"https:\/\/www.jatu.be\/fr\/produit\/couvercle-400-x-400-x-60-mm\/\">Couvercle de regard 400 x 400 x 60 mm<\/a><\/li>\n<li data-start=\"1962\" data-end=\"2004\"><a href=\"https:\/\/www.jatu.be\/fr\/produit\/couvercle-300-x-300-x-60-mm\/\">Couvercle de regard 300 x 300 x 60 mm<\/a><\/li>\n<\/ul>\n<h3 data-start=\"2011\" data-end=\"2043\">Livraison ou enl\u00e8vement<\/h3>\n<ul>\n<li data-start=\"2047\" data-end=\"2111\">Livraison rapide partout en Belgique, \u00e0 domicile ou sur chantier<\/li>\n<li data-start=\"2114\" data-end=\"2157\">Commande en ligne facile, paiement s\u00e9curis\u00e9<\/li>\n<li data-start=\"2160\" data-end=\"2209\">Ou enl\u00e8vement dans l\u2019un de nos <a href=\"https:\/\/www.jatu.be\/fr\/points-de-collecte\/\">points de collecte<\/a><\/li>\n<\/ul>\n<p class=\"\" data-start=\"2216\" data-end=\"2337\">Des questions sur ce couvercle ou besoin de conseils sur le bon format ? N\u2019h\u00e9sitez pas \u00e0 <a href=\"https:\/\/www.jatu.be\/fr\/contact\/\">contacter nos sp\u00e9cialistes<\/a> !<\/p>\n","protected":false},"featured_media":65571,"template":"","meta":{"_acf_changed":false,"inline_featured_image":false,"footnotes":""},"product_cat":[5401],"product_tag":[],"class_list":{"0":"post-65565","1":"product","2":"type-product","3":"status-publish","4":"has-post-thumbnail","6":"product_cat-stabilisateurs-de-gravier-gravier-et-galets","8":"first","9":"instock","10":"taxable","11":"shipping-taxable","12":"purchasable","13":"product-type-variable"},"acf":{"woocommerce_erp_id":"19686","woocommerce_cnk_id":"203676","product_density":0,"custom_prices":[{"variation_id":"65566","customer_group":"CON","customer_id":"","min_qty":1,"max_qty":9999999,"steps":1,"price":128.1,"price_incl":155,"delivery_group":"COLLECT"},{"variation_id":"65566","customer_group":"CON","customer_id":"","min_qty":1,"max_qty":9999999,"steps":1,"price":128.1,"price_incl":155,"delivery_group":"DELIVERY"}],"packaging_ids":[{"packaging_name":"Pi\u00e8ce","packaging_id":"7","erp_id":"19686"}],"c_lengte":"","c_breedte":"","c_hoogte":""},"_links":{"self":[{"href":"https:\/\/www.jatu.be\/fr\/wp-json\/wp\/v2\/product\/65565","targetHints":{"allow":["GET"]}}],"collection":[{"href":"https:\/\/www.jatu.be\/fr\/wp-json\/wp\/v2\/product"}],"about":[{"href":"https:\/\/www.jatu.be\/fr\/wp-json\/wp\/v2\/types\/product"}],"version-history":[{"count":4,"href":"https:\/\/www.jatu.be\/fr\/wp-json\/wp\/v2\/product\/65565\/revisions"}],"predecessor-version":[{"id":65607,"href":"https:\/\/www.jatu.be\/fr\/wp-json\/wp\/v2\/product\/65565\/revisions\/65607"}],"wp:featuredmedia":[{"embeddable":true,"href":"https:\/\/www.jatu.be\/fr\/wp-json\/wp\/v2\/media\/65571"}],"wp:attachment":[{"href":"https:\/\/www.jatu.be\/fr\/wp-json\/wp\/v2\/media?parent=65565"}],"wp:term":[{"taxonomy":"product_cat","embeddable":true,"href":"https:\/\/www.jatu.be\/fr\/wp-json\/wp\/v2\/product_cat?post=65565"},{"taxonomy":"product_tag","embeddable":true,"href":"https:\/\/www.jatu.be\/fr\/wp-json\/wp\/v2\/product_tag?post=65565"}],"curies":[{"name":"wp","href":"https:\/\/api.w.org\/{rel}","templated":true}]}}