{"id":65586,"date":"2025-04-24T15:47:34","date_gmt":"2025-04-24T13:47:34","guid":{"rendered":"https:\/\/www.jatu.be\/?post_type=product&#038;p=65586"},"modified":"2026-05-06T11:41:41","modified_gmt":"2026-05-06T09:41:41","slug":"couvercle-400-x-400-x-60-mm","status":"publish","type":"product","link":"https:\/\/www.jatu.be\/fr\/produit\/couvercle-400-x-400-x-60-mm\/","title":{"rendered":"Couvercle 400 x 400 x 60 mm"},"content":{"rendered":"","protected":false},"excerpt":{"rendered":"<h2 data-start=\"2222\" data-end=\"2286\">Acheter un couvercle de regard, format 400 x 400 x 60 mm<\/h2>\n<p class=\"\" data-start=\"2288\" data-end=\"2663\">Ce couvercle de regard 400 x 400 x 60 mm est fabriqu\u00e9 en aluminium extrud\u00e9 et muni d\u2019une plaque de fond en acier galvanis\u00e9 de 3 mm d\u2019\u00e9paisseur. Le couvercle s\u2019ouvre facilement \u00e0 l\u2019aide de cl\u00e9s de levage et convient \u00e0 toutes sortes d\u2019applications ext\u00e9rieures. Gr\u00e2ce au couvercle ind\u00e9pendant dans le cadre, \u00e9quip\u00e9 d\u2019un treillis \u00e0 b\u00e9ton, il offre une fermeture solide et fiable.<\/p>\n<p class=\"\" data-start=\"2665\" data-end=\"2897\">Ce format est parfait pour les endroits o\u00f9 un couvercle plus petit mais tr\u00e8s robuste est n\u00e9cessaire. Id\u00e9al pour les petites citernes d\u2019eau de pluie, les regards d\u2019inspection ou pour une utilisation dans le jardin ou sur la terrasse.<\/p>\n<p class=\"\" data-start=\"2899\" data-end=\"3171\">Vous pouvez facilement remplir le couvercle avec du <a href=\"https:\/\/www.jatu.be\/fr\/produit\/diamur-rocketfix\/\">ciment<\/a> ou du <a href=\"https:\/\/www.jatu.be\/fr\/produit\/diamur-stabilise-25kg\/\">stabilis\u00e9<\/a> jusqu\u2019\u00e0 la hauteur d\u00e9sir\u00e9e. La couche sup\u00e9rieure peut \u00eatre finie avec du gravier d\u00e9coratif ou du concass\u00e9 au choix, pour une int\u00e9gration harmonieuse dans votre <a href=\"https:\/\/www.jatu.be\/fr\/project\/installer-gazon-de-gravier-guide-pratique\/\">all\u00e9e<\/a>, <a href=\"https:\/\/www.jatu.be\/fr\/construction-terrasse-en-gravier\/\">terrasse<\/a> ou <a href=\"https:\/\/www.jatu.be\/fr\/project\/manuel-instruction-allee-de-jardin-gravier\/\">sentier de jardin<\/a>.<\/p>\n<h3 data-start=\"3173\" data-end=\"3203\">Avantages en un coup d\u2019\u0153il<\/h3>\n<ul>\n<li data-start=\"3206\" data-end=\"3302\">Mat\u00e9riaux durables : aluminium extrud\u00e9 et plaque en acier galvanis\u00e9 pour une longue dur\u00e9e de vie<\/li>\n<li data-start=\"3305\" data-end=\"3467\">Protection optimale : double \u00e9tanch\u00e9it\u00e9 avec joint inf\u00e9rieur et joint en T, emp\u00eache l\u2019accumulation de salet\u00e9s et offre une excellente \u00e9tanch\u00e9it\u00e9 contre les odeurs<\/li>\n<li data-start=\"3470\" data-end=\"3524\">Acc\u00e8s facile : ouverture ais\u00e9e avec des cl\u00e9s de levage<\/li>\n<li data-start=\"3527\" data-end=\"3584\">Polyvalent : id\u00e9al pour diverses applications ext\u00e9rieures<\/li>\n<\/ul>\n<h3 data-start=\"3586\" data-end=\"3641\">Applications<\/h3>\n<p class=\"\" data-start=\"3586\" data-end=\"3641\">Ce couvercle de regard convient pour :<\/p>\n<ul>\n<li data-start=\"3644\" data-end=\"3667\">Citernes d\u2019eau de pluie<\/li>\n<li data-start=\"3670\" data-end=\"3686\">Fosses septiques<\/li>\n<li data-start=\"3689\" data-end=\"3709\">Regards d\u2019inspection<\/li>\n<li data-start=\"3712\" data-end=\"3731\">Regards de drainage<\/li>\n<\/ul>\n<h3 data-start=\"3733\" data-end=\"3756\">Formats disponibles<\/h3>\n<ul>\n<li data-start=\"3759\" data-end=\"3869\"><a href=\"https:\/\/www.jatu.be\/fr\/produit\/couvercle-600-x-600-x-60-mm\/\">Couvercle de regard 600 x 600 x 60 mm<\/a><\/li>\n<li data-start=\"3872\" data-end=\"3982\"><a href=\"https:\/\/www.jatu.be\/fr\/produit\/couvercle-500-x-500-x-60-mm\/\">Couvercle de regard 500 x 500 x 60 mm<\/a><\/li>\n<li data-start=\"3985\" data-end=\"4039\">Couvercle de regard 400 x 400 x 60 mm (cette page)<\/li>\n<li data-start=\"4042\" data-end=\"4084\"><a href=\"https:\/\/www.jatu.be\/fr\/produit\/couvercle-300-x-300-x-60-mm\/\">Couvercle de regard 300 x 300 x 60 mm<\/a><\/li>\n<\/ul>\n<h3 data-start=\"4086\" data-end=\"4113\">Livraison ou enl\u00e8vement<\/h3>\n<ul>\n<li data-start=\"4116\" data-end=\"4180\">Livraison rapide partout en Belgique, \u00e0 domicile ou sur chantier<\/li>\n<li data-start=\"4183\" data-end=\"4226\">Commande en ligne facile, paiement s\u00e9curis\u00e9<\/li>\n<li data-start=\"4229\" data-end=\"4278\">Ou enl\u00e8vement dans l\u2019un de nos <a href=\"https:\/\/www.jatu.be\/fr\/points-de-collecte\/\">points de collecte<\/a><\/li>\n<\/ul>\n<p class=\"\" data-start=\"4280\" data-end=\"4397\">Des questions sur ce couvercle ou besoin de conseils sur le bon format ? N\u2019h\u00e9sitez pas \u00e0 <a href=\"https:\/\/www.jatu.be\/fr\/contact\/\">contacter nos sp\u00e9cialistes<\/a> !<\/p>\n","protected":false},"featured_media":65582,"template":"","meta":{"_acf_changed":false,"inline_featured_image":false,"footnotes":""},"product_cat":[5401],"product_tag":[],"class_list":{"0":"post-65586","1":"product","2":"type-product","3":"status-publish","4":"has-post-thumbnail","6":"product_cat-stabilisateurs-de-gravier-gravier-et-galets","8":"first","9":"instock","10":"taxable","11":"shipping-taxable","12":"purchasable","13":"product-type-variable"},"acf":{"woocommerce_erp_id":"19687","woocommerce_cnk_id":"203677","product_density":0,"custom_prices":[{"variation_id":"65588","customer_group":"CON","customer_id":"","min_qty":1,"max_qty":9999999,"steps":1,"price":93.39,"price_incl":113,"delivery_group":"COLLECT"},{"variation_id":"65588","customer_group":"CON","customer_id":"","min_qty":1,"max_qty":9999999,"steps":1,"price":93.39,"price_incl":113,"delivery_group":"DELIVERY"}],"packaging_ids":[{"packaging_name":"Pi\u00e8ce","packaging_id":"7","erp_id":"19687"}],"c_lengte":"","c_breedte":"","c_hoogte":""},"_links":{"self":[{"href":"https:\/\/www.jatu.be\/fr\/wp-json\/wp\/v2\/product\/65586","targetHints":{"allow":["GET"]}}],"collection":[{"href":"https:\/\/www.jatu.be\/fr\/wp-json\/wp\/v2\/product"}],"about":[{"href":"https:\/\/www.jatu.be\/fr\/wp-json\/wp\/v2\/types\/product"}],"version-history":[{"count":2,"href":"https:\/\/www.jatu.be\/fr\/wp-json\/wp\/v2\/product\/65586\/revisions"}],"predecessor-version":[{"id":65609,"href":"https:\/\/www.jatu.be\/fr\/wp-json\/wp\/v2\/product\/65586\/revisions\/65609"}],"wp:featuredmedia":[{"embeddable":true,"href":"https:\/\/www.jatu.be\/fr\/wp-json\/wp\/v2\/media\/65582"}],"wp:attachment":[{"href":"https:\/\/www.jatu.be\/fr\/wp-json\/wp\/v2\/media?parent=65586"}],"wp:term":[{"taxonomy":"product_cat","embeddable":true,"href":"https:\/\/www.jatu.be\/fr\/wp-json\/wp\/v2\/product_cat?post=65586"},{"taxonomy":"product_tag","embeddable":true,"href":"https:\/\/www.jatu.be\/fr\/wp-json\/wp\/v2\/product_tag?post=65586"}],"curies":[{"name":"wp","href":"https:\/\/api.w.org\/{rel}","templated":true}]}}