{"id":66472,"date":"2025-07-09T10:45:18","date_gmt":"2025-07-09T08:45:18","guid":{"rendered":"https:\/\/www.jatu.be\/?post_type=product&#038;p=66472"},"modified":"2026-05-06T11:29:33","modified_gmt":"2026-05-06T09:29:33","slug":"legacy-10-14-big-bag-1500kg","status":"publish","type":"product","link":"https:\/\/www.jatu.be\/fr\/produit\/legacy-10-14-big-bag-1500kg\/","title":{"rendered":"Legacy 10\/14 &#8211; Big bag 1500kg"},"content":{"rendered":"","protected":false},"excerpt":{"rendered":"<h2 data-start=\"0\" data-end=\"81\"><strong data-start=\"0\" data-end=\"81\">Acheter Legacy 10\/14 \u2013 Un gravier d\u00e9coratif de caract\u00e8re pour un rendu unique<\/strong><\/h2>\n<p data-start=\"83\" data-end=\"472\">Le Legacy 10\/14 est un gravier d\u00e9coratif remarquable qui apporte un caract\u00e8re exclusif et dynamique \u00e0 votre all\u00e9e, jardin ou terrasse. Le m\u00e9lange de tons rouges chaleureux et de nuances grises plus froides cr\u00e9e un effet vivant qui devient encore plus intense lorsque le gravier est mouill\u00e9. Apr\u00e8s une pluie, votre espace ext\u00e9rieur se transforme ainsi en une magnifique palette de couleurs.<\/p>\n<p data-start=\"474\" data-end=\"596\">Sa forme concass\u00e9e et angulaire offre une excellente stabilit\u00e9, ce qui le rend id\u00e9al pour les zones fortement fr\u00e9quent\u00e9es.<\/p>\n<p data-start=\"598\" data-end=\"723\">Ce gravier ne fait <strong data-start=\"617\" data-end=\"662\">pas partie de notre assortiment permanent<\/strong> et est disponible temporairement en stock limit\u00e9 uniquement.<\/p>\n<h3 data-section-id=\"41gv5i\" data-start=\"725\" data-end=\"753\">Avantages du Legacy 10\/14<\/h3>\n<p data-start=\"755\" data-end=\"867\"><strong data-start=\"755\" data-end=\"789\">Jeu de couleurs de caract\u00e8re :<\/strong><br data-start=\"789\" data-end=\"792\" \/><br \/>\nLes couleurs deviennent encore plus intenses lorsque le gravier est humide.<\/p>\n<p data-start=\"869\" data-end=\"962\"><strong data-start=\"869\" data-end=\"881\">Stable :<\/strong><br data-start=\"881\" data-end=\"884\" \/><br \/>\nSa forme concass\u00e9e assure une meilleure adh\u00e9rence et une excellente stabilit\u00e9.<\/p>\n<p data-start=\"964\" data-end=\"1054\"><strong data-start=\"964\" data-end=\"980\">Polyvalent :<\/strong><br data-start=\"980\" data-end=\"983\" \/><br \/>\nConvient aux all\u00e9es, terrasses, chemins de jardin et zones d\u00e9coratives.<\/p>\n<p data-start=\"1056\" data-end=\"1125\"><strong data-start=\"1056\" data-end=\"1069\">Durable :<\/strong><br data-start=\"1069\" data-end=\"1072\" \/><br \/>\nR\u00e9sistant \u00e0 un usage intensif et facile \u00e0 entretenir.<\/p>\n<h3 data-section-id=\"owx6us\" data-start=\"1127\" data-end=\"1160\">Applications du gravier Legacy<\/h3>\n<p data-start=\"1162\" data-end=\"1284\">Que vous am\u00e9nagiez une all\u00e9e \u00e9l\u00e9gante ou un chemin de jardin d\u00e9coratif, le Legacy 10\/14 offre de nombreuses possibilit\u00e9s :<\/p>\n<p data-start=\"1286\" data-end=\"1424\"><strong data-start=\"1286\" data-end=\"1298\">All\u00e9es :<\/strong><br data-start=\"1298\" data-end=\"1301\" \/><br \/>\nCr\u00e9e une surface stable et r\u00e9sistante \u00e0 l\u2019usure lorsqu\u2019il est combin\u00e9 avec des dalles stabilisatrices pour gravier de 4 cm.<\/p>\n<p data-start=\"1426\" data-end=\"1565\"><strong data-start=\"1426\" data-end=\"1462\">Terrasses et chemins de jardin :<\/strong><br data-start=\"1462\" data-end=\"1465\" \/><br \/>\nPour les applications plus l\u00e9g\u00e8res, nous recommandons les dalles stabilisatrices ECCOgravel de 3 cm.<\/p>\n<p data-start=\"1567\" data-end=\"1779\"><strong data-start=\"1567\" data-end=\"1614\">Bordures d\u00e9coratives et couverture du sol :<\/strong><br data-start=\"1614\" data-end=\"1617\" \/><br \/>\nPour les bordures d\u00e9coratives ou le paillage : si vous utilisez une <strong data-start=\"1685\" data-end=\"1707\">toile anti-racines<\/strong>, il est conseill\u00e9 d\u2019appliquer le gravier sur une \u00e9paisseur de <strong data-start=\"1770\" data-end=\"1778\">5 cm<\/strong>.<\/p>\n<p data-start=\"1781\" data-end=\"1920\">Si vous utilisez des <strong data-start=\"1802\" data-end=\"1834\">dalles stabilisatrices fines<\/strong> afin de maintenir le gravier bien en place, une \u00e9paisseur de <strong data-start=\"1896\" data-end=\"1904\">3 cm<\/strong> est suffisante.<\/p>\n<h3 data-section-id=\"17v199q\" data-start=\"1922\" data-end=\"1964\">Quelle quantit\u00e9 de gravier me faut-il ?<\/h3>\n<p data-start=\"1966\" data-end=\"2120\">Selon l\u2019application, une quantit\u00e9 sp\u00e9cifique de gravier est n\u00e9cessaire. Notre calculateur de gravier vous aide \u00e0 d\u00e9terminer facilement la bonne quantit\u00e9 :<\/p>\n<p data-start=\"2122\" data-end=\"2212\"><strong data-start=\"2122\" data-end=\"2143\">Pour les all\u00e9es :<\/strong><br data-start=\"2143\" data-end=\"2146\" \/><br \/>\nUtilisez une couche de 5 cm de gravier, soit environ <strong data-start=\"2199\" data-end=\"2211\">80 kg\/m\u00b2<\/strong>.<\/p>\n<p data-start=\"2214\" data-end=\"2332\"><strong data-start=\"2214\" data-end=\"2259\">Pour les terrasses et chemins de jardin :<\/strong><br data-start=\"2259\" data-end=\"2262\" \/><br \/>\nUtilisez une couche de 4 cm, ce qui correspond \u00e0 environ <strong data-start=\"2319\" data-end=\"2331\">65 kg\/m\u00b2<\/strong>.<\/p>\n<p data-start=\"2334\" data-end=\"2483\"><strong data-start=\"2334\" data-end=\"2384\">Pour les bordures d\u00e9coratives ou le paillage :<\/strong><br data-start=\"2384\" data-end=\"2387\" \/><br \/>\nAvec des dalles stabilisatrices fines, une couche de <strong data-start=\"2440\" data-end=\"2448\">3 cm<\/strong> suffit, soit environ <strong data-start=\"2470\" data-end=\"2482\">50 kg\/m\u00b2<\/strong>.<\/p>\n<p data-start=\"2485\" data-end=\"2580\">Avec une toile anti-racines, une couche de <strong data-start=\"2528\" data-end=\"2536\">5 cm<\/strong> est recommand\u00e9e, soit environ <strong data-start=\"2567\" data-end=\"2579\">80 kg\/m\u00b2<\/strong>.<\/p>\n<h3 data-section-id=\"1mix37m\" data-start=\"2582\" data-end=\"2629\">Conditionnements et granulom\u00e9trie disponible<\/h3>\n<p data-start=\"2631\" data-end=\"2677\">Le Legacy 10\/14 est uniquement disponible en :<\/p>\n<ul data-start=\"2679\" data-end=\"2738\">\n<li data-section-id=\"18ajg5z\" data-start=\"2679\" data-end=\"2738\"><strong data-start=\"2681\" data-end=\"2704\">Big Bags de 1500 kg<\/strong> \u2013 id\u00e9als pour les grands projets.<\/li>\n<\/ul>\n<p data-start=\"2740\" data-end=\"2770\"><strong data-start=\"2740\" data-end=\"2770\">Attention : stock limit\u00e9 !<\/strong><\/p>\n<p data-start=\"2772\" data-end=\"2807\"><strong data-start=\"2772\" data-end=\"2807\">Jusqu\u2019\u00e0 \u00e9puisement des stocks !<\/strong><\/p>\n<h3 data-section-id=\"7p3lxl\" data-start=\"2809\" data-end=\"2837\">Possibilit\u00e9s de livraison<\/h3>\n<p data-start=\"2839\" data-end=\"3017\" data-is-last-node=\"\" data-is-only-node=\"\">Les commandes sont livr\u00e9es dans toute la Belgique dans un d\u00e9lai de quatre jours ouvrables. Vous pouvez \u00e9galement venir retirer votre Big Bag dans l\u2019un de nos points d\u2019enl\u00e8vement.<\/p>\n","protected":false},"featured_media":66487,"template":"","meta":{"_acf_changed":false,"inline_featured_image":false,"footnotes":""},"product_cat":[5415],"product_tag":[],"class_list":{"0":"post-66472","1":"product","2":"type-product","3":"status-publish","4":"has-post-thumbnail","6":"product_cat-gravier-decoratif-gravier-et-galets","8":"first","9":"instock","10":"taxable","11":"shipping-taxable","12":"purchasable","13":"product-type-variable"},"acf":{"woocommerce_erp_id":"19700","woocommerce_cnk_id":"203690","product_density":0,"custom_prices":[{"variation_id":"6215","customer_group":"CON","customer_id":"","min_qty":1,"max_qty":9999999,"steps":1,"price":110.74,"price_incl":134,"delivery_group":"COLLECT"},{"variation_id":"6215","customer_group":"CON","customer_id":"","min_qty":1,"max_qty":9999999,"steps":1,"price":110.74,"price_incl":134,"delivery_group":"DELIVERY"}],"packaging_ids":[{"packaging_name":"Big bag 1500 kg","packaging_id":"4","erp_id":"19700"}],"c_lengte":"","c_breedte":"","c_hoogte":""},"_links":{"self":[{"href":"https:\/\/www.jatu.be\/fr\/wp-json\/wp\/v2\/product\/66472","targetHints":{"allow":["GET"]}}],"collection":[{"href":"https:\/\/www.jatu.be\/fr\/wp-json\/wp\/v2\/product"}],"about":[{"href":"https:\/\/www.jatu.be\/fr\/wp-json\/wp\/v2\/types\/product"}],"version-history":[{"count":3,"href":"https:\/\/www.jatu.be\/fr\/wp-json\/wp\/v2\/product\/66472\/revisions"}],"predecessor-version":[{"id":72070,"href":"https:\/\/www.jatu.be\/fr\/wp-json\/wp\/v2\/product\/66472\/revisions\/72070"}],"wp:featuredmedia":[{"embeddable":true,"href":"https:\/\/www.jatu.be\/fr\/wp-json\/wp\/v2\/media\/66487"}],"wp:attachment":[{"href":"https:\/\/www.jatu.be\/fr\/wp-json\/wp\/v2\/media?parent=66472"}],"wp:term":[{"taxonomy":"product_cat","embeddable":true,"href":"https:\/\/www.jatu.be\/fr\/wp-json\/wp\/v2\/product_cat?post=66472"},{"taxonomy":"product_tag","embeddable":true,"href":"https:\/\/www.jatu.be\/fr\/wp-json\/wp\/v2\/product_tag?post=66472"}],"curies":[{"name":"wp","href":"https:\/\/api.w.org\/{rel}","templated":true}]}}