{"id":67015,"date":"2025-09-09T09:29:23","date_gmt":"2025-09-09T07:29:23","guid":{"rendered":"https:\/\/www.jatu.be\/?post_type=product&#038;p=67015"},"modified":"2026-05-06T11:04:31","modified_gmt":"2026-05-06T09:04:31","slug":"soldress","status":"publish","type":"product","link":"https:\/\/www.jatu.be\/fr\/produit\/soldress\/","title":{"rendered":"SOLdress &#8211; Topdressing"},"content":{"rendered":"","protected":false},"excerpt":{"rendered":"<h1 data-start=\"192\" data-end=\"285\">SOLdress Topdressing \u2013 La couche de finition id\u00e9ale pour une pelouse saine et uniforme<\/h1>\n<p data-start=\"287\" data-end=\"834\">Une pelouse fra\u00eechement verte, dense et r\u00e9sistante ne se cr\u00e9e pas par hasard. Apr\u00e8s un long hiver, une utilisation intensive ou un entretien comme la scarification, le gazon a souvent besoin d\u2019un coup de pouce suppl\u00e9mentaire.<br data-start=\"512\" data-end=\"515\" \/><br \/>\n<strong data-start=\"515\" data-end=\"527\">SOLdress<\/strong> est un topdressing de haute qualit\u00e9, sans engrais, sp\u00e9cialement d\u00e9velopp\u00e9 \u00e0 cet effet. Gr\u00e2ce \u00e0 un m\u00e9lange \u00e9quilibr\u00e9 de lave, de sable et de tourbe, il cr\u00e9e une couche de finition a\u00e9r\u00e9e qui comble les zones d\u00e9garnies, corrige les irr\u00e9gularit\u00e9s et am\u00e9liore la structure du sol \u2014 sans perturber la vie du sol.<\/p>\n<h2 data-start=\"841\" data-end=\"877\">Qu\u2019est-ce qu\u2019un topdressing ?<\/h2>\n<p data-start=\"878\" data-end=\"1199\">Un topdressing est une fine couche appliqu\u00e9e sur la pelouse existante dans le but de la restaurer. En appliquant r\u00e9guli\u00e8rement un topdressing, vous augmentez la r\u00e9silience de votre gazon et prolongez la dur\u00e9e de vie de la pelouse. Le gazon reste plus dense, plus esth\u00e9tique et mieux r\u00e9sistant \u00e0 une utilisation intensive.<\/p>\n<h2 data-start=\"1206\" data-end=\"1236\">Composition de SOLdress<\/h2>\n<p data-start=\"1237\" data-end=\"1261\">SOLdress se compose de :<\/p>\n<ul>\n<li data-start=\"1265\" data-end=\"1335\"><a href=\"https:\/\/www.jatu.be\/fr\/produit\/sable-de-lave-0-3\/\"><strong data-start=\"1265\" data-end=\"1279\">Lave (0\/3)<\/strong><\/a> : assure une structure a\u00e9r\u00e9e et un meilleur drainage.<\/li>\n<li data-start=\"1338\" data-end=\"1417\"><strong data-start=\"1338\" data-end=\"1353\">Sable (0\/2)<\/strong> : aide \u00e0 \u00e9galiser la pelouse et am\u00e9liore la structure du sol.<\/li>\n<li data-start=\"1420\" data-end=\"1536\"><strong data-start=\"1420\" data-end=\"1430\">Tourbe<\/strong> : retient l\u2019humidit\u00e9 et offre un environnement de germination stable pour les nouvelles graines de gazon.<\/li>\n<\/ul>\n<p data-start=\"1538\" data-end=\"1717\">Cette combinaison cr\u00e9e une structure \u00e9quilibr\u00e9e qui retient l\u2019humidit\u00e9 tout en \u00e9vacuant l\u2019exc\u00e8s d\u2019eau, offrant ainsi un environnement id\u00e9al pour le d\u00e9veloppement optimal du gazon.<\/p>\n<h2 data-start=\"1724\" data-end=\"1768\">Les avantages du topdressing SOLdress<\/h2>\n<ul>\n<li data-start=\"1772\" data-end=\"1890\"><strong data-start=\"1772\" data-end=\"1808\">R\u00e9cup\u00e9ration apr\u00e8s scarification<\/strong> \u2013 Prot\u00e8ge et restaure la pelouse apr\u00e8s l\u2019\u00e9limination de la mousse et du feutre.<\/li>\n<li data-start=\"1893\" data-end=\"2007\"><strong data-start=\"1893\" data-end=\"1927\">Comblement des zones d\u00e9garnies<\/strong> \u2013 Gr\u00e2ce \u00e0 sa structure l\u00e9g\u00e8re, les zones clairsem\u00e9es se referment rapidement.<\/li>\n<li data-start=\"2010\" data-end=\"2117\"><strong data-start=\"2010\" data-end=\"2039\">Nivellement de la pelouse<\/strong> \u2013 Les petites irr\u00e9gularit\u00e9s disparaissent pour un r\u00e9sultat net et uniforme.<\/li>\n<li data-start=\"2120\" data-end=\"2233\"><strong data-start=\"2120\" data-end=\"2143\">Am\u00e9lioration du sol<\/strong> \u2013 Am\u00e9liore les sols pauvres ou compact\u00e9s et stimule la vie biologique naturelle du sol.<\/li>\n<li data-start=\"2236\" data-end=\"2418\"><strong data-start=\"2236\" data-end=\"2263\">Utilisation polyvalente<\/strong> \u2013 Id\u00e9al pour le semis ou le sursemis, l\u2019entretien des terrains de sport et des jardins d\u2019ornement, ainsi que comme sous-couche pour les rouleaux de gazon.<\/li>\n<\/ul>\n<p data-start=\"2420\" data-end=\"2572\">Les utilisateurs de SOLdress constatent rapidement que leur pelouse est non seulement plus belle, mais aussi plus agr\u00e9able et plus saine sous les pieds.<\/p>\n<h2 data-start=\"2579\" data-end=\"2609\">Pourquoi sans engrais ?<\/h2>\n<p data-start=\"2610\" data-end=\"2738\">Contrairement \u00e0 de nombreux autres topdressings, SOLdress ne contient aucun \u00e9l\u00e9ment nutritif. Et ce, pour trois bonnes raisons :<\/p>\n<ul>\n<li data-start=\"2742\" data-end=\"2857\"><strong data-start=\"2742\" data-end=\"2780\">La fertilisation est du sur-mesure<\/strong> : les besoins nutritionnels d\u2019un gazon d\u00e9pendent fortement du type de sol.<\/li>\n<li data-start=\"2860\" data-end=\"2965\"><strong data-start=\"2860\" data-end=\"2880\">Contr\u00f4le optimal<\/strong> : vous choisissez vous-m\u00eame le moment et l\u2019engrais le plus adapt\u00e9 \u00e0 votre pelouse.<\/li>\n<li data-start=\"2968\" data-end=\"3084\"><strong data-start=\"2968\" data-end=\"2988\">Vie du sol saine<\/strong> : l\u2019absence de substances superflues permet de pr\u00e9server l\u2019\u00e9quilibre du micro-organisme du sol.<\/li>\n<\/ul>\n<h2 data-start=\"3091\" data-end=\"3147\">Quelle quantit\u00e9 de topdressing faut-il utiliser ?<\/h2>\n<p data-start=\"3148\" data-end=\"3360\">La quantit\u00e9 d\u00e9pend de la surface de votre pelouse et de l\u2019\u00e9paisseur de la couche souhait\u00e9e.<br data-start=\"3239\" data-end=\"3242\" \/><br \/>\nPour SOLdress, la dose recommand\u00e9e est de <strong data-start=\"3284\" data-end=\"3307\">2 \u00e0 5 litres par m\u00b2<\/strong>, ce qui correspond \u00e0 une couche de <strong data-start=\"3343\" data-end=\"3359\">0,2 \u00e0 0,5 cm<\/strong>.<\/p>\n<ul>\n<li data-start=\"3364\" data-end=\"3442\">Pour une l\u00e9g\u00e8re r\u00e9novation ou un simple nivellement : \u00b1 <strong data-start=\"3420\" data-end=\"3439\">2 litres par m\u00b2<\/strong>.<\/li>\n<li data-start=\"3445\" data-end=\"3583\">Pour le sursemis ou le comblement des zones d\u00e9garnies : jusqu\u2019\u00e0 <strong data-start=\"3509\" data-end=\"3528\">5 litres par m\u00b2<\/strong>, afin d\u2019offrir un environnement de germination stable.<\/li>\n<\/ul>\n<p data-start=\"3585\" data-end=\"3781\"><strong data-start=\"3585\" data-end=\"3598\">Conseil :<\/strong> appliquez toujours la couche de mani\u00e8re fine et uniforme, en laissant les brins de gazon visibles. Cela \u00e9vite l\u2019asphyxie et donne \u00e0 la pelouse les meilleures chances de r\u00e9cup\u00e9ration.<\/p>\n<h2 data-start=\"3788\" data-end=\"3822\">Comment utiliser SOLdress ?<\/h2>\n<ol>\n<li data-start=\"3826\" data-end=\"3880\">D\u00e9barrassez la pelouse des branches et des feuilles.<\/li>\n<li data-start=\"3884\" data-end=\"3984\">Tondez le gazon, de pr\u00e9f\u00e9rence sur la position la plus haute lors de la premi\u00e8re tonte de l\u2019ann\u00e9e.<\/li>\n<li data-start=\"3988\" data-end=\"4078\">Semez <strong data-start=\"3994\" data-end=\"4034\">10 \u00e0 20 g de graines de gazon par m\u00b2<\/strong> (\u00e9ventuellement m\u00e9lang\u00e9es avec SOLdress).<\/li>\n<li data-start=\"4082\" data-end=\"4134\">R\u00e9partissez SOLdress en petits tas sur la pelouse.<\/li>\n<li data-start=\"4138\" data-end=\"4239\">\u00c9talez uniform\u00e9ment \u00e0 l\u2019aide d\u2019un r\u00e2teau ou d\u2019un balai afin qu\u2019il p\u00e9n\u00e8tre entre les brins de gazon.<\/li>\n<li data-start=\"4243\" data-end=\"4274\">Appliquez l\u2019engrais souhait\u00e9.<\/li>\n<li data-start=\"4278\" data-end=\"4300\">Arrosez abondamment.<\/li>\n<li data-start=\"4304\" data-end=\"4340\">Laissez la nature faire son travail.<\/li>\n<\/ol>\n<h2 data-start=\"4347\" data-end=\"4388\">Commandez SOLdress d\u00e8s aujourd\u2019hui<\/h2>\n<p data-start=\"4389\" data-end=\"4529\">Avec <strong data-start=\"4394\" data-end=\"4406\">SOLdress<\/strong>, vous optez pour un topdressing de haute qualit\u00e9, fiable et durable, qui rend votre pelouse plus forte et plus esth\u00e9tique.<\/p>\n<p data-start=\"4531\" data-end=\"4637\">\u2714 Disponible en vrac par m\u00b3<br data-start=\"4558\" data-end=\"4561\" \/><br \/>\n\u2714 <a href=\"https:\/\/www.jatu.be\/fr\/specifications-de-livraison-jatu-rapide-efficace\/\">Livraison<\/a> dans toute la Belgique<br data-start=\"4595\" data-end=\"4598\" \/><br \/>\n\u2714 Enl\u00e8vement possible dans nos <a href=\"https:\/\/www.jatu.be\/fr\/points-de-collecte\/\">d\u00e9p\u00f4ts<\/a><\/p>\n<p data-start=\"4639\" data-end=\"4741\">Offrez \u00e0 votre pelouse les soins qu\u2019elle m\u00e9rite et commandez d\u00e8s aujourd\u2019hui le topdressing SOLdress !<\/p>\n","protected":false},"featured_media":67019,"template":"","meta":{"_acf_changed":false,"inline_featured_image":false,"footnotes":""},"product_cat":[5392,6864],"product_tag":[],"class_list":{"0":"post-67015","1":"product","2":"type-product","3":"status-publish","4":"has-post-thumbnail","6":"product_cat-ameliorants-de-sol-conditionneurs-de-sol","7":"product_cat-entretien-des-jardins","9":"first","10":"instock","11":"taxable","12":"shipping-taxable","13":"purchasable","14":"product-type-variable"},"acf":{"woocommerce_erp_id":"19704","woocommerce_cnk_id":"203694","product_density":1.5,"custom_prices":[{"variation_id":"71500","customer_group":"CON","customer_id":"","min_qty":1,"max_qty":9999999,"steps":1,"price":9.09,"price_incl":11,"delivery_group":"COLLECT"},{"variation_id":"71500","customer_group":"CON","customer_id":"","min_qty":1,"max_qty":9999999,"steps":1,"price":9.09,"price_incl":11,"delivery_group":"DELIVERY"},{"variation_id":"71501","customer_group":"CON","customer_id":"","min_qty":1,"max_qty":9999999,"steps":1,"price":103.31,"price_incl":125,"delivery_group":"COLLECT"},{"variation_id":"71501","customer_group":"CON","customer_id":"","min_qty":1,"max_qty":9999999,"steps":1,"price":103.31,"price_incl":125,"delivery_group":"DELIVERY"},{"variation_id":"67016","customer_group":"CON","customer_id":"","min_qty":0.5,"max_qty":9999999,"steps":0.1,"price":89.62,"price_incl":95,"delivery_group":"COLLECT"},{"variation_id":"67016","customer_group":"CON","customer_id":"","min_qty":5,"max_qty":9999999,"steps":0.1,"price":89.62,"price_incl":95,"delivery_group":"DELIVERY"}],"packaging_ids":[{"packaging_name":"En vrac (\u00e0 partir de m\u00b3)","packaging_id":"11","erp_id":"19704"},{"packaging_name":"Big bag 1 m\u00b3","packaging_id":"9","erp_id":"19712"},{"packaging_name":"Pi\u00e8ce","packaging_id":"7","erp_id":"19716"}],"c_lengte":"","c_breedte":"","c_hoogte":""},"_links":{"self":[{"href":"https:\/\/www.jatu.be\/fr\/wp-json\/wp\/v2\/product\/67015","targetHints":{"allow":["GET"]}}],"collection":[{"href":"https:\/\/www.jatu.be\/fr\/wp-json\/wp\/v2\/product"}],"about":[{"href":"https:\/\/www.jatu.be\/fr\/wp-json\/wp\/v2\/types\/product"}],"version-history":[{"count":5,"href":"https:\/\/www.jatu.be\/fr\/wp-json\/wp\/v2\/product\/67015\/revisions"}],"predecessor-version":[{"id":67667,"href":"https:\/\/www.jatu.be\/fr\/wp-json\/wp\/v2\/product\/67015\/revisions\/67667"}],"wp:featuredmedia":[{"embeddable":true,"href":"https:\/\/www.jatu.be\/fr\/wp-json\/wp\/v2\/media\/67019"}],"wp:attachment":[{"href":"https:\/\/www.jatu.be\/fr\/wp-json\/wp\/v2\/media?parent=67015"}],"wp:term":[{"taxonomy":"product_cat","embeddable":true,"href":"https:\/\/www.jatu.be\/fr\/wp-json\/wp\/v2\/product_cat?post=67015"},{"taxonomy":"product_tag","embeddable":true,"href":"https:\/\/www.jatu.be\/fr\/wp-json\/wp\/v2\/product_tag?post=67015"}],"curies":[{"name":"wp","href":"https:\/\/api.w.org\/{rel}","templated":true}]}}