{"id":67385,"date":"2025-11-06T11:19:12","date_gmt":"2025-11-06T10:19:12","guid":{"rendered":"https:\/\/www.jatu.be\/?post_type=product&#038;p=67385"},"modified":"2026-05-06T13:58:43","modified_gmt":"2026-05-06T11:58:43","slug":"nevada-6-8","status":"publish","type":"product","link":"https:\/\/www.jatu.be\/fr\/produit\/nevada-6-8\/","title":{"rendered":"Nevada 6\/8"},"content":{"rendered":"","protected":false},"excerpt":{"rendered":"<h2 data-start=\"0\" data-end=\"73\"><strong data-start=\"0\" data-end=\"73\">Nevada 6\/8 \u2013 Une beaut\u00e9 intemporelle dans une granulom\u00e9trie plus fine<\/strong><\/h2>\n<p data-start=\"75\" data-end=\"660\">Le Nevada 6\/8 est un gravier \u00e9l\u00e9gant compos\u00e9 d\u2019un m\u00e9lange raffin\u00e9 de tons blanc arctique et gris clair. Cette pierre haut de gamme, inspir\u00e9e par l\u2019impressionnante cha\u00eene de montagnes de la Sierra Nevada en Espagne, apporte une \u00e9l\u00e9gance intemporelle et une grande durabilit\u00e9 \u00e0 tout espace ext\u00e9rieur. Ce gravier est parfait pour l\u2019am\u00e9nagement d\u2019all\u00e9es, de chemins, de terrasses et de jardins d\u00e9coratifs. Il apporte non seulement une apparence fra\u00eeche et lumineuse, mais convient \u00e9galement parfaitement aux applications d\u00e9coratives telles que l\u2019entourage de pas japonais ou de flagstones.<\/p>\n<p data-start=\"662\" data-end=\"815\">Le Nevada est \u00e9galement disponible en granulom\u00e9trie <a href=\"https:\/\/www.jatu.be\/fr\/produit\/nevada-8-12\/\">8\/12<\/a>, <a href=\"https:\/\/www.jatu.be\/fr\/produit\/nevada-16-22\/\">16\/22<\/a> &amp; <a href=\"https:\/\/www.jatu.be\/fr\/produit\/nevada-22-30\/\">22\/30<\/a> id\u00e9ale pour ceux qui pr\u00e9f\u00e8rent un gravier l\u00e9g\u00e8rement plus grossier avec le m\u00eame aspect \u00e9l\u00e9gant.<\/p>\n<h3 data-section-id=\"9cppv4\" data-start=\"817\" data-end=\"843\">Avantages du Nevada 6\/8<\/h3>\n<p data-start=\"845\" data-end=\"1026\"><strong data-start=\"845\" data-end=\"865\">Aspect raffin\u00e9 :<\/strong><br data-start=\"865\" data-end=\"868\" \/><br \/>\nLe m\u00e9lange de blanc arctique et de subtiles nuances gris clair offre un look \u00e9l\u00e9gant et moderne qui s\u2019int\u00e8gre harmonieusement dans tout am\u00e9nagement de jardin.<\/p>\n<p data-start=\"1028\" data-end=\"1169\"><strong data-start=\"1028\" data-end=\"1041\">Durable :<\/strong><br data-start=\"1041\" data-end=\"1044\" \/><br \/>\nR\u00e9sistant \u00e0 un usage intensif et aux conditions climatiques changeantes \u2013 il conserve sa beaut\u00e9 pendant de nombreuses ann\u00e9es.<\/p>\n<p data-start=\"1171\" data-end=\"1358\"><strong data-start=\"1171\" data-end=\"1187\">Polyvalent :<\/strong><br data-start=\"1187\" data-end=\"1190\" \/><br \/>\nConvient aux all\u00e9es, chemins, terrasses et jardins d\u2019ornement. Associ\u00e9 \u00e0 des dalles stabilisatrices pour gravier, il constitue une surface stable et facile d\u2019entretien.<\/p>\n<p data-start=\"1360\" data-end=\"1483\"><strong data-start=\"1360\" data-end=\"1384\">Facile d\u2019entretien :<\/strong><br data-start=\"1384\" data-end=\"1387\" \/><br \/>\nNettoyage simple avec notre biomix \u2013 le gravier reste ainsi clair et frais, saison apr\u00e8s saison.<\/p>\n<p data-start=\"1485\" data-end=\"1661\"><strong data-start=\"1485\" data-end=\"1524\">Association avec des pas japonais :<\/strong><br data-start=\"1524\" data-end=\"1527\" \/><br \/>\nSa granulom\u00e9trie plus fine rend le Nevada 6\/8 id\u00e9al pour encadrer d\u00e9corativement des flagstones ou des pas japonais dans votre jardin.<\/p>\n<h3 data-section-id=\"cq6tr9\" data-start=\"1663\" data-end=\"1692\">Applications du Nevada 6\/8<\/h3>\n<p data-start=\"1694\" data-end=\"1800\">Le Nevada 6\/8 convient \u00e0 de nombreuses applications, des accents d\u00e9coratifs aux rev\u00eatements fonctionnels :<\/p>\n<p data-start=\"1802\" data-end=\"1877\"><strong data-start=\"1802\" data-end=\"1814\">All\u00e9es :<\/strong><br data-start=\"1814\" data-end=\"1817\" \/><br \/>\nOffre une finition raffin\u00e9e et durable avec un rendu soign\u00e9.<\/p>\n<p data-start=\"1879\" data-end=\"1980\"><strong data-start=\"1879\" data-end=\"1905\">Terrasses et chemins :<\/strong><br data-start=\"1905\" data-end=\"1908\" \/><br \/>\nCr\u00e9e une apparence moderne et naturelle avec un grand confort de marche.<\/p>\n<p data-start=\"1982\" data-end=\"2082\"><strong data-start=\"1982\" data-end=\"2006\">Jardins d\u00e9coratifs :<\/strong><br data-start=\"2006\" data-end=\"2009\" \/><br \/>\nId\u00e9al pour entourer des plantes, des bordures ou des ornements de jardin.<\/p>\n<p data-start=\"2084\" data-end=\"2199\"><strong data-start=\"2084\" data-end=\"2141\">Association avec des flagstones ou des pas japonais :<\/strong><br data-start=\"2141\" data-end=\"2144\" \/><br \/>\nParfait pour apporter contraste et structure au jardin.<\/p>\n<h3 data-section-id=\"17v199q\" data-start=\"2201\" data-end=\"2243\">Quelle quantit\u00e9 de gravier me faut-il ?<\/h3>\n<p data-start=\"2245\" data-end=\"2378\">Utilisez les recommandations ci-dessous ou notre calculateur de gravier pratique pour d\u00e9terminer la quantit\u00e9 ad\u00e9quate de Nevada 6\/8 :<\/p>\n<p data-start=\"2380\" data-end=\"2517\"><strong data-start=\"2380\" data-end=\"2392\">All\u00e9es :<\/strong><br data-start=\"2392\" data-end=\"2395\" \/><br \/>\nPour une all\u00e9e solide et durable, nous recommandons une couche de 5 cm de gravier. Cela correspond \u00e0 environ <strong data-start=\"2504\" data-end=\"2516\">80 kg\/m\u00b2<\/strong>.<\/p>\n<p data-start=\"2519\" data-end=\"2635\"><strong data-start=\"2519\" data-end=\"2556\">Terrasses et chemins en gravier :<\/strong><br data-start=\"2556\" data-end=\"2559\" \/><br \/>\nPour ces applications, une couche de 4 cm suffit, soit environ <strong data-start=\"2622\" data-end=\"2634\">65 kg\/m\u00b2<\/strong>.<\/p>\n<p data-start=\"2637\" data-end=\"2791\"><strong data-start=\"2637\" data-end=\"2684\">Bordures d\u00e9coratives ou couverture du sol :<\/strong><br data-start=\"2684\" data-end=\"2687\" \/><br \/>\nAvec des <strong data-start=\"2696\" data-end=\"2728\">dalles stabilisatrices fines<\/strong>, une couche de 3 cm est suffisante, soit environ <strong data-start=\"2778\" data-end=\"2790\">50 kg\/m\u00b2<\/strong>.<\/p>\n<p data-start=\"2793\" data-end=\"2915\">Vous utilisez un <strong data-start=\"2810\" data-end=\"2837\">g\u00e9otextile anti-racines<\/strong> ? Dans ce cas, une couche de 5 cm est recommand\u00e9e, soit environ <strong data-start=\"2902\" data-end=\"2914\">80 kg\/m\u00b2<\/strong>.<\/p>\n<h3 data-section-id=\"1rwq0v6\" data-start=\"2917\" data-end=\"2966\">Conditionnements et granulom\u00e9tries disponibles<\/h3>\n<p data-start=\"2968\" data-end=\"3111\">Que vous r\u00e9alisiez un petit am\u00e9nagement d\u00e9coratif ou un grand projet, le Nevada 6\/8 est disponible dans diff\u00e9rents conditionnements pratiques :<\/p>\n<ul data-start=\"3113\" data-end=\"3402\">\n<li data-section-id=\"1phumwx\" data-start=\"3113\" data-end=\"3193\">Sacs de 25 kg \u2013 id\u00e9als pour les petites surfaces ou les finitions d\u00e9coratives.<\/li>\n<li data-section-id=\"1h7te4a\" data-start=\"3194\" data-end=\"3275\">Big bags de 500, 1000 ou 1500 kg \u2013 pour les projets de taille moyenne \u00e0 grande.<\/li>\n<li data-section-id=\"5ket6p\" data-start=\"3276\" data-end=\"3402\">Vrac \u00e0 partir de 5 tonnes \u2013 la solution \u00e9conomique pour les grandes surfaces telles que les all\u00e9es ou les projets paysagers.<\/li>\n<\/ul>\n<p data-start=\"3404\" data-end=\"3601\"><strong data-start=\"3404\" data-end=\"3417\">Conseil :<\/strong><br data-start=\"3417\" data-end=\"3420\" \/><br \/>\nEn cas d\u2019enl\u00e8vement \u00e0 partir de 0,5 tonne en vrac, vous b\u00e9n\u00e9ficiez de tarifs particuli\u00e8rement avantageux. Vous commandez ainsi toujours exactement la quantit\u00e9 dont vous avez besoin.<\/p>\n<p data-start=\"3603\" data-end=\"3762\">Le Nevada est \u00e9galement disponible en granulom\u00e9trie 8\/12, pour ceux qui souhaitent un gravier l\u00e9g\u00e8rement plus grossier avec le m\u00eame aspect frais et intemporel.<\/p>\n<h3 data-section-id=\"7p3lxl\" data-start=\"3764\" data-end=\"3792\">Possibilit\u00e9s de livraison<\/h3>\n<p data-start=\"3794\" data-end=\"4012\">Chez Jatu, nous facilitons vos commandes gr\u00e2ce \u00e0 des options de livraison flexibles. Les commandes \u00e0 partir de 25 kg sont livr\u00e9es partout en Belgique dans les quatre jours ouvrables suivant la confirmation de commande.<\/p>\n<p data-start=\"4014\" data-end=\"4137\">Vous pouvez \u00e9galement opter pour un enl\u00e8vement \u00e0 partir de 25 kg dans nos points de retrait \u00e0 <strong data-start=\"4108\" data-end=\"4120\">Wevelgem<\/strong> ou <strong data-start=\"4124\" data-end=\"4136\">Zedelgem<\/strong>.<\/p>\n<p data-start=\"4139\" data-end=\"4254\" data-is-last-node=\"\" data-is-only-node=\"\">Gr\u00e2ce \u00e0 ces diff\u00e9rentes options, vous b\u00e9n\u00e9ficiez toujours d\u2019un service rapide et flexible, adapt\u00e9 \u00e0 votre planning.<\/p>\n","protected":false},"featured_media":67391,"template":"","meta":{"_acf_changed":false,"inline_featured_image":false,"footnotes":""},"product_cat":[5415],"product_tag":[],"class_list":{"0":"post-67385","1":"product","2":"type-product","3":"status-publish","4":"has-post-thumbnail","6":"product_cat-gravier-decoratif-gravier-et-galets","8":"first","9":"instock","10":"taxable","11":"shipping-taxable","12":"purchasable","13":"product-type-variable"},"acf":{"woocommerce_erp_id":"19717","woocommerce_cnk_id":"203705","product_density":1.6,"custom_prices":[{"variation_id":"67400","customer_group":"CON","customer_id":"","min_qty":1,"max_qty":9999999,"steps":1,"price":191.74,"price_incl":232,"delivery_group":"COLLECT"},{"variation_id":"67400","customer_group":"CON","customer_id":"","min_qty":1,"max_qty":9999999,"steps":1,"price":191.74,"price_incl":232,"delivery_group":"DELIVERY"},{"variation_id":"67399","customer_group":"CON","customer_id":"","min_qty":1,"max_qty":9999999,"steps":1,"price":125.62,"price_incl":152,"delivery_group":"COLLECT"},{"variation_id":"67399","customer_group":"CON","customer_id":"","min_qty":1,"max_qty":9999999,"steps":1,"price":125.62,"price_incl":152,"delivery_group":"DELIVERY"},{"variation_id":"67401","customer_group":"CON","customer_id":"","min_qty":1,"max_qty":9999999,"steps":1,"price":278.51,"price_incl":337,"delivery_group":"DELIVERY"},{"variation_id":"67401","customer_group":"CON","customer_id":"","min_qty":1,"max_qty":9999999,"steps":1,"price":278.51,"price_incl":337,"delivery_group":"COLLECT"},{"variation_id":"67398","customer_group":"CON","customer_id":"","min_qty":1,"max_qty":9999999,"steps":1,"price":7.44,"price_incl":9,"delivery_group":"COLLECT"},{"variation_id":"67398","customer_group":"CON","customer_id":"","min_qty":1,"max_qty":9999999,"steps":1,"price":7.44,"price_incl":9,"delivery_group":"DELIVERY"},{"variation_id":"67386","customer_group":"CON","customer_id":"","min_qty":0.5,"max_qty":9999999,"steps":0.1,"price":174.38,"price_incl":211,"delivery_group":"COLLECT"},{"variation_id":"67386","customer_group":"CON","customer_id":"","min_qty":5,"max_qty":9999999,"steps":0.1,"price":174.38,"price_incl":211,"delivery_group":"DELIVERY"}],"packaging_ids":[{"packaging_name":"En vrac (\u00e0 partir de tonnes)","packaging_id":"10","erp_id":"19717"},{"packaging_name":"Pi\u00e8ce","packaging_id":"7","erp_id":"19728"},{"packaging_name":"Big bag 500 kg","packaging_id":"3","erp_id":"19723"},{"packaging_name":"Big bag 1000 kg","packaging_id":"2","erp_id":"19724"},{"packaging_name":"Big bag 1500 kg","packaging_id":"4","erp_id":"19725"}],"c_lengte":"","c_breedte":"","c_hoogte":""},"_links":{"self":[{"href":"https:\/\/www.jatu.be\/fr\/wp-json\/wp\/v2\/product\/67385","targetHints":{"allow":["GET"]}}],"collection":[{"href":"https:\/\/www.jatu.be\/fr\/wp-json\/wp\/v2\/product"}],"about":[{"href":"https:\/\/www.jatu.be\/fr\/wp-json\/wp\/v2\/types\/product"}],"version-history":[{"count":5,"href":"https:\/\/www.jatu.be\/fr\/wp-json\/wp\/v2\/product\/67385\/revisions"}],"predecessor-version":[{"id":72108,"href":"https:\/\/www.jatu.be\/fr\/wp-json\/wp\/v2\/product\/67385\/revisions\/72108"}],"wp:featuredmedia":[{"embeddable":true,"href":"https:\/\/www.jatu.be\/fr\/wp-json\/wp\/v2\/media\/67391"}],"wp:attachment":[{"href":"https:\/\/www.jatu.be\/fr\/wp-json\/wp\/v2\/media?parent=67385"}],"wp:term":[{"taxonomy":"product_cat","embeddable":true,"href":"https:\/\/www.jatu.be\/fr\/wp-json\/wp\/v2\/product_cat?post=67385"},{"taxonomy":"product_tag","embeddable":true,"href":"https:\/\/www.jatu.be\/fr\/wp-json\/wp\/v2\/product_tag?post=67385"}],"curies":[{"name":"wp","href":"https:\/\/api.w.org\/{rel}","templated":true}]}}