{"id":70323,"date":"2026-03-09T09:55:37","date_gmt":"2026-03-09T08:55:37","guid":{"rendered":"https:\/\/www.jatu.be\/?post_type=product&#038;p=70323"},"modified":"2026-03-25T09:44:48","modified_gmt":"2026-03-25T08:44:48","slug":"70323","status":"publish","type":"product","link":"https:\/\/www.jatu.be\/fr\/produit\/70323\/","title":{"rendered":"Core Edge 100mm Corten bordures (5 pi\u00e9ces)"},"content":{"rendered":"","protected":false},"excerpt":{"rendered":"<p>D\u00e9couvrez nos bordures de haute qualit\u00e9, The CORE Edge powered by ECCO, sp\u00e9cialement con\u00e7ues pour les professionnels du jardinage et du b\u00e2timent. Fabriqu\u00e9es en acier doux de 1,6 mm d&rsquo;\u00e9paisseur, ces bordures offrent une r\u00e9sistance exceptionnelle, id\u00e9ale pour les tondeuses \u00e0 gazon et les v\u00e9hicules l\u00e9gers.<\/p>\n<p>Avantages de The CORE Edge powered by ECCO<\/p>\n<ul>\n<li>Solidit\u00e9 et durabilit\u00e9 : l&rsquo;acier doux de 1,6 mm d&rsquo;\u00e9paisseur garantit une bordure solide, capable de r\u00e9sister \u00e0 une utilisation quotidienne.<\/li>\n<li>Flexibilit\u00e9 de conception : que vous souhaitiez cr\u00e9er des lignes droites, des formes courbes ou des angles, ces bordures sont faciles \u00e0 plier et \u00e0 installer sur place.<\/li>\n<li>Installation simple : ces bordures en acier flexibles s&rsquo;installent rapidement et facilement sans outils sp\u00e9ciaux.<\/li>\n<li>Conditionnement : par lot de 5 pi\u00e8ces, 1 pi\u00e8ce = 1 m\u00e8tre.<\/li>\n<\/ul>\n","protected":false},"featured_media":70321,"template":"","meta":{"_acf_changed":false,"inline_featured_image":false,"footnotes":""},"product_cat":[5394,5383],"product_tag":[],"class_list":{"0":"post-70323","1":"product","2":"type-product","3":"status-publish","4":"has-post-thumbnail","6":"product_cat-acier-corten-bordures-de-jardin","7":"product_cat-bordures-de-jardin","9":"first","10":"instock","11":"taxable","12":"shipping-taxable","13":"purchasable","14":"product-type-variable"},"acf":{"woocommerce_erp_id":"19502","woocommerce_cnk_id":"203501","product_density":0,"custom_prices":[{"variation_id":"70317","customer_group":"CON","customer_id":"","min_qty":1,"max_qty":9999999,"steps":1,"price":79.51,"price_incl":95,"delivery_group":"COLLECT"},{"variation_id":"70317","customer_group":"CON","customer_id":"","min_qty":1,"max_qty":9999999,"steps":1,"price":79.51,"price_incl":95,"delivery_group":"DELIVERY"}],"packaging_ids":null,"c_lengte":"","c_breedte":"","c_hoogte":""},"_links":{"self":[{"href":"https:\/\/www.jatu.be\/fr\/wp-json\/wp\/v2\/product\/70323","targetHints":{"allow":["GET"]}}],"collection":[{"href":"https:\/\/www.jatu.be\/fr\/wp-json\/wp\/v2\/product"}],"about":[{"href":"https:\/\/www.jatu.be\/fr\/wp-json\/wp\/v2\/types\/product"}],"version-history":[{"count":3,"href":"https:\/\/www.jatu.be\/fr\/wp-json\/wp\/v2\/product\/70323\/revisions"}],"predecessor-version":[{"id":70329,"href":"https:\/\/www.jatu.be\/fr\/wp-json\/wp\/v2\/product\/70323\/revisions\/70329"}],"wp:featuredmedia":[{"embeddable":true,"href":"https:\/\/www.jatu.be\/fr\/wp-json\/wp\/v2\/media\/70321"}],"wp:attachment":[{"href":"https:\/\/www.jatu.be\/fr\/wp-json\/wp\/v2\/media?parent=70323"}],"wp:term":[{"taxonomy":"product_cat","embeddable":true,"href":"https:\/\/www.jatu.be\/fr\/wp-json\/wp\/v2\/product_cat?post=70323"},{"taxonomy":"product_tag","embeddable":true,"href":"https:\/\/www.jatu.be\/fr\/wp-json\/wp\/v2\/product_tag?post=70323"}],"curies":[{"name":"wp","href":"https:\/\/api.w.org\/{rel}","templated":true}]}}