{"id":71720,"date":"2026-03-09T09:59:29","date_gmt":"2026-03-09T08:59:29","guid":{"rendered":"https:\/\/www.jatu.be\/?post_type=product&#038;p=71720"},"modified":"2026-04-22T11:34:22","modified_gmt":"2026-04-22T09:34:22","slug":"le-profile-de-rive-en-aluminium-250-cm-x-12-cm-x-h-10-cm","status":"publish","type":"product","link":"https:\/\/www.jatu.be\/fr\/produit\/le-profile-de-rive-en-aluminium-250-cm-x-12-cm-x-h-10-cm\/","title":{"rendered":"Le profil\u00e9 de rive en aluminium &#8211; 250 Cm X 12 Cm X H 10 Cm"},"content":{"rendered":"","protected":false},"excerpt":{"rendered":"<p>Un profil\u00e9 de rive est un profil\u00e9 en aluminium utilis\u00e9 sur les toits plats sans rebord pour permettre la pose de cassettes de s\u00e9dum sur un toit l\u00e9g\u00e8rement inclin\u00e9. Le profil\u00e9 est muni d&rsquo;orifices de drainage pour l&rsquo;\u00e9vacuation des eaux de pluie.<\/p>\n","protected":false},"featured_media":71718,"template":"","meta":{"_acf_changed":false,"inline_featured_image":false,"footnotes":""},"product_cat":[5399],"product_tag":[],"class_list":{"0":"post-71720","1":"product","2":"type-product","3":"status-publish","4":"has-post-thumbnail","6":"product_cat-toit-vert","8":"first","9":"outofstock","10":"taxable","11":"shipping-taxable","12":"product-type-variable"},"acf":{"woocommerce_erp_id":"19602","woocommerce_cnk_id":"203596","product_density":0,"custom_prices":null,"packaging_ids":null,"c_lengte":"","c_breedte":"","c_hoogte":""},"_links":{"self":[{"href":"https:\/\/www.jatu.be\/fr\/wp-json\/wp\/v2\/product\/71720","targetHints":{"allow":["GET"]}}],"collection":[{"href":"https:\/\/www.jatu.be\/fr\/wp-json\/wp\/v2\/product"}],"about":[{"href":"https:\/\/www.jatu.be\/fr\/wp-json\/wp\/v2\/types\/product"}],"version-history":[{"count":1,"href":"https:\/\/www.jatu.be\/fr\/wp-json\/wp\/v2\/product\/71720\/revisions"}],"predecessor-version":[{"id":71721,"href":"https:\/\/www.jatu.be\/fr\/wp-json\/wp\/v2\/product\/71720\/revisions\/71721"}],"wp:featuredmedia":[{"embeddable":true,"href":"https:\/\/www.jatu.be\/fr\/wp-json\/wp\/v2\/media\/71718"}],"wp:attachment":[{"href":"https:\/\/www.jatu.be\/fr\/wp-json\/wp\/v2\/media?parent=71720"}],"wp:term":[{"taxonomy":"product_cat","embeddable":true,"href":"https:\/\/www.jatu.be\/fr\/wp-json\/wp\/v2\/product_cat?post=71720"},{"taxonomy":"product_tag","embeddable":true,"href":"https:\/\/www.jatu.be\/fr\/wp-json\/wp\/v2\/product_tag?post=71720"}],"curies":[{"name":"wp","href":"https:\/\/api.w.org\/{rel}","templated":true}]}}