{"id":71733,"date":"2026-04-22T12:57:02","date_gmt":"2026-04-22T10:57:02","guid":{"rendered":"https:\/\/www.jatu.be\/?post_type=product&#038;p=71733"},"modified":"2026-04-22T16:40:04","modified_gmt":"2026-04-22T14:40:04","slug":"florpot-terreau-universele-50l","status":"publish","type":"product","link":"https:\/\/www.jatu.be\/fr\/produit\/florpot-terreau-universele-50l\/","title":{"rendered":"FLORpot &#8211; Terreau Universele &#8211; 50L"},"content":{"rendered":"","protected":false},"excerpt":{"rendered":"<p>Le terreau universel peut \u00eatre utilis\u00e9 partout et est compos\u00e9 de la meilleure tourbe de jardin, de tourbe blanche, de compost d&rsquo;\u00e9corce de conif\u00e8res, d&rsquo;engrais \u00e0 base de calcium et de magn\u00e9sium, ainsi que d&rsquo;engrais. FLORpot est un terreau polyvalent. Ne pas ajouter d&rsquo;engrais pendant les deux premi\u00e8res semaines.<\/p>\n","protected":false},"featured_media":71751,"template":"","meta":{"_acf_changed":false,"inline_featured_image":false,"footnotes":""},"product_cat":[5392],"product_tag":[],"class_list":{"0":"post-71733","1":"product","2":"type-product","3":"status-publish","4":"has-post-thumbnail","6":"product_cat-ameliorants-de-sol-conditionneurs-de-sol","8":"first","9":"instock","10":"taxable","11":"shipping-taxable","12":"purchasable","13":"product-type-variable"},"acf":{"woocommerce_erp_id":"20073","woocommerce_cnk_id":"204100","product_density":0,"custom_prices":[{"variation_id":"71734","customer_group":"CON","customer_id":"","min_qty":1,"max_qty":41,"steps":1,"price":7.438,"price_incl":9,"delivery_group":"COLLECT"},{"variation_id":"71734","customer_group":"CON","customer_id":"","min_qty":1,"max_qty":41,"steps":1,"price":7.438,"price_incl":9,"delivery_group":"DELIVERY"},{"variation_id":"71734","customer_group":"CON","customer_id":"","min_qty":42,"max_qty":125,"steps":1,"price":7.438,"price_incl":9,"delivery_group":"COLLECT"},{"variation_id":"71734","customer_group":"CON","customer_id":"","min_qty":42,"max_qty":125,"steps":1,"price":7.438,"price_incl":9,"delivery_group":"DELIVERY"},{"variation_id":"71734","customer_group":"CON","customer_id":"","min_qty":126,"max_qty":9999999,"steps":1,"price":7.438,"price_incl":9,"delivery_group":"COLLECT"},{"variation_id":"71734","customer_group":"CON","customer_id":"","min_qty":126,"max_qty":9999999,"steps":1,"price":7.438,"price_incl":9,"delivery_group":"DELIVERY"}],"packaging_ids":[{"packaging_name":"Pi\u00e8ce","packaging_id":"7","erp_id":"20073"}],"c_lengte":"","c_breedte":"","c_hoogte":""},"_links":{"self":[{"href":"https:\/\/www.jatu.be\/fr\/wp-json\/wp\/v2\/product\/71733","targetHints":{"allow":["GET"]}}],"collection":[{"href":"https:\/\/www.jatu.be\/fr\/wp-json\/wp\/v2\/product"}],"about":[{"href":"https:\/\/www.jatu.be\/fr\/wp-json\/wp\/v2\/types\/product"}],"version-history":[{"count":3,"href":"https:\/\/www.jatu.be\/fr\/wp-json\/wp\/v2\/product\/71733\/revisions"}],"predecessor-version":[{"id":71759,"href":"https:\/\/www.jatu.be\/fr\/wp-json\/wp\/v2\/product\/71733\/revisions\/71759"}],"wp:featuredmedia":[{"embeddable":true,"href":"https:\/\/www.jatu.be\/fr\/wp-json\/wp\/v2\/media\/71751"}],"wp:attachment":[{"href":"https:\/\/www.jatu.be\/fr\/wp-json\/wp\/v2\/media?parent=71733"}],"wp:term":[{"taxonomy":"product_cat","embeddable":true,"href":"https:\/\/www.jatu.be\/fr\/wp-json\/wp\/v2\/product_cat?post=71733"},{"taxonomy":"product_tag","embeddable":true,"href":"https:\/\/www.jatu.be\/fr\/wp-json\/wp\/v2\/product_tag?post=71733"}],"curies":[{"name":"wp","href":"https:\/\/api.w.org\/{rel}","templated":true}]}}