{"id":71745,"date":"2026-03-09T10:03:37","date_gmt":"2026-03-09T09:03:37","guid":{"rendered":"https:\/\/www.jatu.be\/?post_type=product&#038;p=71745"},"modified":"2026-04-22T16:25:39","modified_gmt":"2026-04-22T14:25:39","slug":"florpot-terreau-universel","status":"publish","type":"product","link":"https:\/\/www.jatu.be\/fr\/produit\/florpot-terreau-universel\/","title":{"rendered":"FLORpot &#8211; terreau universel"},"content":{"rendered":"","protected":false},"excerpt":{"rendered":"<p>Le terreau universel peut \u00eatre utilis\u00e9 partout et est compos\u00e9 de la meilleure tourbe de jardin, de tourbe blanche, de compost d&rsquo;\u00e9corce de conif\u00e8res, d&rsquo;engrais \u00e0 base de calcium et de magn\u00e9sium, ainsi que d&rsquo;engrais.<br \/>\nFLORpot est un terreau polyvalent.<br \/>\n<strong>Ne pas ajouter d&rsquo;engrais pendant les deux premi\u00e8res semaines.<\/strong><\/p>\n","protected":false},"featured_media":71743,"template":"","meta":{"_acf_changed":false,"inline_featured_image":false,"footnotes":""},"product_cat":[5392],"product_tag":[],"class_list":{"0":"post-71745","1":"product","2":"type-product","3":"status-publish","4":"has-post-thumbnail","6":"product_cat-ameliorants-de-sol-conditionneurs-de-sol","8":"first","9":"instock","10":"taxable","11":"shipping-taxable","12":"purchasable","13":"product-type-variable"},"acf":{"woocommerce_erp_id":"19740","woocommerce_cnk_id":"203726","product_density":0.4,"custom_prices":[{"variation_id":"71747","customer_group":"CON","customer_id":"","min_qty":1,"max_qty":9999999,"steps":0.5,"price":79.34,"price_incl":96,"delivery_group":"COLLECT"},{"variation_id":"71747","customer_group":"CON","customer_id":"","min_qty":1,"max_qty":9999999,"steps":0.5,"price":79.34,"price_incl":96,"delivery_group":"DELIVERY"}],"packaging_ids":[{"packaging_name":"","packaging_id":"69","erp_id":"19740"}],"c_lengte":"","c_breedte":"","c_hoogte":""},"_links":{"self":[{"href":"https:\/\/www.jatu.be\/fr\/wp-json\/wp\/v2\/product\/71745","targetHints":{"allow":["GET"]}}],"collection":[{"href":"https:\/\/www.jatu.be\/fr\/wp-json\/wp\/v2\/product"}],"about":[{"href":"https:\/\/www.jatu.be\/fr\/wp-json\/wp\/v2\/types\/product"}],"version-history":[{"count":1,"href":"https:\/\/www.jatu.be\/fr\/wp-json\/wp\/v2\/product\/71745\/revisions"}],"predecessor-version":[{"id":71746,"href":"https:\/\/www.jatu.be\/fr\/wp-json\/wp\/v2\/product\/71745\/revisions\/71746"}],"wp:featuredmedia":[{"embeddable":true,"href":"https:\/\/www.jatu.be\/fr\/wp-json\/wp\/v2\/media\/71743"}],"wp:attachment":[{"href":"https:\/\/www.jatu.be\/fr\/wp-json\/wp\/v2\/media?parent=71745"}],"wp:term":[{"taxonomy":"product_cat","embeddable":true,"href":"https:\/\/www.jatu.be\/fr\/wp-json\/wp\/v2\/product_cat?post=71745"},{"taxonomy":"product_tag","embeddable":true,"href":"https:\/\/www.jatu.be\/fr\/wp-json\/wp\/v2\/product_tag?post=71745"}],"curies":[{"name":"wp","href":"https:\/\/api.w.org\/{rel}","templated":true}]}}