{"id":71791,"date":"2026-03-09T10:03:43","date_gmt":"2026-03-09T09:03:43","guid":{"rendered":"https:\/\/www.jatu.be\/?post_type=product&#038;p=71791"},"modified":"2026-04-24T08:59:45","modified_gmt":"2026-04-24T06:59:45","slug":"dcm-copron-25kg","status":"publish","type":"product","link":"https:\/\/www.jatu.be\/fr\/produit\/dcm-copron-25kg\/","title":{"rendered":"DCM COPRON &#8211; 25kg"},"content":{"rendered":"","protected":false},"excerpt":{"rendered":"<p>DCM Copron, le substitut de fumier id\u00e9al pour un sol sain. Cet amendement sec et vari\u00e9, enrichi en engrais organique de base (NPK 4-3-2), est parfait pour am\u00e9liorer la structure du sol, tant pour les jeunes plantations que pour l&rsquo;am\u00e9nagement d&rsquo;une pelouse. Avec une teneur \u00e9lev\u00e9e en mati\u00e8re organique et une forme granuleuse ou friable facile \u00e0 utiliser, DCM Copron s&rsquo;\u00e9pand facilement, tout comme un engrais granul\u00e9.<\/p>\n","protected":false},"featured_media":71789,"template":"","meta":{"_acf_changed":false,"inline_featured_image":false,"footnotes":""},"product_cat":[7061,5391],"product_tag":[],"class_list":{"0":"post-71791","1":"product","2":"type-product","3":"status-publish","4":"has-post-thumbnail","6":"product_cat-engrais-dcm","7":"product_cat-conditionneurs-de-sol","9":"first","10":"instock","11":"taxable","12":"shipping-taxable","13":"purchasable","14":"product-type-variable"},"acf":{"woocommerce_erp_id":"19746","woocommerce_cnk_id":"203732","product_density":0,"custom_prices":null,"packaging_ids":null,"c_lengte":"","c_breedte":"","c_hoogte":""},"_links":{"self":[{"href":"https:\/\/www.jatu.be\/fr\/wp-json\/wp\/v2\/product\/71791","targetHints":{"allow":["GET"]}}],"collection":[{"href":"https:\/\/www.jatu.be\/fr\/wp-json\/wp\/v2\/product"}],"about":[{"href":"https:\/\/www.jatu.be\/fr\/wp-json\/wp\/v2\/types\/product"}],"version-history":[{"count":2,"href":"https:\/\/www.jatu.be\/fr\/wp-json\/wp\/v2\/product\/71791\/revisions"}],"predecessor-version":[{"id":71796,"href":"https:\/\/www.jatu.be\/fr\/wp-json\/wp\/v2\/product\/71791\/revisions\/71796"}],"wp:featuredmedia":[{"embeddable":true,"href":"https:\/\/www.jatu.be\/fr\/wp-json\/wp\/v2\/media\/71789"}],"wp:attachment":[{"href":"https:\/\/www.jatu.be\/fr\/wp-json\/wp\/v2\/media?parent=71791"}],"wp:term":[{"taxonomy":"product_cat","embeddable":true,"href":"https:\/\/www.jatu.be\/fr\/wp-json\/wp\/v2\/product_cat?post=71791"},{"taxonomy":"product_tag","embeddable":true,"href":"https:\/\/www.jatu.be\/fr\/wp-json\/wp\/v2\/product_tag?post=71791"}],"curies":[{"name":"wp","href":"https:\/\/api.w.org\/{rel}","templated":true}]}}