{"id":72019,"date":"2026-05-05T13:06:06","date_gmt":"2026-05-05T11:06:06","guid":{"rendered":"https:\/\/www.jatu.be\/?post_type=product&#038;p=72019"},"modified":"2026-05-05T13:17:43","modified_gmt":"2026-05-05T11:17:43","slug":"fleurs-de-champs-bloemenpracht-500g","status":"publish","type":"product","link":"https:\/\/www.jatu.be\/fr\/produit\/fleurs-de-champs-bloemenpracht-500g\/","title":{"rendered":"Fleurs de champs &#8211; Bloemenpracht 500g"},"content":{"rendered":"","protected":false},"excerpt":{"rendered":"<p>Apportez plus que de la couleur \u00e0 votre jardin avec Bloemenpracht. Ce m\u00e9lange de fleurs des champs offre un r\u00e9sultat vivant et naturel, tout en contribuant \u00e0 renforcer la biodiversit\u00e9. Vous profiterez d&rsquo;une prairie fleurie qui n&rsquo;est pas seulement belle, mais aussi fonctionnelle et facile d&rsquo;entretien.<\/p>\n<p>Pourquoi choisir Bloemenpracht?<\/p>\n<ul>\n<li>Une ambiance et de la couleur instantan\u00e9es dans votre jardin<\/li>\n<li>Attrayant pour les abeilles, les papillons et les oiseaux<\/li>\n<li>Plantes h\u00f4tes id\u00e9ales pour les papillons et leurs chenilles<\/li>\n<li>Facile d&rsquo;entretien et adapt\u00e9 \u00e0 notre climat<\/li>\n<li>Aide \u00e0 lutter contre les mauvaises herbes de mani\u00e8re naturelle<\/li>\n<\/ul>\n<p>Avec Bloemenpracht, vous redonnez facilement vie aux zones d\u00e9nud\u00e9es de mani\u00e8re durable, pour un r\u00e9sultat dont vous profiterez toute la saison.<\/p>\n","protected":false},"featured_media":72030,"template":"","meta":{"_acf_changed":false,"inline_featured_image":false,"footnotes":""},"product_cat":[6889,5404],"product_tag":[],"class_list":{"0":"post-72019","1":"product","2":"type-product","3":"status-publish","4":"has-post-thumbnail","6":"product_cat-melange-de-fleurs","7":"product_cat-gazon-et-plus","9":"first","10":"instock","11":"taxable","12":"shipping-taxable","13":"purchasable","14":"product-type-variable"},"acf":{"woocommerce_erp_id":"20034","woocommerce_cnk_id":"204061","product_density":0,"custom_prices":[{"variation_id":"72020","customer_group":"CON","customer_id":"","min_qty":1,"max_qty":9999999,"steps":1,"price":121.44,"price_incl":128.73,"delivery_group":"COLLECT"},{"variation_id":"72020","customer_group":"CON","customer_id":"","min_qty":1,"max_qty":9999999,"steps":1,"price":121.44,"price_incl":128.73,"delivery_group":"DELIVERY"}],"packaging_ids":[{"packaging_name":"Pi\u00e8ce","packaging_id":"7","erp_id":"20034"}],"c_lengte":"","c_breedte":"","c_hoogte":""},"_links":{"self":[{"href":"https:\/\/www.jatu.be\/fr\/wp-json\/wp\/v2\/product\/72019","targetHints":{"allow":["GET"]}}],"collection":[{"href":"https:\/\/www.jatu.be\/fr\/wp-json\/wp\/v2\/product"}],"about":[{"href":"https:\/\/www.jatu.be\/fr\/wp-json\/wp\/v2\/types\/product"}],"version-history":[{"count":3,"href":"https:\/\/www.jatu.be\/fr\/wp-json\/wp\/v2\/product\/72019\/revisions"}],"predecessor-version":[{"id":72037,"href":"https:\/\/www.jatu.be\/fr\/wp-json\/wp\/v2\/product\/72019\/revisions\/72037"}],"wp:featuredmedia":[{"embeddable":true,"href":"https:\/\/www.jatu.be\/fr\/wp-json\/wp\/v2\/media\/72030"}],"wp:attachment":[{"href":"https:\/\/www.jatu.be\/fr\/wp-json\/wp\/v2\/media?parent=72019"}],"wp:term":[{"taxonomy":"product_cat","embeddable":true,"href":"https:\/\/www.jatu.be\/fr\/wp-json\/wp\/v2\/product_cat?post=72019"},{"taxonomy":"product_tag","embeddable":true,"href":"https:\/\/www.jatu.be\/fr\/wp-json\/wp\/v2\/product_tag?post=72019"}],"curies":[{"name":"wp","href":"https:\/\/api.w.org\/{rel}","templated":true}]}}