{"id":72025,"date":"2026-05-05T13:06:42","date_gmt":"2026-05-05T11:06:42","guid":{"rendered":"https:\/\/www.jatu.be\/?post_type=product&#038;p=72025"},"modified":"2026-05-05T13:24:01","modified_gmt":"2026-05-05T11:24:01","slug":"micro-trefle-pipolina-advanta-1kg","status":"publish","type":"product","link":"https:\/\/www.jatu.be\/fr\/produit\/micro-trefle-pipolina-advanta-1kg\/","title":{"rendered":"Micro-tr\u00e8fle Pipolina Advanta 1kg"},"content":{"rendered":"","protected":false},"excerpt":{"rendered":"<p>Vous r\u00eavez d&rsquo;une pelouse d&rsquo;un vert \u00e9clatant toute l&rsquo;ann\u00e9e, sans avoir \u00e0 vous donner trop de mal ? Avec micro-tr\u00e8fle Pipolina, vous optez pour une solution intelligente et durable qui rendra votre jardin plus r\u00e9sistant et plus beau.<\/p>\n<p>Micro-tr\u00e8fle est une vari\u00e9t\u00e9 de tr\u00e8fle \u00e0 croissance lente qui soutient naturellement votre pelouse. Associ\u00e9 au gazon, Pipolina garantit une pelouse dense, r\u00e9sistante et facile d&rsquo;entretien.<\/p>\n<p>Pourquoi choisir le micro-tr\u00e8fle Pipolina ?<\/p>\n<p><strong>Une pelouse toujours plus verte<\/strong><br \/>\nLe micro-tr\u00e8fle reste vert plus longtemps, m\u00eame pendant les p\u00e9riodes de s\u00e9cheresse.<br \/>\n<strong>Moins d&rsquo;engrais n\u00e9cessaire<\/strong><br \/>\nLe tr\u00e8fle fixe l&rsquo;azote de l&rsquo;air et nourrit ainsi votre pelouse de mani\u00e8re naturelle.<br \/>\n<strong>Plus r\u00e9sistant \u00e0 la s\u00e9cheresse<\/strong><br \/>\nId\u00e9al pour les \u00e9t\u00e9s chauds et une consommation d&rsquo;eau r\u00e9duite.<br \/>\n<strong>Un r\u00e9sultat plus dense et plus fourni<\/strong><br \/>\nMoins de risque de zones d\u00e9garnies et de mauvaises herbes.<br \/>\n<strong>Facile d&rsquo;entretien<\/strong><br \/>\nMoins de tontes et moins de soucis.<\/p>\n<p>Que vous am\u00e9nagiez une nouvelle pelouse ou que vous souhaitiez am\u00e9liorer votre gazon existant : le micro-tr\u00e8fle Pipolina est une am\u00e9lioration simple qui fait toute la diff\u00e9rence.<\/p>\n","protected":false},"featured_media":72040,"template":"","meta":{"_acf_changed":false,"inline_featured_image":false,"footnotes":""},"product_cat":[5405,5404],"product_tag":[],"class_list":{"0":"post-72025","1":"product","2":"type-product","3":"status-publish","4":"has-post-thumbnail","6":"product_cat-semences-gazon","7":"product_cat-gazon-et-plus","9":"first","10":"instock","11":"taxable","12":"shipping-taxable","13":"purchasable","14":"product-type-variable"},"acf":{"woocommerce_erp_id":"20186","woocommerce_cnk_id":"204213","product_density":1,"custom_prices":[{"variation_id":"72026","customer_group":"CON","customer_id":"","min_qty":1,"max_qty":9999999,"steps":1,"price":42.97,"price_incl":45.55,"delivery_group":"COLLECT"},{"variation_id":"72026","customer_group":"CON","customer_id":"","min_qty":1,"max_qty":9999999,"steps":1,"price":42.97,"price_incl":45.55,"delivery_group":"DELIVERY"}],"packaging_ids":[{"packaging_name":"Pi\u00e8ce","packaging_id":"7","erp_id":"20186"}],"c_lengte":"","c_breedte":"","c_hoogte":""},"_links":{"self":[{"href":"https:\/\/www.jatu.be\/fr\/wp-json\/wp\/v2\/product\/72025","targetHints":{"allow":["GET"]}}],"collection":[{"href":"https:\/\/www.jatu.be\/fr\/wp-json\/wp\/v2\/product"}],"about":[{"href":"https:\/\/www.jatu.be\/fr\/wp-json\/wp\/v2\/types\/product"}],"version-history":[{"count":3,"href":"https:\/\/www.jatu.be\/fr\/wp-json\/wp\/v2\/product\/72025\/revisions"}],"predecessor-version":[{"id":72043,"href":"https:\/\/www.jatu.be\/fr\/wp-json\/wp\/v2\/product\/72025\/revisions\/72043"}],"wp:featuredmedia":[{"embeddable":true,"href":"https:\/\/www.jatu.be\/fr\/wp-json\/wp\/v2\/media\/72040"}],"wp:attachment":[{"href":"https:\/\/www.jatu.be\/fr\/wp-json\/wp\/v2\/media?parent=72025"}],"wp:term":[{"taxonomy":"product_cat","embeddable":true,"href":"https:\/\/www.jatu.be\/fr\/wp-json\/wp\/v2\/product_cat?post=72025"},{"taxonomy":"product_tag","embeddable":true,"href":"https:\/\/www.jatu.be\/fr\/wp-json\/wp\/v2\/product_tag?post=72025"}],"curies":[{"name":"wp","href":"https:\/\/api.w.org\/{rel}","templated":true}]}}