{"id":72111,"date":"2026-03-09T10:03:23","date_gmt":"2026-03-09T09:03:23","guid":{"rendered":"https:\/\/www.jatu.be\/?post_type=product&#038;p=72111"},"modified":"2026-05-06T14:06:14","modified_gmt":"2026-05-06T12:06:14","slug":"nevada-16-22","status":"publish","type":"product","link":"https:\/\/www.jatu.be\/fr\/produit\/nevada-16-22\/","title":{"rendered":"Nevada 16\/22"},"content":{"rendered":"","protected":false},"excerpt":{"rendered":"<h2>Nevada 16\/22 \u2013 Beaut\u00e9 intemporelle pour chaque espace ext\u00e9rieur<\/h2>\n<p>Nevada 16\/22 est un <a href=\"https:\/\/www.jatu.be\/fr\/categorie-produit\/gravier-et-galets\/gravier-decoratif-gravier-et-galets\/\">gravier<\/a> exceptionnel avec un m\u00e9lange de blanc arctique et de nuances gris clair. Ce mat\u00e9riau de haute qualit\u00e9, inspir\u00e9 par la cha\u00eene de montagnes impressionnante de la Sierra Nevada en Espagne, refl\u00e8te une \u00e9l\u00e9gance intemporelle et une durabilit\u00e9 exceptionnelle. Ce gravier est parfait pour <a href=\"https:\/\/www.jatu.be\/fr\/project\/instruction-pour-une-allee-permeable\/\">am\u00e9nager des all\u00e9es<\/a>, des chemins, des terrasses et des jardins d\u2019ornement. En plus d\u2019apporter une apparence fra\u00eeche, il convient \u00e9galement parfaitement aux applications d\u00e9coratives telles que l&rsquo;encadrement de dalles ou de pas japonais. Autres Nevada factions: <a href=\"https:\/\/www.jatu.be\/fr\/produit\/nevada-6-8\/\">6\/8<\/a>, <a href=\"https:\/\/www.jatu.be\/fr\/produit\/nevada-8-12\/\">8\/12<\/a> &amp; <a href=\"https:\/\/www.jatu.be\/fr\/produit\/nevada-22-30\/\">22\/30<\/a><\/p>\n<h3>Avantages de Nevada 16\/22<\/h3>\n<ul>\n<li><strong>Aspect unique :<\/strong> Un m\u00e9lange de blanc arctique et de nuances gris clair offre un look intemporel et \u00e9l\u00e9gant qui s&rsquo;int\u00e8gre parfaitement dans tout jardin d\u2019ornement.<\/li>\n<li><strong>Durable :<\/strong> Con\u00e7u pour un usage intensif et r\u00e9sistant aux diff\u00e9rentes conditions m\u00e9t\u00e9orologiques, ce gravier dure de nombreuses ann\u00e9es.<\/li>\n<li><strong>Polyvalent :<\/strong> Id\u00e9al pour les all\u00e9es, <a href=\"https:\/\/www.jatu.be\/fr\/construction-terrasse-en-gravier-jatu-belgique\/\">terrasses<\/a>, chemins en gravier et jardins d\u2019ornement. En combinaison avec des <a href=\"https:\/\/www.jatu.be\/fr\/categorie-produit\/gravier-et-galets\/stabilisateurs-de-gravier-gravier-et-galets\/\">stabilisateurs de gravier<\/a>, il offre une solution stable et facile \u00e0 entretenir.<\/li>\n<li><strong>Facile \u00e0 entretenir :<\/strong> Ce gravier est extr\u00eamement facile \u00e0 entretenir. En cas de salissures, il suffit d&rsquo;utiliser notre <a href=\"https:\/\/www.jatu.be\/fr\/produit\/decapant-biologique-biomix-pro-atm-5l\/\"><strong>biomix<\/strong><\/a> pour nettoyer et raviver son \u00e9clat d\u2019origine.<\/li>\n<li><strong>Combinaison avec des tremplins :<\/strong> Nevada 8\/12 peut \u00eatre parfaitement combin\u00e9 avec des <a href=\"https:\/\/www.jatu.be\/fr\/categorie-produit\/acheter-pavages-jardin-durables\/tremplins\/flagstones-fr\/\">flagstones<\/a>. Utilisez ce gravier pour entourer \u00e9l\u00e9gamment les tremplins ou d&rsquo;autres \u00e9l\u00e9ments d\u00e9coratifs dans votre jardin.<\/li>\n<\/ul>\n<h2>Applications de Nevada 16\/22<\/h2>\n<p>Nevada 16\/22 est extr\u00eamement polyvalent et peut \u00eatre utilis\u00e9 dans divers projets :<\/p>\n<ul>\n<li><strong>All\u00e9es :<\/strong> Pour une finition propre, facile \u00e0 entretenir et durable.<\/li>\n<li><strong>Terrasses et <a href=\"https:\/\/www.jatu.be\/fr\/project\/manuel-instruction-allee-de-jardin-gravier\/\">chemins en gravier<\/a> :<\/strong> Pour une apparence \u00e9l\u00e9gante et moderne avec une touche naturelle.<\/li>\n<li><strong>Jardins d\u2019ornement :<\/strong> Pour encadrer les plantes et les bordures de mani\u00e8re d\u00e9corative.<\/li>\n<li><strong>Combinaisons avec des flagstones ou des <a href=\"https:\/\/www.jatu.be\/fr\/categorie-produit\/acheter-pavages-jardin-durables\/tremplins\/\">tremplins<\/a> :<\/strong> Pour une disposition \u00e9l\u00e9gante et fonctionnelle de votre jardin ou chemin.<\/li>\n<\/ul>\n<h3>Quelle quantit\u00e9 de gravier me faut-il ?<\/h3>\n<p>Pour chaque application de Nevada 16\/22, une quantit\u00e9 sp\u00e9cifique de gravier est n\u00e9cessaire. Vous pouvez \u00e9galement utiliser notre <a href=\"https:\/\/www.jatu.be\/fr\/calculateur-de-gravier-calculer-quantite\/\">calculateur de gravier<\/a> pratique pour d\u00e9terminer la quantit\u00e9 exacte.<\/p>\n<h3>Conditionnements et fractions disponibles<\/h3>\n<p>Que vous ayez un petit projet ou un plan de grande envergure, Nevada 16\/22 est disponible dans diff\u00e9rents conditionnements pour r\u00e9pondre \u00e0 vos besoins :<\/p>\n<ul>\n<li><strong>Sacs de 25 kg<\/strong> \u2013 Parfaits pour les petits projets ou applications d\u00e9coratives.<\/li>\n<li><strong>Vrac \u00e0 partir de 5 tonnes<\/strong> \u2013 Le choix id\u00e9al pour les grandes surfaces comme les all\u00e9es ou l&rsquo;am\u00e9nagement paysager \u00e9tendu.<\/li>\n<\/ul>\n<p><strong>Astuce :<\/strong> Pour le vrac \u00e0 partir de 0,5 tonne, vous b\u00e9n\u00e9ficiez de tarifs avantageux lors du retrait. Nos options de conditionnement sont flexibles et permettent de commander la quantit\u00e9 id\u00e9ale de mat\u00e9riau, quelle que soit l\u2019ampleur de votre projet.<\/p>\n<h3>Options de livraison<\/h3>\n<p>Chez Jatu, nous simplifions vos projets gr\u00e2ce \u00e0 des <a href=\"https:\/\/www.jatu.be\/fr\/specifications-de-livraison-jatu-rapide-efficace\/\">options de livraison<\/a> flexibles. Les commandes \u00e0 partir de 25 kg sont livr\u00e9es partout en Belgique dans un d\u00e9lai de quatre jours ouvrables apr\u00e8s confirmation. Vous pouvez \u00e9galement retirer votre commande \u00e0 partir de 25 kg dans nos <a href=\"https:\/\/www.jatu.be\/fr\/points-de-collecte\/\">points de retrait<\/a> \u00e0 <strong>Zedelgem<\/strong>. Gr\u00e2ce \u00e0 ces options, vous pouvez toujours compter sur un service rapide et adapt\u00e9 \u00e0 votre emploi du temps.<\/p>\n","protected":false},"featured_media":72091,"template":"","meta":{"_acf_changed":false,"inline_featured_image":false,"footnotes":""},"product_cat":[5403,5415],"product_tag":[],"class_list":{"0":"post-72111","1":"product","2":"type-product","3":"status-publish","4":"has-post-thumbnail","6":"product_cat-gravier-et-galets","7":"product_cat-gravier-decoratif-gravier-et-galets","9":"first","10":"instock","11":"taxable","12":"shipping-taxable","13":"purchasable","14":"product-type-variable"},"acf":{"woocommerce_erp_id":"19726","woocommerce_cnk_id":"203712","product_density":1.6,"custom_prices":null,"packaging_ids":null,"c_lengte":"","c_breedte":"","c_hoogte":""},"_links":{"self":[{"href":"https:\/\/www.jatu.be\/fr\/wp-json\/wp\/v2\/product\/72111","targetHints":{"allow":["GET"]}}],"collection":[{"href":"https:\/\/www.jatu.be\/fr\/wp-json\/wp\/v2\/product"}],"about":[{"href":"https:\/\/www.jatu.be\/fr\/wp-json\/wp\/v2\/types\/product"}],"version-history":[{"count":1,"href":"https:\/\/www.jatu.be\/fr\/wp-json\/wp\/v2\/product\/72111\/revisions"}],"predecessor-version":[{"id":72112,"href":"https:\/\/www.jatu.be\/fr\/wp-json\/wp\/v2\/product\/72111\/revisions\/72112"}],"wp:featuredmedia":[{"embeddable":true,"href":"https:\/\/www.jatu.be\/fr\/wp-json\/wp\/v2\/media\/72091"}],"wp:attachment":[{"href":"https:\/\/www.jatu.be\/fr\/wp-json\/wp\/v2\/media?parent=72111"}],"wp:term":[{"taxonomy":"product_cat","embeddable":true,"href":"https:\/\/www.jatu.be\/fr\/wp-json\/wp\/v2\/product_cat?post=72111"},{"taxonomy":"product_tag","embeddable":true,"href":"https:\/\/www.jatu.be\/fr\/wp-json\/wp\/v2\/product_tag?post=72111"}],"curies":[{"name":"wp","href":"https:\/\/api.w.org\/{rel}","templated":true}]}}