{"id":72115,"date":"2026-03-09T10:03:24","date_gmt":"2026-03-09T09:03:24","guid":{"rendered":"https:\/\/www.jatu.be\/?post_type=product&#038;p=72115"},"modified":"2026-05-06T14:09:19","modified_gmt":"2026-05-06T12:09:19","slug":"nevada-22-30","status":"publish","type":"product","link":"https:\/\/www.jatu.be\/fr\/produit\/nevada-22-30\/","title":{"rendered":"Nevada 22\/30"},"content":{"rendered":"","protected":false},"excerpt":{"rendered":"<h2>Nevada 22\/30 \u2013 Beaut\u00e9 intemporelle pour chaque espace ext\u00e9rieur<\/h2>\n<p>Nevada 22\/30 est un <a href=\"https:\/\/www.jatu.be\/fr\/categorie-produit\/gravier-et-galets\/gravier-decoratif-gravier-et-galets\/\">gravier<\/a>\u00a0exceptionnel avec un m\u00e9lange de blanc arctique et de nuances gris clair. Ce mat\u00e9riau de haute qualit\u00e9, inspir\u00e9 par la cha\u00eene de montagnes impressionnante de la Sierra Nevada en Espagne, refl\u00e8te une \u00e9l\u00e9gance intemporelle et une durabilit\u00e9 exceptionnelle. Ce gravier est parfait pour\u00a0<a href=\"https:\/\/www.jatu.be\/fr\/project\/instruction-pour-une-allee-permeable\/\">am\u00e9nager des all\u00e9es<\/a>, des chemins, des terrasses et des jardins d\u2019ornement. En plus d\u2019apporter une apparence fra\u00eeche, il convient \u00e9galement parfaitement aux applications d\u00e9coratives telles que l&rsquo;encadrement de dalles ou de pas japonais. Autres Nevada factions:\u00a0<a href=\"https:\/\/www.jatu.be\/fr\/produit\/nevada-6-8\/\">6\/8<\/a>,\u00a0<a href=\"https:\/\/www.jatu.be\/fr\/produit\/nevada-8-12\/\">8\/12<\/a> &amp; <a href=\"https:\/\/www.jatu.be\/fr\/produit\/nevada-16-22\/\">16\/22<\/a><\/p>\n<h3>Avantages de Nevada 22\/30<\/h3>\n<ul>\n<li><strong>Aspect unique :<\/strong>\u00a0Un m\u00e9lange de blanc arctique et de nuances gris clair offre un look intemporel et \u00e9l\u00e9gant qui s&rsquo;int\u00e8gre parfaitement dans tout jardin d\u2019ornement.<\/li>\n<li><strong>Durable :<\/strong>\u00a0Con\u00e7u pour un usage intensif et r\u00e9sistant aux diff\u00e9rentes conditions m\u00e9t\u00e9orologiques, ce gravier dure de nombreuses ann\u00e9es.<\/li>\n<li><strong>Polyvalent :<\/strong>\u00a0Id\u00e9al pour les all\u00e9es,\u00a0<a href=\"https:\/\/www.jatu.be\/fr\/construction-terrasse-en-gravier-jatu-belgique\/\">terrasses<\/a>, chemins en gravier et jardins d\u2019ornement. En combinaison avec des\u00a0<a href=\"https:\/\/www.jatu.be\/fr\/categorie-produit\/gravier-et-galets\/stabilisateurs-de-gravier-gravier-et-galets\/\">stabilisateurs de gravier<\/a>, il offre une solution stable et facile \u00e0 entretenir.<\/li>\n<li><strong>Facile \u00e0 entretenir :<\/strong>\u00a0Ce gravier est extr\u00eamement facile \u00e0 entretenir. En cas de salissures, il suffit d&rsquo;utiliser notre\u00a0<a href=\"https:\/\/www.jatu.be\/fr\/produit\/decapant-biologique-biomix-pro-atm-5l\/\"><strong>biomix<\/strong><\/a>\u00a0pour nettoyer et raviver son \u00e9clat d\u2019origine.<\/li>\n<\/ul>\n<h2>Applications de Nevada 22\/30<\/h2>\n<p>Nevada 22\/30 est extr\u00eamement polyvalent et peut \u00eatre utilis\u00e9 dans divers projets :<\/p>\n<ul>\n<li><strong>All\u00e9es :<\/strong>\u00a0Pour une finition propre, facile \u00e0 entretenir et durable.<\/li>\n<li><strong>Terrasses et\u00a0<a href=\"https:\/\/www.jatu.be\/fr\/project\/manuel-instruction-allee-de-jardin-gravier\/\">chemins en gravier<\/a>\u00a0:<\/strong>\u00a0Pour une apparence \u00e9l\u00e9gante et moderne avec une touche naturelle.<\/li>\n<li><strong>Jardins d\u2019ornement :<\/strong>\u00a0Pour encadrer les plantes et les bordures de mani\u00e8re d\u00e9corative.<\/li>\n<\/ul>\n<h3>Quelle quantit\u00e9 de gravier me faut-il ?<\/h3>\n<p>Pour chaque application de Nevada 22\/30, une quantit\u00e9 sp\u00e9cifique de gravier est n\u00e9cessaire. Vous pouvez \u00e9galement utiliser notre <a href=\"https:\/\/www.jatu.be\/fr\/calculateur-de-gravier-calculer-quantite\/\">calculateur de gravier<\/a>\u00a0pratique pour d\u00e9terminer la quantit\u00e9 exacte.<\/p>\n<h3>Conditionnements et fractions disponibles<\/h3>\n<p>Que vous ayez un petit projet ou un plan de grande envergure, Nevada 22\/30 est disponible dans diff\u00e9rents conditionnements pour r\u00e9pondre \u00e0 vos besoins :<\/p>\n<ul>\n<li><strong>Sacs de 25 kg<\/strong>\u00a0\u2013 Parfaits pour les petits projets ou applications d\u00e9coratives.<\/li>\n<li><strong>Vrac \u00e0 partir de 5 tonnes<\/strong>\u00a0\u2013 Le choix id\u00e9al pour les grandes surfaces comme les all\u00e9es ou l&rsquo;am\u00e9nagement paysager \u00e9tendu.<\/li>\n<\/ul>\n<p><strong>Astuce :<\/strong>\u00a0Pour le vrac \u00e0 partir de 0,5 tonne, vous b\u00e9n\u00e9ficiez de tarifs avantageux lors du retrait. Nos options de conditionnement sont flexibles et permettent de commander la quantit\u00e9 id\u00e9ale de mat\u00e9riau, quelle que soit l\u2019ampleur de votre projet.<\/p>\n<h3>Options de livraison<\/h3>\n<p>Chez Jatu, nous simplifions vos projets gr\u00e2ce \u00e0 des\u00a0<a href=\"https:\/\/www.jatu.be\/fr\/specifications-de-livraison-jatu-rapide-efficace\/\">options de livraison<\/a>\u00a0flexibles. Les commandes \u00e0 partir de 25 kg sont livr\u00e9es partout en Belgique dans un d\u00e9lai de quatre jours ouvrables apr\u00e8s confirmation. Vous pouvez \u00e9galement retirer votre commande \u00e0 partir de 25 kg dans nos\u00a0<a href=\"https:\/\/www.jatu.be\/fr\/points-de-collecte\/\">points de retrait<\/a>\u00a0\u00e0\u00a0<strong>Zedelgem<\/strong>. Gr\u00e2ce \u00e0 ces options, vous pouvez toujours compter sur un service rapide et adapt\u00e9 \u00e0 votre emploi du temps.<\/p>\n","protected":false},"featured_media":72099,"template":"","meta":{"_acf_changed":false,"inline_featured_image":false,"footnotes":""},"product_cat":[5403,5415],"product_tag":[],"class_list":{"0":"post-72115","1":"product","2":"type-product","3":"status-publish","4":"has-post-thumbnail","6":"product_cat-gravier-et-galets","7":"product_cat-gravier-decoratif-gravier-et-galets","9":"first","10":"instock","11":"taxable","12":"shipping-taxable","13":"purchasable","14":"product-type-variable"},"acf":{"woocommerce_erp_id":"19727","woocommerce_cnk_id":"203713","product_density":1.6,"custom_prices":null,"packaging_ids":null,"c_lengte":"","c_breedte":"","c_hoogte":""},"_links":{"self":[{"href":"https:\/\/www.jatu.be\/fr\/wp-json\/wp\/v2\/product\/72115","targetHints":{"allow":["GET"]}}],"collection":[{"href":"https:\/\/www.jatu.be\/fr\/wp-json\/wp\/v2\/product"}],"about":[{"href":"https:\/\/www.jatu.be\/fr\/wp-json\/wp\/v2\/types\/product"}],"version-history":[{"count":1,"href":"https:\/\/www.jatu.be\/fr\/wp-json\/wp\/v2\/product\/72115\/revisions"}],"predecessor-version":[{"id":72116,"href":"https:\/\/www.jatu.be\/fr\/wp-json\/wp\/v2\/product\/72115\/revisions\/72116"}],"wp:featuredmedia":[{"embeddable":true,"href":"https:\/\/www.jatu.be\/fr\/wp-json\/wp\/v2\/media\/72099"}],"wp:attachment":[{"href":"https:\/\/www.jatu.be\/fr\/wp-json\/wp\/v2\/media?parent=72115"}],"wp:term":[{"taxonomy":"product_cat","embeddable":true,"href":"https:\/\/www.jatu.be\/fr\/wp-json\/wp\/v2\/product_cat?post=72115"},{"taxonomy":"product_tag","embeddable":true,"href":"https:\/\/www.jatu.be\/fr\/wp-json\/wp\/v2\/product_tag?post=72115"}],"curies":[{"name":"wp","href":"https:\/\/api.w.org\/{rel}","templated":true}]}}