{"id":47492,"date":"2024-01-10T11:35:19","date_gmt":"2024-01-10T10:35:19","guid":{"rendered":"https:\/\/www.jatu.be\/?post_type=product&#038;p=47492"},"modified":"2026-03-09T09:52:19","modified_gmt":"2026-03-09T08:52:19","slug":"boom-waterzak-ecc-o-bag","status":"publish","type":"product","link":"https:\/\/www.jatu.be\/nl\/product\/boom-waterzak-ecc-o-bag\/","title":{"rendered":"Boom waterzak &#8211; ECC-O-Bag 75 L"},"content":{"rendered":"","protected":false},"excerpt":{"rendered":"<h2>Waterzak voor bomen kopen?<\/h2>\n<p>Ontdek de ECC-O-Bag: de perfecte herbruikbare boomwaterzak voor doeltreffende en gelijkmatige irrigatie, wat leidt tot optimale wateropname door bomen zonder overbodige bodemverzadiging. Dit helpt bomen te beschermen tijdens periodes van extreme droogte. Dankzij het handige ritssysteem is de boom waterzak eenvoudig te installeren en geschikt voor diverse boomdiameters, waarbij meerdere waterzakken kunnen worden gekoppeld. Het gebruikte materiaal is duurzaam, scheurbestendig en bestand tegen UV-straling en weersinvloeden.<\/p>\n<h2>Wanneer waterzak voor boom gebruiken<\/h2>\n<p>De ECC-O-Bag of boom waterzak is ideaal voor gebruik na het planten of verplaatsen van bomen en is tevens geschikt voor het toedienen van vloeibare boommeststoffen.<\/p>\n<h2>Hoe gebruiken<\/h2>\n<p>Vul de ECC-O-Bag \u00e9\u00e9n \u00e0 twee keer per week met 75 liter schoon water om verstopping van de gaatjes te voorkomen.<\/p>\n","protected":false},"featured_media":50889,"template":"","meta":{"_acf_changed":false,"inline_featured_image":false,"footnotes":""},"product_cat":[5344],"product_tag":[],"class_list":{"0":"post-47492","1":"product","2":"type-product","3":"status-publish","4":"has-post-thumbnail","6":"product_cat-boomverzorging","8":"first","9":"instock","10":"taxable","11":"shipping-taxable","12":"purchasable","13":"product-type-variable","14":"has-default-attributes"},"acf":{"woocommerce_erp_id":"19407","woocommerce_cnk_id":"203406","product_density":0,"custom_prices":[{"variation_id":"54109","customer_group":"CON","customer_id":"","min_qty":1,"max_qty":9999999,"steps":1,"price":14.05,"price_incl":17,"delivery_group":"DELIVERY"},{"variation_id":"54109","customer_group":"CON","customer_id":"","min_qty":1,"max_qty":9999999,"steps":1,"price":14.05,"price_incl":17,"delivery_group":"COLLECT"}],"packaging_ids":[{"packaging_name":"Stuk","packaging_id":"7","erp_id":"19407"}],"c_lengte":"","c_breedte":"","c_hoogte":""},"_links":{"self":[{"href":"https:\/\/www.jatu.be\/nl\/wp-json\/wp\/v2\/product\/47492","targetHints":{"allow":["GET"]}}],"collection":[{"href":"https:\/\/www.jatu.be\/nl\/wp-json\/wp\/v2\/product"}],"about":[{"href":"https:\/\/www.jatu.be\/nl\/wp-json\/wp\/v2\/types\/product"}],"version-history":[{"count":5,"href":"https:\/\/www.jatu.be\/nl\/wp-json\/wp\/v2\/product\/47492\/revisions"}],"predecessor-version":[{"id":62192,"href":"https:\/\/www.jatu.be\/nl\/wp-json\/wp\/v2\/product\/47492\/revisions\/62192"}],"wp:featuredmedia":[{"embeddable":true,"href":"https:\/\/www.jatu.be\/nl\/wp-json\/wp\/v2\/media\/50889"}],"wp:attachment":[{"href":"https:\/\/www.jatu.be\/nl\/wp-json\/wp\/v2\/media?parent=47492"}],"wp:term":[{"taxonomy":"product_cat","embeddable":true,"href":"https:\/\/www.jatu.be\/nl\/wp-json\/wp\/v2\/product_cat?post=47492"},{"taxonomy":"product_tag","embeddable":true,"href":"https:\/\/www.jatu.be\/nl\/wp-json\/wp\/v2\/product_tag?post=47492"}],"curies":[{"name":"wp","href":"https:\/\/api.w.org\/{rel}","templated":true}]}}