{"id":55695,"date":"2024-04-02T09:32:43","date_gmt":"2024-04-02T07:32:43","guid":{"rendered":"https:\/\/www.jatu.be\/?post_type=product&#038;p=55695"},"modified":"2026-03-09T09:13:44","modified_gmt":"2026-03-09T08:13:44","slug":"diamur-stabilise-25kg","status":"publish","type":"product","link":"https:\/\/www.jatu.be\/nl\/product\/diamur-stabilise-25kg\/","title":{"rendered":"Diamur Stabilis\u00e9 25kg"},"content":{"rendered":"","protected":false},"excerpt":{"rendered":"<p>Diamur stabilis\u00e9 is een industrieel bereid mengsel van gedroogd, gezeefd en samengesteld zand, een combinatie van bindmiddelen waarbij cement het hoofdbestanddeel is en specifieke hulpstoffen die een gunstige invloed hebben op de verwerkbaarheid. Alle bestanddelen van het mengsel zijn ovendroog en volledig voorgemengd. Diamur stabilis\u00e9 is drager van het CE label.<\/p>\n<h2>Voor wat wordt het gebruikt<\/h2>\n<p>Diamur stabilis\u00e9 is geschikt voor het plaatsen van boorstenen en het inbedden van leidingen.<\/p>\n<h2>Wat is Diamur Stabilis\u00e9<\/h2>\n<p>Diamur stabilis\u00e9 is een droge voorgemengde stabilis\u00e9. Het toevoegen van specifieke hulpstoffen verbetert de verwerkbaarheid en stabiliteit van Diamur stabilis\u00e9. Diamur stabilis\u00e9 vertoont een hoge druksterkte en is licht verwerkbaar. Diamur stabilis\u00e9 heeft door een geoptimaliseerde samenstelling een verhoogde uitlevering (aantal liter vochtige stabilis\u00e9 per verbruikt gewicht droge stabilis\u00e9).<\/p>\n<p>Het is een gebruiksklaar product in poedervorm waarna door toevoeging van water men een aardvochtige of plastische stabilis\u00e9 bekomt met een hoge mechanische weerstand. Diamur stabilis\u00e9 is geen eindlaag.<\/p>\n","protected":false},"featured_media":55712,"template":"","meta":{"_acf_changed":false,"inline_featured_image":false,"footnotes":""},"product_cat":[5342,5341],"product_tag":[],"class_list":{"0":"post-55695","1":"product","2":"type-product","3":"status-publish","4":"has-post-thumbnail","6":"product_cat-beton","7":"product_cat-tuinafboording","9":"first","10":"instock","11":"taxable","12":"shipping-taxable","13":"purchasable","14":"product-type-variable"},"acf":{"woocommerce_erp_id":"4883","woocommerce_cnk_id":"200421","product_density":0,"custom_prices":[{"variation_id":"55696","customer_group":"CON","customer_id":"","min_qty":1,"max_qty":9999999,"steps":1,"price":5.79,"price_incl":7,"delivery_group":"DELIVERY"},{"variation_id":"55696","customer_group":"CON","customer_id":"","min_qty":1,"max_qty":9999999,"steps":1,"price":5.79,"price_incl":7,"delivery_group":"COLLECT"}],"packaging_ids":[{"packaging_name":"Stuk","packaging_id":"7","erp_id":"4883"}],"c_lengte":"","c_breedte":"","c_hoogte":""},"_links":{"self":[{"href":"https:\/\/www.jatu.be\/nl\/wp-json\/wp\/v2\/product\/55695","targetHints":{"allow":["GET"]}}],"collection":[{"href":"https:\/\/www.jatu.be\/nl\/wp-json\/wp\/v2\/product"}],"about":[{"href":"https:\/\/www.jatu.be\/nl\/wp-json\/wp\/v2\/types\/product"}],"version-history":[{"count":5,"href":"https:\/\/www.jatu.be\/nl\/wp-json\/wp\/v2\/product\/55695\/revisions"}],"predecessor-version":[{"id":59406,"href":"https:\/\/www.jatu.be\/nl\/wp-json\/wp\/v2\/product\/55695\/revisions\/59406"}],"wp:featuredmedia":[{"embeddable":true,"href":"https:\/\/www.jatu.be\/nl\/wp-json\/wp\/v2\/media\/55712"}],"wp:attachment":[{"href":"https:\/\/www.jatu.be\/nl\/wp-json\/wp\/v2\/media?parent=55695"}],"wp:term":[{"taxonomy":"product_cat","embeddable":true,"href":"https:\/\/www.jatu.be\/nl\/wp-json\/wp\/v2\/product_cat?post=55695"},{"taxonomy":"product_tag","embeddable":true,"href":"https:\/\/www.jatu.be\/nl\/wp-json\/wp\/v2\/product_tag?post=55695"}],"curies":[{"name":"wp","href":"https:\/\/api.w.org\/{rel}","templated":true}]}}